{"id":4565,"date":"2024-02-01T04:46:24","date_gmt":"2024-02-01T02:46:24","guid":{"rendered":"https:\/\/sante-armenie.flywheelstaging.com\/%d5%bf%d5%a1%d6%80%d5%a5%d5%af%d5%a1%d5%b6-%d5%b0%d5%a1%d5%b7%d5%be%d5%a5%d5%bf%d5%be%d5%b8%d6%82%d5%a9%d5%b5%d5%b8%d6%82%d5%b6\/"},"modified":"2024-07-16T14:30:25","modified_gmt":"2024-07-16T12:30:25","slug":"%d5%bf%d5%a1%d6%80%d5%a5%d5%af%d5%a1%d5%b6-%d5%b0%d5%a1%d5%b7%d5%be%d5%a5%d5%bf%d5%be%d5%b8%d6%82%d5%a9%d5%b5%d5%b8%d6%82%d5%b6","status":"publish","type":"page","link":"https:\/\/www.santearmenie.org\/hy\/%d5%b8%d5%be-%d5%a5%d5%b6%d6%84-%d5%b4%d5%a5%d5%b6%d6%84\/%d5%bf%d5%a1%d6%80%d5%a5%d5%af%d5%a1%d5%b6-%d5%b0%d5%a1%d5%b7%d5%be%d5%a5%d5%bf%d5%be%d5%b8%d6%82%d5%a9%d5%b5%d5%b8%d6%82%d5%b6\/","title":{"rendered":"\u054f\u0561\u0580\u0565\u056f\u0561\u0576 \u0570\u0561\u0577\u057e\u0565\u057f\u057e\u0578\u0582\u0569\u0575\u0578\u0582\u0576"},"content":{"rendered":"\t\t<div data-elementor-type=\"wp-page\" data-elementor-id=\"4565\" class=\"elementor elementor-4565 elementor-869\" data-elementor-post-type=\"page\">\n\t\t\t\t<div class=\"elementor-element elementor-element-d58015c e-con-full e-flex e-con e-parent\" data-id=\"d58015c\" data-element_type=\"container\" data-e-type=\"container\">\n\t\t\t\t<div class=\"elementor-element elementor-element-d5d1f2f elementor-widget elementor-widget-background-hero\" data-id=\"d5d1f2f\" data-element_type=\"widget\" data-e-type=\"widget\" data-widget_type=\"background-hero.default\">\n\t\t\t\t<div class=\"elementor-widget-container\">\n\t\t\t\t\t\n        <section class=\"background-hero-section\">\n            <img decoding=\"async\" src=\"https:\/\/www.santearmenie.org\/wp-content\/uploads\/2024\/03\/Capture-decran-2024-03-11-a-21.22.04-e1710188616803.png\" alt=\"\"\/>\n            <h1 style=\"color: #000\"><\/h1>\n        <\/section>\n        \t\t\t\t<\/div>\n\t\t\t\t<\/div>\n\t\t\t\t<\/div>\n\t\t<div class=\"elementor-element elementor-element-9ed7398 e-flex e-con-boxed e-con e-parent\" data-id=\"9ed7398\" data-element_type=\"container\" data-e-type=\"container\">\n\t\t\t\t\t<div class=\"e-con-inner\">\n\t\t\t\t<div class=\"elementor-element elementor-element-773a7b5 elementor-widget elementor-widget-heading\" data-id=\"773a7b5\" data-element_type=\"widget\" data-e-type=\"widget\" data-widget_type=\"heading.default\">\n\t\t\t\t<div class=\"elementor-widget-container\">\n\t\t\t\t\t<h1 class=\"elementor-heading-title elementor-size-default\">\u00ab\u054d\u0561\u0576\u057f\u0565 \u0531\u0580\u0574\u0565\u0576\u056b\u00bb-\u056b \u0563\u0578\u0580\u056e\u0578\u0582\u0576\u0565\u0578\u0582\u0569\u0575\u0561\u0576 \u0570\u0561\u0577\u057e\u0565\u057f\u057e\u0578\u0582\u0569\u0575\u0578\u0582\u0576\u0576\u0565\u0580 <\/h1>\t\t\t\t<\/div>\n\t\t\t\t<\/div>\n\t\t\t\t\t<\/div>\n\t\t\t\t<\/div>\n\t\t<div class=\"elementor-element elementor-element-5a68861 e-flex e-con-boxed e-con e-parent\" data-id=\"5a68861\" data-element_type=\"container\" data-e-type=\"container\">\n\t\t\t\t\t<div class=\"e-con-inner\">\n\t\t\t\t<div class=\"elementor-element elementor-element-fd78dfa elementor-widget elementor-widget-text-editor\" data-id=\"fd78dfa\" data-element_type=\"widget\" data-e-type=\"widget\" data-widget_type=\"text-editor.default\">\n\t\t\t\t<div class=\"elementor-widget-container\">\n\t\t\t\t\t\t\t\t\t<p>\u053e\u0561\u0576\u0578\u0569\u0561\u0581\u0565\u0584 \u0565\u0582 \u0576\u0565\u0580\u0562\u0565\u057c\u0576\u0565\u0584 \u0574\u0565\u0580 \u057e\u0565\u0580\u057b\u056b\u0576 \u057f\u0561\u0580\u0565\u056f\u0561\u0576 \u0570\u0561\u0577\u057e\u0565\u057f\u057e\u0578\u0582\u0569\u0575\u0578\u0582\u0576\u0576\u0565\u0580\u0568<\/p>\n\t\t\t\t\t\t\t\t<\/div>\n\t\t\t\t<\/div>\n\t\t\t\t\t<\/div>\n\t\t\t\t<\/div>\n\t\t\t\t<\/div>\n\t\t","protected":false},"excerpt":{"rendered":"<p>\u00ab\u054d\u0561\u0576\u057f\u0565 \u0531\u0580\u0574\u0565\u0576\u056b\u00bb-\u056b \u0563\u0578\u0580\u056e\u0578\u0582\u0576\u0565\u0578\u0582\u0569\u0575\u0561\u0576 \u0570\u0561\u0577\u057e\u0565\u057f\u057e\u0578\u0582\u0569\u0575\u0578\u0582\u0576\u0576\u0565\u0580 \u053e\u0561\u0576\u0578\u0569\u0561\u0581\u0565\u0584 \u0565\u0582 \u0576\u0565\u0580\u0562\u0565\u057c\u0576\u0565\u0584 \u0574\u0565\u0580 \u057e\u0565\u0580\u057b\u056b\u0576 \u057f\u0561\u0580\u0565\u056f\u0561\u0576 \u0570\u0561\u0577\u057e\u0565\u057f\u057e\u0578\u0582\u0569\u0575\u0578\u0582\u0576\u0576\u0565\u0580\u0568<\/p>\n","protected":false},"author":5,"featured_media":0,"parent":4572,"menu_order":0,"comment_status":"closed","ping_status":"closed","template":"","meta":{"footnotes":""},"class_list":["post-4565","page","type-page","status-publish","hentry"],"yoast_head":"<!-- This site is optimized with the Yoast SEO plugin v27.3 - https:\/\/yoast.com\/product\/yoast-seo-wordpress\/ -->\n<title>\u00ab\u054d\u0561\u0576\u057f\u0565 \u0531\u0580\u0574\u0565\u0576\u056b\u00bb-\u056b \u0563\u0578\u0580\u056e\u0578\u0582\u0576\u0565\u0578\u0582\u0569\u0575\u0561\u0576 \u0570\u0561\u0577\u057e\u0565\u057f\u057e\u0578\u0582\u0569\u0575\u0578\u0582\u0576\u0576\u0565\u0580<\/title>\n<meta name=\"description\" content=\"\u00ab\u054d\u0561\u0576\u057f\u0565 \u0531\u0580\u0574\u0565\u0576\u056b\u00bb-\u056b \u0563\u0578\u0580\u056e\u0578\u0582\u0576\u0565\u0578\u0582\u0569\u0575\u0561\u0576 \u0574\u0561\u057d\u056b\u0576 \u0574\u0561\u0576\u0580\u0561\u0574\u0561\u057d\u0576\u055d \u0561\u0575\u057d\u057f\u0565\u0572\u0589 \u053e\u0561\u0576\u0578\u0569\u0561\u0581\u0565\u0584 \u0574\u0565\u0580 \u057f\u0561\u0580\u0565\u056f\u0561\u0576 \u0570\u0561\u0577\u057e\u0565\u057f\u057e\u0578\u0582\u0569\u0575\u0578\u0582\u0576\u0576\u0565\u0580\u056b\u0576\" \/>\n<meta name=\"robots\" content=\"index, follow, max-snippet:-1, max-image-preview:large, max-video-preview:-1\" \/>\n<link rel=\"canonical\" href=\"https:\/\/www.santearmenie.org\/hy\/%d5%b8%d5%be-%d5%a5%d5%b6%d6%84-%d5%b4%d5%a5%d5%b6%d6%84\/%d5%bf%d5%a1%d6%80%d5%a5%d5%af%d5%a1%d5%b6-%d5%b0%d5%a1%d5%b7%d5%be%d5%a5%d5%bf%d5%be%d5%b8%d6%82%d5%a9%d5%b5%d5%b8%d6%82%d5%b6\/\" \/>\n<meta property=\"og:locale\" content=\"hy_AM\" \/>\n<meta property=\"og:type\" content=\"article\" \/>\n<meta property=\"og:title\" content=\"\u00ab\u054d\u0561\u0576\u057f\u0565 \u0531\u0580\u0574\u0565\u0576\u056b\u00bb-\u056b \u0563\u0578\u0580\u056e\u0578\u0582\u0576\u0565\u0578\u0582\u0569\u0575\u0561\u0576 \u0570\u0561\u0577\u057e\u0565\u057f\u057e\u0578\u0582\u0569\u0575\u0578\u0582\u0576\u0576\u0565\u0580\" \/>\n<meta property=\"og:description\" content=\"\u00ab\u054d\u0561\u0576\u057f\u0565 \u0531\u0580\u0574\u0565\u0576\u056b\u00bb-\u056b \u0563\u0578\u0580\u056e\u0578\u0582\u0576\u0565\u0578\u0582\u0569\u0575\u0561\u0576 \u0574\u0561\u057d\u056b\u0576 \u0574\u0561\u0576\u0580\u0561\u0574\u0561\u057d\u0576\u055d \u0561\u0575\u057d\u057f\u0565\u0572\u0589 \u053e\u0561\u0576\u0578\u0569\u0561\u0581\u0565\u0584 \u0574\u0565\u0580 \u057f\u0561\u0580\u0565\u056f\u0561\u0576 \u0570\u0561\u0577\u057e\u0565\u057f\u057e\u0578\u0582\u0569\u0575\u0578\u0582\u0576\u0576\u0565\u0580\u056b\u0576\" \/>\n<meta property=\"og:url\" content=\"https:\/\/www.santearmenie.org\/hy\/%d5%b8%d5%be-%d5%a5%d5%b6%d6%84-%d5%b4%d5%a5%d5%b6%d6%84\/%d5%bf%d5%a1%d6%80%d5%a5%d5%af%d5%a1%d5%b6-%d5%b0%d5%a1%d5%b7%d5%be%d5%a5%d5%bf%d5%be%d5%b8%d6%82%d5%a9%d5%b5%d5%b8%d6%82%d5%b6\/\" \/>\n<meta property=\"og:site_name\" content=\"Sante Armenie\" \/>\n<meta property=\"article:modified_time\" content=\"2024-07-16T12:30:25+00:00\" \/>\n<meta property=\"og:image\" content=\"https:\/\/www.santearmenie.org\/wp-content\/uploads\/2024\/03\/Capture-decran-2024-03-11-a-21.22.04-e1710188616803.png\" \/>\n<meta name=\"twitter:card\" content=\"summary_large_image\" \/>\n<script type=\"application\/ld+json\" class=\"yoast-schema-graph\">{\"@context\":\"https:\\\/\\\/schema.org\",\"@graph\":[{\"@type\":\"WebPage\",\"@id\":\"https:\\\/\\\/www.santearmenie.org\\\/hy\\\/%d5%b8%d5%be-%d5%a5%d5%b6%d6%84-%d5%b4%d5%a5%d5%b6%d6%84\\\/%d5%bf%d5%a1%d6%80%d5%a5%d5%af%d5%a1%d5%b6-%d5%b0%d5%a1%d5%b7%d5%be%d5%a5%d5%bf%d5%be%d5%b8%d6%82%d5%a9%d5%b5%d5%b8%d6%82%d5%b6\\\/\",\"url\":\"https:\\\/\\\/www.santearmenie.org\\\/hy\\\/%d5%b8%d5%be-%d5%a5%d5%b6%d6%84-%d5%b4%d5%a5%d5%b6%d6%84\\\/%d5%bf%d5%a1%d6%80%d5%a5%d5%af%d5%a1%d5%b6-%d5%b0%d5%a1%d5%b7%d5%be%d5%a5%d5%bf%d5%be%d5%b8%d6%82%d5%a9%d5%b5%d5%b8%d6%82%d5%b6\\\/\",\"name\":\"\u00ab\u054d\u0561\u0576\u057f\u0565 \u0531\u0580\u0574\u0565\u0576\u056b\u00bb-\u056b \u0563\u0578\u0580\u056e\u0578\u0582\u0576\u0565\u0578\u0582\u0569\u0575\u0561\u0576 \u0570\u0561\u0577\u057e\u0565\u057f\u057e\u0578\u0582\u0569\u0575\u0578\u0582\u0576\u0576\u0565\u0580\",\"isPartOf\":{\"@id\":\"https:\\\/\\\/www.santearmenie.org\\\/hy\\\/#website\"},\"primaryImageOfPage\":{\"@id\":\"https:\\\/\\\/www.santearmenie.org\\\/hy\\\/%d5%b8%d5%be-%d5%a5%d5%b6%d6%84-%d5%b4%d5%a5%d5%b6%d6%84\\\/%d5%bf%d5%a1%d6%80%d5%a5%d5%af%d5%a1%d5%b6-%d5%b0%d5%a1%d5%b7%d5%be%d5%a5%d5%bf%d5%be%d5%b8%d6%82%d5%a9%d5%b5%d5%b8%d6%82%d5%b6\\\/#primaryimage\"},\"image\":{\"@id\":\"https:\\\/\\\/www.santearmenie.org\\\/hy\\\/%d5%b8%d5%be-%d5%a5%d5%b6%d6%84-%d5%b4%d5%a5%d5%b6%d6%84\\\/%d5%bf%d5%a1%d6%80%d5%a5%d5%af%d5%a1%d5%b6-%d5%b0%d5%a1%d5%b7%d5%be%d5%a5%d5%bf%d5%be%d5%b8%d6%82%d5%a9%d5%b5%d5%b8%d6%82%d5%b6\\\/#primaryimage\"},\"thumbnailUrl\":\"https:\\\/\\\/www.santearmenie.org\\\/wp-content\\\/uploads\\\/2024\\\/03\\\/Capture-decran-2024-03-11-a-21.22.04-e1710188616803.png\",\"datePublished\":\"2024-02-01T02:46:24+00:00\",\"dateModified\":\"2024-07-16T12:30:25+00:00\",\"description\":\"\u00ab\u054d\u0561\u0576\u057f\u0565 \u0531\u0580\u0574\u0565\u0576\u056b\u00bb-\u056b \u0563\u0578\u0580\u056e\u0578\u0582\u0576\u0565\u0578\u0582\u0569\u0575\u0561\u0576 \u0574\u0561\u057d\u056b\u0576 \u0574\u0561\u0576\u0580\u0561\u0574\u0561\u057d\u0576\u055d \u0561\u0575\u057d\u057f\u0565\u0572\u0589 \u053e\u0561\u0576\u0578\u0569\u0561\u0581\u0565\u0584 \u0574\u0565\u0580 \u057f\u0561\u0580\u0565\u056f\u0561\u0576 \u0570\u0561\u0577\u057e\u0565\u057f\u057e\u0578\u0582\u0569\u0575\u0578\u0582\u0576\u0576\u0565\u0580\u056b\u0576\",\"breadcrumb\":{\"@id\":\"https:\\\/\\\/www.santearmenie.org\\\/hy\\\/%d5%b8%d5%be-%d5%a5%d5%b6%d6%84-%d5%b4%d5%a5%d5%b6%d6%84\\\/%d5%bf%d5%a1%d6%80%d5%a5%d5%af%d5%a1%d5%b6-%d5%b0%d5%a1%d5%b7%d5%be%d5%a5%d5%bf%d5%be%d5%b8%d6%82%d5%a9%d5%b5%d5%b8%d6%82%d5%b6\\\/#breadcrumb\"},\"inLanguage\":\"hy-AM\",\"potentialAction\":[{\"@type\":\"ReadAction\",\"target\":[\"https:\\\/\\\/www.santearmenie.org\\\/hy\\\/%d5%b8%d5%be-%d5%a5%d5%b6%d6%84-%d5%b4%d5%a5%d5%b6%d6%84\\\/%d5%bf%d5%a1%d6%80%d5%a5%d5%af%d5%a1%d5%b6-%d5%b0%d5%a1%d5%b7%d5%be%d5%a5%d5%bf%d5%be%d5%b8%d6%82%d5%a9%d5%b5%d5%b8%d6%82%d5%b6\\\/\"]}]},{\"@type\":\"ImageObject\",\"inLanguage\":\"hy-AM\",\"@id\":\"https:\\\/\\\/www.santearmenie.org\\\/hy\\\/%d5%b8%d5%be-%d5%a5%d5%b6%d6%84-%d5%b4%d5%a5%d5%b6%d6%84\\\/%d5%bf%d5%a1%d6%80%d5%a5%d5%af%d5%a1%d5%b6-%d5%b0%d5%a1%d5%b7%d5%be%d5%a5%d5%bf%d5%be%d5%b8%d6%82%d5%a9%d5%b5%d5%b8%d6%82%d5%b6\\\/#primaryimage\",\"url\":\"https:\\\/\\\/www.santearmenie.org\\\/wp-content\\\/uploads\\\/2024\\\/03\\\/Capture-decran-2024-03-11-a-21.22.04-e1710188616803.png\",\"contentUrl\":\"https:\\\/\\\/www.santearmenie.org\\\/wp-content\\\/uploads\\\/2024\\\/03\\\/Capture-decran-2024-03-11-a-21.22.04-e1710188616803.png\"},{\"@type\":\"BreadcrumbList\",\"@id\":\"https:\\\/\\\/www.santearmenie.org\\\/hy\\\/%d5%b8%d5%be-%d5%a5%d5%b6%d6%84-%d5%b4%d5%a5%d5%b6%d6%84\\\/%d5%bf%d5%a1%d6%80%d5%a5%d5%af%d5%a1%d5%b6-%d5%b0%d5%a1%d5%b7%d5%be%d5%a5%d5%bf%d5%be%d5%b8%d6%82%d5%a9%d5%b5%d5%b8%d6%82%d5%b6\\\/#breadcrumb\",\"itemListElement\":[{\"@type\":\"ListItem\",\"position\":1,\"name\":\"Home\",\"item\":\"https:\\\/\\\/www.santearmenie.org\\\/hy\\\/\"},{\"@type\":\"ListItem\",\"position\":2,\"name\":\"\u054f\u0561\u0580\u0565\u056f\u0561\u0576 \u0570\u0561\u0577\u057e\u0565\u057f\u057e\u0578\u0582\u0569\u0575\u0578\u0582\u0576\"}]},{\"@type\":\"WebSite\",\"@id\":\"https:\\\/\\\/www.santearmenie.org\\\/hy\\\/#website\",\"url\":\"https:\\\/\\\/www.santearmenie.org\\\/hy\\\/\",\"name\":\"Sante Armenie\",\"description\":\"Sant\u00e9 Arm\u00e9nie est une association loi 1901 r\u00e9unissant des professionnels de sant\u00e9 et autres volontaires europ\u00e9ens qui se sont donn\u00e9s pour objectif de participer au d\u00e9veloppement sur le long terme du syst\u00e8me de sant\u00e9 arm\u00e9nien. Sant\u00e9 Arm\u00e9nie a \u00e9t\u00e9 cr\u00e9\u00e9e \u00e0 la suite de la guerre de 2020 en Artsakh et entreprend depuis lors de nombreux projets touchant diff\u00e9rents aspects du secteur de sant\u00e9 arm\u00e9nien.\",\"publisher\":{\"@id\":\"https:\\\/\\\/www.santearmenie.org\\\/hy\\\/#organization\"},\"potentialAction\":[{\"@type\":\"SearchAction\",\"target\":{\"@type\":\"EntryPoint\",\"urlTemplate\":\"https:\\\/\\\/www.santearmenie.org\\\/hy\\\/?s={search_term_string}\"},\"query-input\":{\"@type\":\"PropertyValueSpecification\",\"valueRequired\":true,\"valueName\":\"search_term_string\"}}],\"inLanguage\":\"hy-AM\"},{\"@type\":\"Organization\",\"@id\":\"https:\\\/\\\/www.santearmenie.org\\\/hy\\\/#organization\",\"name\":\"Sante Armenie\",\"url\":\"https:\\\/\\\/www.santearmenie.org\\\/hy\\\/\",\"logo\":{\"@type\":\"ImageObject\",\"inLanguage\":\"hy-AM\",\"@id\":\"https:\\\/\\\/www.santearmenie.org\\\/hy\\\/#\\\/schema\\\/logo\\\/image\\\/\",\"url\":\"https:\\\/\\\/www.santearmenie.org\\\/wp-content\\\/uploads\\\/2025\\\/08\\\/cropped-Logo-Sante-Armenie-blanc-BD.png\",\"contentUrl\":\"https:\\\/\\\/www.santearmenie.org\\\/wp-content\\\/uploads\\\/2025\\\/08\\\/cropped-Logo-Sante-Armenie-blanc-BD.png\",\"width\":784,\"height\":528,\"caption\":\"Sante Armenie\"},\"image\":{\"@id\":\"https:\\\/\\\/www.santearmenie.org\\\/hy\\\/#\\\/schema\\\/logo\\\/image\\\/\"}}]}<\/script>\n<!-- \/ Yoast SEO plugin. -->","yoast_head_json":{"title":"\u00ab\u054d\u0561\u0576\u057f\u0565 \u0531\u0580\u0574\u0565\u0576\u056b\u00bb-\u056b \u0563\u0578\u0580\u056e\u0578\u0582\u0576\u0565\u0578\u0582\u0569\u0575\u0561\u0576 \u0570\u0561\u0577\u057e\u0565\u057f\u057e\u0578\u0582\u0569\u0575\u0578\u0582\u0576\u0576\u0565\u0580","description":"\u00ab\u054d\u0561\u0576\u057f\u0565 \u0531\u0580\u0574\u0565\u0576\u056b\u00bb-\u056b \u0563\u0578\u0580\u056e\u0578\u0582\u0576\u0565\u0578\u0582\u0569\u0575\u0561\u0576 \u0574\u0561\u057d\u056b\u0576 \u0574\u0561\u0576\u0580\u0561\u0574\u0561\u057d\u0576\u055d \u0561\u0575\u057d\u057f\u0565\u0572\u0589 \u053e\u0561\u0576\u0578\u0569\u0561\u0581\u0565\u0584 \u0574\u0565\u0580 \u057f\u0561\u0580\u0565\u056f\u0561\u0576 \u0570\u0561\u0577\u057e\u0565\u057f\u057e\u0578\u0582\u0569\u0575\u0578\u0582\u0576\u0576\u0565\u0580\u056b\u0576","robots":{"index":"index","follow":"follow","max-snippet":"max-snippet:-1","max-image-preview":"max-image-preview:large","max-video-preview":"max-video-preview:-1"},"canonical":"https:\/\/www.santearmenie.org\/hy\/%d5%b8%d5%be-%d5%a5%d5%b6%d6%84-%d5%b4%d5%a5%d5%b6%d6%84\/%d5%bf%d5%a1%d6%80%d5%a5%d5%af%d5%a1%d5%b6-%d5%b0%d5%a1%d5%b7%d5%be%d5%a5%d5%bf%d5%be%d5%b8%d6%82%d5%a9%d5%b5%d5%b8%d6%82%d5%b6\/","og_locale":"hy_AM","og_type":"article","og_title":"\u00ab\u054d\u0561\u0576\u057f\u0565 \u0531\u0580\u0574\u0565\u0576\u056b\u00bb-\u056b \u0563\u0578\u0580\u056e\u0578\u0582\u0576\u0565\u0578\u0582\u0569\u0575\u0561\u0576 \u0570\u0561\u0577\u057e\u0565\u057f\u057e\u0578\u0582\u0569\u0575\u0578\u0582\u0576\u0576\u0565\u0580","og_description":"\u00ab\u054d\u0561\u0576\u057f\u0565 \u0531\u0580\u0574\u0565\u0576\u056b\u00bb-\u056b \u0563\u0578\u0580\u056e\u0578\u0582\u0576\u0565\u0578\u0582\u0569\u0575\u0561\u0576 \u0574\u0561\u057d\u056b\u0576 \u0574\u0561\u0576\u0580\u0561\u0574\u0561\u057d\u0576\u055d \u0561\u0575\u057d\u057f\u0565\u0572\u0589 \u053e\u0561\u0576\u0578\u0569\u0561\u0581\u0565\u0584 \u0574\u0565\u0580 \u057f\u0561\u0580\u0565\u056f\u0561\u0576 \u0570\u0561\u0577\u057e\u0565\u057f\u057e\u0578\u0582\u0569\u0575\u0578\u0582\u0576\u0576\u0565\u0580\u056b\u0576","og_url":"https:\/\/www.santearmenie.org\/hy\/%d5%b8%d5%be-%d5%a5%d5%b6%d6%84-%d5%b4%d5%a5%d5%b6%d6%84\/%d5%bf%d5%a1%d6%80%d5%a5%d5%af%d5%a1%d5%b6-%d5%b0%d5%a1%d5%b7%d5%be%d5%a5%d5%bf%d5%be%d5%b8%d6%82%d5%a9%d5%b5%d5%b8%d6%82%d5%b6\/","og_site_name":"Sante Armenie","article_modified_time":"2024-07-16T12:30:25+00:00","og_image":[{"url":"https:\/\/www.santearmenie.org\/wp-content\/uploads\/2024\/03\/Capture-decran-2024-03-11-a-21.22.04-e1710188616803.png","type":"","width":"","height":""}],"twitter_card":"summary_large_image","schema":{"@context":"https:\/\/schema.org","@graph":[{"@type":"WebPage","@id":"https:\/\/www.santearmenie.org\/hy\/%d5%b8%d5%be-%d5%a5%d5%b6%d6%84-%d5%b4%d5%a5%d5%b6%d6%84\/%d5%bf%d5%a1%d6%80%d5%a5%d5%af%d5%a1%d5%b6-%d5%b0%d5%a1%d5%b7%d5%be%d5%a5%d5%bf%d5%be%d5%b8%d6%82%d5%a9%d5%b5%d5%b8%d6%82%d5%b6\/","url":"https:\/\/www.santearmenie.org\/hy\/%d5%b8%d5%be-%d5%a5%d5%b6%d6%84-%d5%b4%d5%a5%d5%b6%d6%84\/%d5%bf%d5%a1%d6%80%d5%a5%d5%af%d5%a1%d5%b6-%d5%b0%d5%a1%d5%b7%d5%be%d5%a5%d5%bf%d5%be%d5%b8%d6%82%d5%a9%d5%b5%d5%b8%d6%82%d5%b6\/","name":"\u00ab\u054d\u0561\u0576\u057f\u0565 \u0531\u0580\u0574\u0565\u0576\u056b\u00bb-\u056b \u0563\u0578\u0580\u056e\u0578\u0582\u0576\u0565\u0578\u0582\u0569\u0575\u0561\u0576 \u0570\u0561\u0577\u057e\u0565\u057f\u057e\u0578\u0582\u0569\u0575\u0578\u0582\u0576\u0576\u0565\u0580","isPartOf":{"@id":"https:\/\/www.santearmenie.org\/hy\/#website"},"primaryImageOfPage":{"@id":"https:\/\/www.santearmenie.org\/hy\/%d5%b8%d5%be-%d5%a5%d5%b6%d6%84-%d5%b4%d5%a5%d5%b6%d6%84\/%d5%bf%d5%a1%d6%80%d5%a5%d5%af%d5%a1%d5%b6-%d5%b0%d5%a1%d5%b7%d5%be%d5%a5%d5%bf%d5%be%d5%b8%d6%82%d5%a9%d5%b5%d5%b8%d6%82%d5%b6\/#primaryimage"},"image":{"@id":"https:\/\/www.santearmenie.org\/hy\/%d5%b8%d5%be-%d5%a5%d5%b6%d6%84-%d5%b4%d5%a5%d5%b6%d6%84\/%d5%bf%d5%a1%d6%80%d5%a5%d5%af%d5%a1%d5%b6-%d5%b0%d5%a1%d5%b7%d5%be%d5%a5%d5%bf%d5%be%d5%b8%d6%82%d5%a9%d5%b5%d5%b8%d6%82%d5%b6\/#primaryimage"},"thumbnailUrl":"https:\/\/www.santearmenie.org\/wp-content\/uploads\/2024\/03\/Capture-decran-2024-03-11-a-21.22.04-e1710188616803.png","datePublished":"2024-02-01T02:46:24+00:00","dateModified":"2024-07-16T12:30:25+00:00","description":"\u00ab\u054d\u0561\u0576\u057f\u0565 \u0531\u0580\u0574\u0565\u0576\u056b\u00bb-\u056b \u0563\u0578\u0580\u056e\u0578\u0582\u0576\u0565\u0578\u0582\u0569\u0575\u0561\u0576 \u0574\u0561\u057d\u056b\u0576 \u0574\u0561\u0576\u0580\u0561\u0574\u0561\u057d\u0576\u055d \u0561\u0575\u057d\u057f\u0565\u0572\u0589 \u053e\u0561\u0576\u0578\u0569\u0561\u0581\u0565\u0584 \u0574\u0565\u0580 \u057f\u0561\u0580\u0565\u056f\u0561\u0576 \u0570\u0561\u0577\u057e\u0565\u057f\u057e\u0578\u0582\u0569\u0575\u0578\u0582\u0576\u0576\u0565\u0580\u056b\u0576","breadcrumb":{"@id":"https:\/\/www.santearmenie.org\/hy\/%d5%b8%d5%be-%d5%a5%d5%b6%d6%84-%d5%b4%d5%a5%d5%b6%d6%84\/%d5%bf%d5%a1%d6%80%d5%a5%d5%af%d5%a1%d5%b6-%d5%b0%d5%a1%d5%b7%d5%be%d5%a5%d5%bf%d5%be%d5%b8%d6%82%d5%a9%d5%b5%d5%b8%d6%82%d5%b6\/#breadcrumb"},"inLanguage":"hy-AM","potentialAction":[{"@type":"ReadAction","target":["https:\/\/www.santearmenie.org\/hy\/%d5%b8%d5%be-%d5%a5%d5%b6%d6%84-%d5%b4%d5%a5%d5%b6%d6%84\/%d5%bf%d5%a1%d6%80%d5%a5%d5%af%d5%a1%d5%b6-%d5%b0%d5%a1%d5%b7%d5%be%d5%a5%d5%bf%d5%be%d5%b8%d6%82%d5%a9%d5%b5%d5%b8%d6%82%d5%b6\/"]}]},{"@type":"ImageObject","inLanguage":"hy-AM","@id":"https:\/\/www.santearmenie.org\/hy\/%d5%b8%d5%be-%d5%a5%d5%b6%d6%84-%d5%b4%d5%a5%d5%b6%d6%84\/%d5%bf%d5%a1%d6%80%d5%a5%d5%af%d5%a1%d5%b6-%d5%b0%d5%a1%d5%b7%d5%be%d5%a5%d5%bf%d5%be%d5%b8%d6%82%d5%a9%d5%b5%d5%b8%d6%82%d5%b6\/#primaryimage","url":"https:\/\/www.santearmenie.org\/wp-content\/uploads\/2024\/03\/Capture-decran-2024-03-11-a-21.22.04-e1710188616803.png","contentUrl":"https:\/\/www.santearmenie.org\/wp-content\/uploads\/2024\/03\/Capture-decran-2024-03-11-a-21.22.04-e1710188616803.png"},{"@type":"BreadcrumbList","@id":"https:\/\/www.santearmenie.org\/hy\/%d5%b8%d5%be-%d5%a5%d5%b6%d6%84-%d5%b4%d5%a5%d5%b6%d6%84\/%d5%bf%d5%a1%d6%80%d5%a5%d5%af%d5%a1%d5%b6-%d5%b0%d5%a1%d5%b7%d5%be%d5%a5%d5%bf%d5%be%d5%b8%d6%82%d5%a9%d5%b5%d5%b8%d6%82%d5%b6\/#breadcrumb","itemListElement":[{"@type":"ListItem","position":1,"name":"Home","item":"https:\/\/www.santearmenie.org\/hy\/"},{"@type":"ListItem","position":2,"name":"\u054f\u0561\u0580\u0565\u056f\u0561\u0576 \u0570\u0561\u0577\u057e\u0565\u057f\u057e\u0578\u0582\u0569\u0575\u0578\u0582\u0576"}]},{"@type":"WebSite","@id":"https:\/\/www.santearmenie.org\/hy\/#website","url":"https:\/\/www.santearmenie.org\/hy\/","name":"Sante Armenie","description":"Sant\u00e9 Arm\u00e9nie est une association loi 1901 r\u00e9unissant des professionnels de sant\u00e9 et autres volontaires europ\u00e9ens qui se sont donn\u00e9s pour objectif de participer au d\u00e9veloppement sur le long terme du syst\u00e8me de sant\u00e9 arm\u00e9nien. Sant\u00e9 Arm\u00e9nie a \u00e9t\u00e9 cr\u00e9\u00e9e \u00e0 la suite de la guerre de 2020 en Artsakh et entreprend depuis lors de nombreux projets touchant diff\u00e9rents aspects du secteur de sant\u00e9 arm\u00e9nien.","publisher":{"@id":"https:\/\/www.santearmenie.org\/hy\/#organization"},"potentialAction":[{"@type":"SearchAction","target":{"@type":"EntryPoint","urlTemplate":"https:\/\/www.santearmenie.org\/hy\/?s={search_term_string}"},"query-input":{"@type":"PropertyValueSpecification","valueRequired":true,"valueName":"search_term_string"}}],"inLanguage":"hy-AM"},{"@type":"Organization","@id":"https:\/\/www.santearmenie.org\/hy\/#organization","name":"Sante Armenie","url":"https:\/\/www.santearmenie.org\/hy\/","logo":{"@type":"ImageObject","inLanguage":"hy-AM","@id":"https:\/\/www.santearmenie.org\/hy\/#\/schema\/logo\/image\/","url":"https:\/\/www.santearmenie.org\/wp-content\/uploads\/2025\/08\/cropped-Logo-Sante-Armenie-blanc-BD.png","contentUrl":"https:\/\/www.santearmenie.org\/wp-content\/uploads\/2025\/08\/cropped-Logo-Sante-Armenie-blanc-BD.png","width":784,"height":528,"caption":"Sante Armenie"},"image":{"@id":"https:\/\/www.santearmenie.org\/hy\/#\/schema\/logo\/image\/"}}]}},"_links":{"self":[{"href":"https:\/\/www.santearmenie.org\/hy\/wp-json\/wp\/v2\/pages\/4565","targetHints":{"allow":["GET"]}}],"collection":[{"href":"https:\/\/www.santearmenie.org\/hy\/wp-json\/wp\/v2\/pages"}],"about":[{"href":"https:\/\/www.santearmenie.org\/hy\/wp-json\/wp\/v2\/types\/page"}],"author":[{"embeddable":true,"href":"https:\/\/www.santearmenie.org\/hy\/wp-json\/wp\/v2\/users\/5"}],"replies":[{"embeddable":true,"href":"https:\/\/www.santearmenie.org\/hy\/wp-json\/wp\/v2\/comments?post=4565"}],"version-history":[{"count":3,"href":"https:\/\/www.santearmenie.org\/hy\/wp-json\/wp\/v2\/pages\/4565\/revisions"}],"predecessor-version":[{"id":4904,"href":"https:\/\/www.santearmenie.org\/hy\/wp-json\/wp\/v2\/pages\/4565\/revisions\/4904"}],"up":[{"embeddable":true,"href":"https:\/\/www.santearmenie.org\/hy\/wp-json\/wp\/v2\/pages\/4572"}],"wp:attachment":[{"href":"https:\/\/www.santearmenie.org\/hy\/wp-json\/wp\/v2\/media?parent=4565"}],"curies":[{"name":"wp","href":"https:\/\/api.w.org\/{rel}","templated":true}]}}