{"id":4514,"date":"2023-11-22T12:47:23","date_gmt":"2023-11-22T11:47:23","guid":{"rendered":"https:\/\/sante-armenie.flywheelstaging.com\/%d5%ab%d5%b6%d5%b9%d5%ba%d5%a5%d5%9e%d5%bd-%d5%b4%d5%a5%d5%a6-%d5%a1%d5%bb%d5%a1%d5%af%d6%81%d5%a5%d5%ac\/"},"modified":"2026-03-27T21:46:27","modified_gmt":"2026-03-27T20:46:27","slug":"%d5%b4%d5%a5%d5%a6-%d5%a1%d5%bb%d5%a1%d5%af%d6%81%d5%a5%d5%ac","status":"publish","type":"page","link":"https:\/\/www.santearmenie.org\/hy\/%d5%b4%d5%a5%d5%a6-%d5%a1%d5%bb%d5%a1%d5%af%d6%81%d5%a5%d5%ac\/","title":{"rendered":"\u053b\u0576\u0579\u057a\u0565\u055e\u057d \u056f\u0561\u057f\u0561\u0580\u0565\u056c \u0576\u057e\u056b\u0580\u0561\u057f\u057e\u0578\u0582\u0569\u0575\u0578\u0582\u0576"},"content":{"rendered":"\t\t<div data-elementor-type=\"wp-page\" data-elementor-id=\"4514\" class=\"elementor elementor-4514 elementor-541\" data-elementor-post-type=\"page\">\n\t\t\t\t<div class=\"elementor-element elementor-element-930892d e-con-full e-flex e-con e-parent\" data-id=\"930892d\" data-element_type=\"container\" data-e-type=\"container\">\n\t\t\t\t<div class=\"elementor-element elementor-element-16b0eef elementor-widget elementor-widget-background-hero\" data-id=\"16b0eef\" data-element_type=\"widget\" data-e-type=\"widget\" data-widget_type=\"background-hero.default\">\n\t\t\t\t<div class=\"elementor-widget-container\">\n\t\t\t\t\t\n        <section class=\"background-hero-section\">\n            <img decoding=\"async\" src=\"https:\/\/www.santearmenie.org\/wp-content\/uploads\/2024\/03\/30-teamwork-resize.jpg\" alt=\"\"\/>\n            <h1 style=\"color: #000\"><\/h1>\n        <\/section>\n        \t\t\t\t<\/div>\n\t\t\t\t<\/div>\n\t\t\t\t<\/div>\n\t\t<div class=\"elementor-element elementor-element-2accaad e-flex e-con-boxed e-con e-parent\" data-id=\"2accaad\" data-element_type=\"container\" data-e-type=\"container\">\n\t\t\t\t\t<div class=\"e-con-inner\">\n\t\t\t\t<div class=\"elementor-element elementor-element-5ad6eff elementor-widget elementor-widget-heading\" data-id=\"5ad6eff\" data-element_type=\"widget\" data-e-type=\"widget\" data-widget_type=\"heading.default\">\n\t\t\t\t<div class=\"elementor-widget-container\">\n\t\t\t\t\t<h1 class=\"elementor-heading-title elementor-size-default\">\u053b\u0576\u0579\u057a\u0565\u055e\u057d \u056f\u0561\u057f\u0561\u0580\u0565\u056c \u0576\u057e\u056b\u0580\u0561\u057f\u057e\u0578\u0582\u0569\u0575\u0578\u0582\u0576\n<\/h1>\t\t\t\t<\/div>\n\t\t\t\t<\/div>\n\t\t\t\t\t<\/div>\n\t\t\t\t<\/div>\n\t\t<div class=\"elementor-element elementor-element-5e9a562 e-flex e-con-boxed e-con e-parent\" data-id=\"5e9a562\" data-element_type=\"container\" data-e-type=\"container\">\n\t\t\t\t\t<div class=\"e-con-inner\">\n\t\t\t\t<div class=\"elementor-element elementor-element-b0a988a elementor-widget elementor-widget-text-editor\" data-id=\"b0a988a\" data-element_type=\"widget\" data-e-type=\"widget\" data-widget_type=\"text-editor.default\">\n\t\t\t\t<div class=\"elementor-widget-container\">\n\t\t\t\t\t\t\t\t\t<p><span style=\"font-weight: 400;\">\u054d\u0561\u0576\u057f\u0565 \u0531\u0580\u0574\u0565\u0576\u056b\u00bb-\u0576 \u0563\u0578\u0580\u056e\u0578\u0582\u0574 \u0567 \u056b \u0576\u057a\u0561\u057d\u057f \u0540\u0561\u0575\u0561\u057d\u057f\u0561\u0576\u056b \u0561\u057c\u0578\u0572\u057b\u0561\u057a\u0561\u0570\u0561\u056f\u0561\u0576 \u0570\u0561\u0574\u0561\u056f\u0561\u0580\u0563\u056b \u0566\u0561\u0580\u0563\u0561\u0581\u0574\u0561\u0576 \u0574\u056b\u0561\u0575\u0576 \u0577\u0576\u0578\u0580\u0570\u056b\u057e \u056b\u0580 \u056f\u0561\u0574\u0561\u057e\u0578\u0580 \u0561\u0576\u0564\u0561\u0574\u0576\u0565\u0580\u056b \u0570\u0561\u0576\u0571\u0576\u0561\u057c\u0578\u0582\u0569\u0575\u0561\u0576 \u0587 \u056b\u0580 \u0563\u0578\u0580\u056e\u0568\u0576\u056f\u0565\u0580\u0576\u0565\u0580\u056b \u0578\u0582 \u0561\u0576\u0570\u0561\u057f \u0576\u057e\u056b\u0580\u0561\u057f\u0578\u0582\u0576\u0565\u0580\u056b \u0561\u057b\u0561\u056f\u0581\u0578\u0582\u0569\u0575\u0561\u0576: \u0534\u0578\u0582\u0584 \u0587\u057d \u0561\u057b\u0561\u056f\u0581\u0565\u0584 \u0574\u0565\u0566: \u0544\u056b\u0561\u0581\u0565\u055b\u0584 \u0574\u0565\u0580 \u0561\u0577\u056d\u0561\u057f\u0561\u0576\u0584\u056b\u0576, \u056f\u0561\u057f\u0561\u0580\u0565\u055b\u0584 \u0576\u057e\u056b\u0580\u0561\u057f\u057e\u0578\u0582\u0569\u0575\u0578\u0582\u0576, \u0574\u0561\u057d\u0576\u0561\u056f\u0581\u0565\u055b\u0584 \u0540\u0561\u0575\u0561\u057d\u057f\u0561\u0576\u056b \u0566\u0561\u0580\u0563\u0561\u0581\u0574\u0561\u0576\u0568\u0589 \u0541\u0565\u0580 \u0561\u057c\u0561\u057f\u0561\u0571\u0565\u057c\u0576\u0578\u0582\u0569\u0575\u0578\u0582\u0576\u0568 \u056f\u0561\u0580\u0578\u0572 \u0567 \u0578\u0580\u0578\u0577\u056b\u0579 \u056c\u056b\u0576\u0565\u056c:<\/span><\/p>\n\t\t\t\t\t\t\t\t<\/div>\n\t\t\t\t<\/div>\n\t\t\t\t\t<\/div>\n\t\t\t\t<\/div>\n\t\t<div class=\"elementor-element elementor-element-5b5a4c8 e-flex e-con-boxed e-con e-parent\" data-id=\"5b5a4c8\" data-element_type=\"container\" data-e-type=\"container\">\n\t\t\t\t\t<div class=\"e-con-inner\">\n\t\t\t\t<div class=\"elementor-element elementor-element-a778908 elementor-widget elementor-widget-side-by-side\" data-id=\"a778908\" data-element_type=\"widget\" data-e-type=\"widget\" data-widget_type=\"side-by-side.default\">\n\t\t\t\t<div class=\"elementor-widget-container\">\n\t\t\t\t\t\n        <section class=\"side-by-side-section mt-5 mt-md-0\">\n            <div class=\"side-by-side-content image-right d-flex justify-content-center align-items-center image-left\">\n                <div class=\"text-section col-12 col-md-6 text-center text-md-start\">\n                                        <div class=\"paragraph\"><p><span style=\"color: #e30613\"><strong>\u0535\u057d \u0576\u057e\u056b\u0580\u0561\u0562\u0565\u0580\u0578\u0582\u0574 \u0565\u0574 \u00ab\u054d\u0561\u0576\u057f\u0565 \u0531\u0580\u0574\u0565\u0576\u056b\u00bb-\u056b\u0576<\/strong> <\/span><\/p><p>\u0553\u0578\u056d\u0561\u0576\u0581\u0578\u0582\u0574 \u056f\u0561\u0580\u0578\u0572 \u0565\u0584 \u056f\u0561\u057f\u0561\u0580\u0565\u056c \u0570\u0565\u057f\u0587\u0575\u0561\u056c \u0570\u0561\u0577\u057e\u0565\u0570\u0561\u0574\u0561\u0580\u056b\u0576\u055d<\/p><p>1570 0739 0808 0100<\/p><p>\u0532\u0561\u0576\u056f\u055d \u0531\u0574\u0565\u0580\u056b\u0561\u0562\u0561\u0576\u056f<\/p><p>SWIFT : ARMIAM22<\/p><p>\u054d\u057f\u0561\u0581\u0578\u0572\u055d<\/p><p>\u00ab \u0556\u0580\u0561\u0576\u057d-\u0540\u0561\u0575\u056f\u0561\u056f\u0561\u0576 \u0531\u057c\u0578\u0572\u057b\u0561\u057a\u0561\u0570\u0561\u056f\u0561\u0576 \u0540\u056b\u0574\u0576\u0561\u0564\u0580\u0561\u0574 \u00bb \u0570\u056b\u0574\u0576\u0561\u0564\u0580\u0561\u0574<\/p><p>(\u0540\u054e\u0540\u0540\u00a0\u00a0 02843409)<\/p><\/div>\n                <\/div>\n                <div class=\"image-section col-12 col-md-6\">\n                    <div class=\"red-bg d-flex\">\n                        <img decoding=\"async\" src=\"https:\/\/www.santearmenie.org\/wp-content\/uploads\/2024\/02\/18-Donation-scaled.jpg\" alt=\"\">\n                    <\/div>\n                <\/div>\n            <\/div>\n        <\/section>\n        \t\t\t\t<\/div>\n\t\t\t\t<\/div>\n\t\t\t\t\t<\/div>\n\t\t\t\t<\/div>\n\t\t<div class=\"elementor-element elementor-element-da2206f e-flex e-con-boxed e-con e-parent\" data-id=\"da2206f\" data-element_type=\"container\" data-e-type=\"container\">\n\t\t\t\t\t<div class=\"e-con-inner\">\n\t\t\t\t\t<\/div>\n\t\t\t\t<\/div>\n\t\t\t\t<\/div>\n\t\t","protected":false},"excerpt":{"rendered":"<p>\u053b\u0576\u0579\u057a\u0565\u055e\u057d \u056f\u0561\u057f\u0561\u0580\u0565\u056c \u0576\u057e\u056b\u0580\u0561\u057f\u057e\u0578\u0582\u0569\u0575\u0578\u0582\u0576 \u054d\u0561\u0576\u057f\u0565 \u0531\u0580\u0574\u0565\u0576\u056b\u00bb-\u0576 \u0563\u0578\u0580\u056e\u0578\u0582\u0574 \u0567 \u056b \u0576\u057a\u0561\u057d\u057f \u0540\u0561\u0575\u0561\u057d\u057f\u0561\u0576\u056b \u0561\u057c\u0578\u0572\u057b\u0561\u057a\u0561\u0570\u0561\u056f\u0561\u0576 \u0570\u0561\u0574\u0561\u056f\u0561\u0580\u0563\u056b \u0566\u0561\u0580\u0563\u0561\u0581\u0574\u0561\u0576 \u0574\u056b\u0561\u0575\u0576 \u0577\u0576\u0578\u0580\u0570\u056b\u057e \u056b\u0580 \u056f\u0561\u0574\u0561\u057e\u0578\u0580 \u0561\u0576\u0564\u0561\u0574\u0576\u0565\u0580\u056b \u0570\u0561\u0576\u0571\u0576\u0561\u057c\u0578\u0582\u0569\u0575\u0561\u0576 \u0587 \u056b\u0580 \u0563\u0578\u0580\u056e\u0568\u0576\u056f\u0565\u0580\u0576\u0565\u0580\u056b \u0578\u0582 \u0561\u0576\u0570\u0561\u057f \u0576\u057e\u056b\u0580\u0561\u057f\u0578\u0582\u0576\u0565\u0580\u056b \u0561\u057b\u0561\u056f\u0581\u0578\u0582\u0569\u0575\u0561\u0576: \u0534\u0578\u0582\u0584 \u0587\u057d \u0561\u057b\u0561\u056f\u0581\u0565\u0584 \u0574\u0565\u0566: \u0544\u056b\u0561\u0581\u0565\u055b\u0584 \u0574\u0565\u0580 \u0561\u0577\u056d\u0561\u057f\u0561\u0576\u0584\u056b\u0576, \u056f\u0561\u057f\u0561\u0580\u0565\u055b\u0584 \u0576\u057e\u056b\u0580\u0561\u057f\u057e\u0578\u0582\u0569\u0575\u0578\u0582\u0576, \u0574\u0561\u057d\u0576\u0561\u056f\u0581\u0565\u055b\u0584 \u0540\u0561\u0575\u0561\u057d\u057f\u0561\u0576\u056b \u0566\u0561\u0580\u0563\u0561\u0581\u0574\u0561\u0576\u0568\u0589 \u0541\u0565\u0580 \u0561\u057c\u0561\u057f\u0561\u0571\u0565\u057c\u0576\u0578\u0582\u0569\u0575\u0578\u0582\u0576\u0568 \u056f\u0561\u0580\u0578\u0572 \u0567 \u0578\u0580\u0578\u0577\u056b\u0579 \u056c\u056b\u0576\u0565\u056c: \u0535\u057d \u0576\u057e\u056b\u0580\u0561\u0562\u0565\u0580\u0578\u0582\u0574 \u0565\u0574 \u00ab\u054d\u0561\u0576\u057f\u0565 \u0531\u0580\u0574\u0565\u0576\u056b\u00bb-\u056b\u0576 \u0553\u0578\u056d\u0561\u0576\u0581\u0578\u0582\u0574 \u056f\u0561\u0580\u0578\u0572 \u0565\u0584 \u056f\u0561\u057f\u0561\u0580\u0565\u056c \u0570\u0565\u057f\u0587\u0575\u0561\u056c \u0570\u0561\u0577\u057e\u0565\u0570\u0561\u0574\u0561\u0580\u056b\u0576\u055d [&hellip;]<\/p>\n","protected":false},"author":5,"featured_media":0,"parent":0,"menu_order":0,"comment_status":"closed","ping_status":"closed","template":"","meta":{"footnotes":""},"class_list":["post-4514","page","type-page","status-publish","hentry"],"yoast_head":"<!-- This site is optimized with the Yoast SEO plugin v27.3 - https:\/\/yoast.com\/product\/yoast-seo-wordpress\/ -->\n<title>\u0544\u0561\u057d\u0576\u0561\u056f\u056b\u0581 \u0564\u0561\u0580\u0571\u0565\u0584 \u0574\u0565\u0580 \u0561\u0577\u056d\u0561\u057f\u0561\u0576\u0584\u056b\u0576 | \u054d\u0561\u0576\u057f\u0565 \u0531\u0580\u0574\u0565\u0576\u056b<\/title>\n<meta name=\"description\" content=\"\u0541\u0565\u0580 \u0561\u057b\u0561\u056f\u0581\u0578\u0582\u0569\u0575\u0578\u0582\u0576\u0568 \u056f\u0561\u0580\u0587\u0578\u0580 \u0567 \u0574\u0565\u0580 \u0563\u0578\u0580\u056e\u0578\u0582\u0576\u0565\u0578\u0582\u0569\u0575\u0561\u0576 \u0577\u0561\u0580\u0578\u0582\u0576\u0561\u056f\u0561\u056f\u0561\u0576\u0578\u0582\u0569\u0575\u0561\u0576 \u0587 \u0566\u0561\u0580\u0563\u0561\u0581\u0574\u0561\u0576 \u0570\u0561\u0574\u0561\u0580\u0589\" \/>\n<meta name=\"robots\" content=\"index, follow, max-snippet:-1, max-image-preview:large, max-video-preview:-1\" \/>\n<link rel=\"canonical\" href=\"https:\/\/www.santearmenie.org\/hy\/%d5%b4%d5%a5%d5%a6-%d5%a1%d5%bb%d5%a1%d5%af%d6%81%d5%a5%d5%ac\/\" \/>\n<meta property=\"og:locale\" content=\"hy_AM\" \/>\n<meta property=\"og:type\" content=\"article\" \/>\n<meta property=\"og:title\" content=\"\u0544\u0561\u057d\u0576\u0561\u056f\u056b\u0581 \u0564\u0561\u0580\u0571\u0565\u0584 \u0574\u0565\u0580 \u0561\u0577\u056d\u0561\u057f\u0561\u0576\u0584\u056b\u0576 | \u054d\u0561\u0576\u057f\u0565 \u0531\u0580\u0574\u0565\u0576\u056b\" \/>\n<meta property=\"og:description\" content=\"\u0541\u0565\u0580 \u0561\u057b\u0561\u056f\u0581\u0578\u0582\u0569\u0575\u0578\u0582\u0576\u0568 \u056f\u0561\u0580\u0587\u0578\u0580 \u0567 \u0574\u0565\u0580 \u0563\u0578\u0580\u056e\u0578\u0582\u0576\u0565\u0578\u0582\u0569\u0575\u0561\u0576 \u0577\u0561\u0580\u0578\u0582\u0576\u0561\u056f\u0561\u056f\u0561\u0576\u0578\u0582\u0569\u0575\u0561\u0576 \u0587 \u0566\u0561\u0580\u0563\u0561\u0581\u0574\u0561\u0576 \u0570\u0561\u0574\u0561\u0580\u0589\" \/>\n<meta property=\"og:url\" content=\"https:\/\/www.santearmenie.org\/hy\/%d5%b4%d5%a5%d5%a6-%d5%a1%d5%bb%d5%a1%d5%af%d6%81%d5%a5%d5%ac\/\" \/>\n<meta property=\"og:site_name\" content=\"Sante Armenie\" \/>\n<meta property=\"article:modified_time\" content=\"2026-03-27T20:46:27+00:00\" \/>\n<meta property=\"og:image\" content=\"https:\/\/www.santearmenie.org\/wp-content\/uploads\/2024\/03\/30-teamwork-resize.jpg\" \/>\n<meta name=\"twitter:card\" content=\"summary_large_image\" \/>\n<meta name=\"twitter:label1\" content=\"Est. reading time\" \/>\n\t<meta name=\"twitter:data1\" content=\"1 minute\" \/>\n<script type=\"application\/ld+json\" class=\"yoast-schema-graph\">{\"@context\":\"https:\\\/\\\/schema.org\",\"@graph\":[{\"@type\":\"WebPage\",\"@id\":\"https:\\\/\\\/www.santearmenie.org\\\/hy\\\/%d5%b4%d5%a5%d5%a6-%d5%a1%d5%bb%d5%a1%d5%af%d6%81%d5%a5%d5%ac\\\/\",\"url\":\"https:\\\/\\\/www.santearmenie.org\\\/hy\\\/%d5%b4%d5%a5%d5%a6-%d5%a1%d5%bb%d5%a1%d5%af%d6%81%d5%a5%d5%ac\\\/\",\"name\":\"\u0544\u0561\u057d\u0576\u0561\u056f\u056b\u0581 \u0564\u0561\u0580\u0571\u0565\u0584 \u0574\u0565\u0580 \u0561\u0577\u056d\u0561\u057f\u0561\u0576\u0584\u056b\u0576 | \u054d\u0561\u0576\u057f\u0565 \u0531\u0580\u0574\u0565\u0576\u056b\",\"isPartOf\":{\"@id\":\"https:\\\/\\\/www.santearmenie.org\\\/hy\\\/#website\"},\"primaryImageOfPage\":{\"@id\":\"https:\\\/\\\/www.santearmenie.org\\\/hy\\\/%d5%b4%d5%a5%d5%a6-%d5%a1%d5%bb%d5%a1%d5%af%d6%81%d5%a5%d5%ac\\\/#primaryimage\"},\"image\":{\"@id\":\"https:\\\/\\\/www.santearmenie.org\\\/hy\\\/%d5%b4%d5%a5%d5%a6-%d5%a1%d5%bb%d5%a1%d5%af%d6%81%d5%a5%d5%ac\\\/#primaryimage\"},\"thumbnailUrl\":\"https:\\\/\\\/www.santearmenie.org\\\/wp-content\\\/uploads\\\/2024\\\/03\\\/30-teamwork-resize.jpg\",\"datePublished\":\"2023-11-22T11:47:23+00:00\",\"dateModified\":\"2026-03-27T20:46:27+00:00\",\"description\":\"\u0541\u0565\u0580 \u0561\u057b\u0561\u056f\u0581\u0578\u0582\u0569\u0575\u0578\u0582\u0576\u0568 \u056f\u0561\u0580\u0587\u0578\u0580 \u0567 \u0574\u0565\u0580 \u0563\u0578\u0580\u056e\u0578\u0582\u0576\u0565\u0578\u0582\u0569\u0575\u0561\u0576 \u0577\u0561\u0580\u0578\u0582\u0576\u0561\u056f\u0561\u056f\u0561\u0576\u0578\u0582\u0569\u0575\u0561\u0576 \u0587 \u0566\u0561\u0580\u0563\u0561\u0581\u0574\u0561\u0576 \u0570\u0561\u0574\u0561\u0580\u0589\",\"breadcrumb\":{\"@id\":\"https:\\\/\\\/www.santearmenie.org\\\/hy\\\/%d5%b4%d5%a5%d5%a6-%d5%a1%d5%bb%d5%a1%d5%af%d6%81%d5%a5%d5%ac\\\/#breadcrumb\"},\"inLanguage\":\"hy-AM\",\"potentialAction\":[{\"@type\":\"ReadAction\",\"target\":[\"https:\\\/\\\/www.santearmenie.org\\\/hy\\\/%d5%b4%d5%a5%d5%a6-%d5%a1%d5%bb%d5%a1%d5%af%d6%81%d5%a5%d5%ac\\\/\"]}]},{\"@type\":\"ImageObject\",\"inLanguage\":\"hy-AM\",\"@id\":\"https:\\\/\\\/www.santearmenie.org\\\/hy\\\/%d5%b4%d5%a5%d5%a6-%d5%a1%d5%bb%d5%a1%d5%af%d6%81%d5%a5%d5%ac\\\/#primaryimage\",\"url\":\"https:\\\/\\\/www.santearmenie.org\\\/wp-content\\\/uploads\\\/2024\\\/03\\\/30-teamwork-resize.jpg\",\"contentUrl\":\"https:\\\/\\\/www.santearmenie.org\\\/wp-content\\\/uploads\\\/2024\\\/03\\\/30-teamwork-resize.jpg\"},{\"@type\":\"BreadcrumbList\",\"@id\":\"https:\\\/\\\/www.santearmenie.org\\\/hy\\\/%d5%b4%d5%a5%d5%a6-%d5%a1%d5%bb%d5%a1%d5%af%d6%81%d5%a5%d5%ac\\\/#breadcrumb\",\"itemListElement\":[{\"@type\":\"ListItem\",\"position\":1,\"name\":\"Home\",\"item\":\"https:\\\/\\\/www.santearmenie.org\\\/hy\\\/\"},{\"@type\":\"ListItem\",\"position\":2,\"name\":\"\u053b\u0576\u0579\u057a\u0565\u055e\u057d \u056f\u0561\u057f\u0561\u0580\u0565\u056c \u0576\u057e\u056b\u0580\u0561\u057f\u057e\u0578\u0582\u0569\u0575\u0578\u0582\u0576\"}]},{\"@type\":\"WebSite\",\"@id\":\"https:\\\/\\\/www.santearmenie.org\\\/hy\\\/#website\",\"url\":\"https:\\\/\\\/www.santearmenie.org\\\/hy\\\/\",\"name\":\"Sante Armenie\",\"description\":\"Sant\u00e9 Arm\u00e9nie est une association loi 1901 r\u00e9unissant des professionnels de sant\u00e9 et autres volontaires europ\u00e9ens qui se sont donn\u00e9s pour objectif de participer au d\u00e9veloppement sur le long terme du syst\u00e8me de sant\u00e9 arm\u00e9nien. Sant\u00e9 Arm\u00e9nie a \u00e9t\u00e9 cr\u00e9\u00e9e \u00e0 la suite de la guerre de 2020 en Artsakh et entreprend depuis lors de nombreux projets touchant diff\u00e9rents aspects du secteur de sant\u00e9 arm\u00e9nien.\",\"publisher\":{\"@id\":\"https:\\\/\\\/www.santearmenie.org\\\/hy\\\/#organization\"},\"potentialAction\":[{\"@type\":\"SearchAction\",\"target\":{\"@type\":\"EntryPoint\",\"urlTemplate\":\"https:\\\/\\\/www.santearmenie.org\\\/hy\\\/?s={search_term_string}\"},\"query-input\":{\"@type\":\"PropertyValueSpecification\",\"valueRequired\":true,\"valueName\":\"search_term_string\"}}],\"inLanguage\":\"hy-AM\"},{\"@type\":\"Organization\",\"@id\":\"https:\\\/\\\/www.santearmenie.org\\\/hy\\\/#organization\",\"name\":\"Sante Armenie\",\"url\":\"https:\\\/\\\/www.santearmenie.org\\\/hy\\\/\",\"logo\":{\"@type\":\"ImageObject\",\"inLanguage\":\"hy-AM\",\"@id\":\"https:\\\/\\\/www.santearmenie.org\\\/hy\\\/#\\\/schema\\\/logo\\\/image\\\/\",\"url\":\"https:\\\/\\\/www.santearmenie.org\\\/wp-content\\\/uploads\\\/2025\\\/08\\\/cropped-Logo-Sante-Armenie-blanc-BD.png\",\"contentUrl\":\"https:\\\/\\\/www.santearmenie.org\\\/wp-content\\\/uploads\\\/2025\\\/08\\\/cropped-Logo-Sante-Armenie-blanc-BD.png\",\"width\":784,\"height\":528,\"caption\":\"Sante Armenie\"},\"image\":{\"@id\":\"https:\\\/\\\/www.santearmenie.org\\\/hy\\\/#\\\/schema\\\/logo\\\/image\\\/\"}}]}<\/script>\n<!-- \/ Yoast SEO plugin. -->","yoast_head_json":{"title":"\u0544\u0561\u057d\u0576\u0561\u056f\u056b\u0581 \u0564\u0561\u0580\u0571\u0565\u0584 \u0574\u0565\u0580 \u0561\u0577\u056d\u0561\u057f\u0561\u0576\u0584\u056b\u0576 | \u054d\u0561\u0576\u057f\u0565 \u0531\u0580\u0574\u0565\u0576\u056b","description":"\u0541\u0565\u0580 \u0561\u057b\u0561\u056f\u0581\u0578\u0582\u0569\u0575\u0578\u0582\u0576\u0568 \u056f\u0561\u0580\u0587\u0578\u0580 \u0567 \u0574\u0565\u0580 \u0563\u0578\u0580\u056e\u0578\u0582\u0576\u0565\u0578\u0582\u0569\u0575\u0561\u0576 \u0577\u0561\u0580\u0578\u0582\u0576\u0561\u056f\u0561\u056f\u0561\u0576\u0578\u0582\u0569\u0575\u0561\u0576 \u0587 \u0566\u0561\u0580\u0563\u0561\u0581\u0574\u0561\u0576 \u0570\u0561\u0574\u0561\u0580\u0589","robots":{"index":"index","follow":"follow","max-snippet":"max-snippet:-1","max-image-preview":"max-image-preview:large","max-video-preview":"max-video-preview:-1"},"canonical":"https:\/\/www.santearmenie.org\/hy\/%d5%b4%d5%a5%d5%a6-%d5%a1%d5%bb%d5%a1%d5%af%d6%81%d5%a5%d5%ac\/","og_locale":"hy_AM","og_type":"article","og_title":"\u0544\u0561\u057d\u0576\u0561\u056f\u056b\u0581 \u0564\u0561\u0580\u0571\u0565\u0584 \u0574\u0565\u0580 \u0561\u0577\u056d\u0561\u057f\u0561\u0576\u0584\u056b\u0576 | \u054d\u0561\u0576\u057f\u0565 \u0531\u0580\u0574\u0565\u0576\u056b","og_description":"\u0541\u0565\u0580 \u0561\u057b\u0561\u056f\u0581\u0578\u0582\u0569\u0575\u0578\u0582\u0576\u0568 \u056f\u0561\u0580\u0587\u0578\u0580 \u0567 \u0574\u0565\u0580 \u0563\u0578\u0580\u056e\u0578\u0582\u0576\u0565\u0578\u0582\u0569\u0575\u0561\u0576 \u0577\u0561\u0580\u0578\u0582\u0576\u0561\u056f\u0561\u056f\u0561\u0576\u0578\u0582\u0569\u0575\u0561\u0576 \u0587 \u0566\u0561\u0580\u0563\u0561\u0581\u0574\u0561\u0576 \u0570\u0561\u0574\u0561\u0580\u0589","og_url":"https:\/\/www.santearmenie.org\/hy\/%d5%b4%d5%a5%d5%a6-%d5%a1%d5%bb%d5%a1%d5%af%d6%81%d5%a5%d5%ac\/","og_site_name":"Sante Armenie","article_modified_time":"2026-03-27T20:46:27+00:00","og_image":[{"url":"https:\/\/www.santearmenie.org\/wp-content\/uploads\/2024\/03\/30-teamwork-resize.jpg","type":"","width":"","height":""}],"twitter_card":"summary_large_image","twitter_misc":{"Est. reading time":"1 minute"},"schema":{"@context":"https:\/\/schema.org","@graph":[{"@type":"WebPage","@id":"https:\/\/www.santearmenie.org\/hy\/%d5%b4%d5%a5%d5%a6-%d5%a1%d5%bb%d5%a1%d5%af%d6%81%d5%a5%d5%ac\/","url":"https:\/\/www.santearmenie.org\/hy\/%d5%b4%d5%a5%d5%a6-%d5%a1%d5%bb%d5%a1%d5%af%d6%81%d5%a5%d5%ac\/","name":"\u0544\u0561\u057d\u0576\u0561\u056f\u056b\u0581 \u0564\u0561\u0580\u0571\u0565\u0584 \u0574\u0565\u0580 \u0561\u0577\u056d\u0561\u057f\u0561\u0576\u0584\u056b\u0576 | \u054d\u0561\u0576\u057f\u0565 \u0531\u0580\u0574\u0565\u0576\u056b","isPartOf":{"@id":"https:\/\/www.santearmenie.org\/hy\/#website"},"primaryImageOfPage":{"@id":"https:\/\/www.santearmenie.org\/hy\/%d5%b4%d5%a5%d5%a6-%d5%a1%d5%bb%d5%a1%d5%af%d6%81%d5%a5%d5%ac\/#primaryimage"},"image":{"@id":"https:\/\/www.santearmenie.org\/hy\/%d5%b4%d5%a5%d5%a6-%d5%a1%d5%bb%d5%a1%d5%af%d6%81%d5%a5%d5%ac\/#primaryimage"},"thumbnailUrl":"https:\/\/www.santearmenie.org\/wp-content\/uploads\/2024\/03\/30-teamwork-resize.jpg","datePublished":"2023-11-22T11:47:23+00:00","dateModified":"2026-03-27T20:46:27+00:00","description":"\u0541\u0565\u0580 \u0561\u057b\u0561\u056f\u0581\u0578\u0582\u0569\u0575\u0578\u0582\u0576\u0568 \u056f\u0561\u0580\u0587\u0578\u0580 \u0567 \u0574\u0565\u0580 \u0563\u0578\u0580\u056e\u0578\u0582\u0576\u0565\u0578\u0582\u0569\u0575\u0561\u0576 \u0577\u0561\u0580\u0578\u0582\u0576\u0561\u056f\u0561\u056f\u0561\u0576\u0578\u0582\u0569\u0575\u0561\u0576 \u0587 \u0566\u0561\u0580\u0563\u0561\u0581\u0574\u0561\u0576 \u0570\u0561\u0574\u0561\u0580\u0589","breadcrumb":{"@id":"https:\/\/www.santearmenie.org\/hy\/%d5%b4%d5%a5%d5%a6-%d5%a1%d5%bb%d5%a1%d5%af%d6%81%d5%a5%d5%ac\/#breadcrumb"},"inLanguage":"hy-AM","potentialAction":[{"@type":"ReadAction","target":["https:\/\/www.santearmenie.org\/hy\/%d5%b4%d5%a5%d5%a6-%d5%a1%d5%bb%d5%a1%d5%af%d6%81%d5%a5%d5%ac\/"]}]},{"@type":"ImageObject","inLanguage":"hy-AM","@id":"https:\/\/www.santearmenie.org\/hy\/%d5%b4%d5%a5%d5%a6-%d5%a1%d5%bb%d5%a1%d5%af%d6%81%d5%a5%d5%ac\/#primaryimage","url":"https:\/\/www.santearmenie.org\/wp-content\/uploads\/2024\/03\/30-teamwork-resize.jpg","contentUrl":"https:\/\/www.santearmenie.org\/wp-content\/uploads\/2024\/03\/30-teamwork-resize.jpg"},{"@type":"BreadcrumbList","@id":"https:\/\/www.santearmenie.org\/hy\/%d5%b4%d5%a5%d5%a6-%d5%a1%d5%bb%d5%a1%d5%af%d6%81%d5%a5%d5%ac\/#breadcrumb","itemListElement":[{"@type":"ListItem","position":1,"name":"Home","item":"https:\/\/www.santearmenie.org\/hy\/"},{"@type":"ListItem","position":2,"name":"\u053b\u0576\u0579\u057a\u0565\u055e\u057d \u056f\u0561\u057f\u0561\u0580\u0565\u056c \u0576\u057e\u056b\u0580\u0561\u057f\u057e\u0578\u0582\u0569\u0575\u0578\u0582\u0576"}]},{"@type":"WebSite","@id":"https:\/\/www.santearmenie.org\/hy\/#website","url":"https:\/\/www.santearmenie.org\/hy\/","name":"Sante Armenie","description":"Sant\u00e9 Arm\u00e9nie est une association loi 1901 r\u00e9unissant des professionnels de sant\u00e9 et autres volontaires europ\u00e9ens qui se sont donn\u00e9s pour objectif de participer au d\u00e9veloppement sur le long terme du syst\u00e8me de sant\u00e9 arm\u00e9nien. Sant\u00e9 Arm\u00e9nie a \u00e9t\u00e9 cr\u00e9\u00e9e \u00e0 la suite de la guerre de 2020 en Artsakh et entreprend depuis lors de nombreux projets touchant diff\u00e9rents aspects du secteur de sant\u00e9 arm\u00e9nien.","publisher":{"@id":"https:\/\/www.santearmenie.org\/hy\/#organization"},"potentialAction":[{"@type":"SearchAction","target":{"@type":"EntryPoint","urlTemplate":"https:\/\/www.santearmenie.org\/hy\/?s={search_term_string}"},"query-input":{"@type":"PropertyValueSpecification","valueRequired":true,"valueName":"search_term_string"}}],"inLanguage":"hy-AM"},{"@type":"Organization","@id":"https:\/\/www.santearmenie.org\/hy\/#organization","name":"Sante Armenie","url":"https:\/\/www.santearmenie.org\/hy\/","logo":{"@type":"ImageObject","inLanguage":"hy-AM","@id":"https:\/\/www.santearmenie.org\/hy\/#\/schema\/logo\/image\/","url":"https:\/\/www.santearmenie.org\/wp-content\/uploads\/2025\/08\/cropped-Logo-Sante-Armenie-blanc-BD.png","contentUrl":"https:\/\/www.santearmenie.org\/wp-content\/uploads\/2025\/08\/cropped-Logo-Sante-Armenie-blanc-BD.png","width":784,"height":528,"caption":"Sante Armenie"},"image":{"@id":"https:\/\/www.santearmenie.org\/hy\/#\/schema\/logo\/image\/"}}]}},"_links":{"self":[{"href":"https:\/\/www.santearmenie.org\/hy\/wp-json\/wp\/v2\/pages\/4514","targetHints":{"allow":["GET"]}}],"collection":[{"href":"https:\/\/www.santearmenie.org\/hy\/wp-json\/wp\/v2\/pages"}],"about":[{"href":"https:\/\/www.santearmenie.org\/hy\/wp-json\/wp\/v2\/types\/page"}],"author":[{"embeddable":true,"href":"https:\/\/www.santearmenie.org\/hy\/wp-json\/wp\/v2\/users\/5"}],"replies":[{"embeddable":true,"href":"https:\/\/www.santearmenie.org\/hy\/wp-json\/wp\/v2\/comments?post=4514"}],"version-history":[{"count":16,"href":"https:\/\/www.santearmenie.org\/hy\/wp-json\/wp\/v2\/pages\/4514\/revisions"}],"predecessor-version":[{"id":5363,"href":"https:\/\/www.santearmenie.org\/hy\/wp-json\/wp\/v2\/pages\/4514\/revisions\/5363"}],"wp:attachment":[{"href":"https:\/\/www.santearmenie.org\/hy\/wp-json\/wp\/v2\/media?parent=4514"}],"curies":[{"name":"wp","href":"https:\/\/api.w.org\/{rel}","templated":true}]}}