{"id":5212,"date":"2025-04-27T17:58:31","date_gmt":"2025-04-27T15:58:31","guid":{"rendered":"https:\/\/www.santearmenie.org\/scientific-department\/"},"modified":"2025-04-30T20:20:24","modified_gmt":"2025-04-30T18:20:24","slug":"scientific-department","status":"publish","type":"page","link":"https:\/\/www.santearmenie.org\/en\/what-we-do\/scientific-department\/","title":{"rendered":"Scientific department"},"content":{"rendered":"\t\t<div data-elementor-type=\"wp-page\" data-elementor-id=\"5212\" class=\"elementor elementor-5212 elementor-5195\" data-elementor-post-type=\"page\">\n\t\t\t\t<div class=\"elementor-element elementor-element-70d11af e-con-full e-flex e-con e-parent\" data-id=\"70d11af\" data-element_type=\"container\" data-e-type=\"container\">\n\t\t\t\t<div class=\"elementor-element elementor-element-edc5494 elementor-widget elementor-widget-background-hero\" data-id=\"edc5494\" data-element_type=\"widget\" data-e-type=\"widget\" data-widget_type=\"background-hero.default\">\n\t\t\t\t<div class=\"elementor-widget-container\">\n\t\t\t\t\t\n        <section class=\"background-hero-section\">\n            <img decoding=\"async\" src=\"https:\/\/www.santearmenie.org\/wp-content\/uploads\/2025\/04\/IMG_1896-scaled.jpg\" alt=\"\"\/>\n            <h1 style=\"color: #000\"><\/h1>\n        <\/section>\n        \t\t\t\t<\/div>\n\t\t\t\t<\/div>\n\t\t\t\t<\/div>\n\t\t<div class=\"elementor-element elementor-element-31ec046 e-flex e-con-boxed e-con e-parent\" data-id=\"31ec046\" data-element_type=\"container\" data-e-type=\"container\">\n\t\t\t\t\t<div class=\"e-con-inner\">\n\t\t\t\t<div class=\"elementor-element elementor-element-0d476f2 elementor-widget elementor-widget-heading\" data-id=\"0d476f2\" data-element_type=\"widget\" data-e-type=\"widget\" data-widget_type=\"heading.default\">\n\t\t\t\t<div class=\"elementor-widget-container\">\n\t\t\t\t\t<h1 class=\"elementor-heading-title elementor-size-default\">Scientific department<\/h1>\t\t\t\t<\/div>\n\t\t\t\t<\/div>\n\t\t\t\t\t<\/div>\n\t\t\t\t<\/div>\n\t\t<div class=\"elementor-element elementor-element-1f5135e e-flex e-con-boxed e-con e-parent\" data-id=\"1f5135e\" data-element_type=\"container\" data-e-type=\"container\">\n\t\t\t\t\t<div class=\"e-con-inner\">\n\t\t\t\t<div class=\"elementor-element elementor-element-a23e35b elementor-widget elementor-widget-text-editor\" data-id=\"a23e35b\" data-element_type=\"widget\" data-e-type=\"widget\" data-widget_type=\"text-editor.default\">\n\t\t\t\t<div class=\"elementor-widget-container\">\n\t\t\t\t\t\t\t\t\t<h3><strong>Heads : Dr Anna Martirosyan, Pr Ars\u00e8ne Mekinian<\/strong><\/h3><p>Global Strategy: The scientific department of Sant\u00e9 Arm\u00e9nie plays a vital role in advancing our mission by promoting research and innovation. To address the many challenges facing Armenia, we have established a process of anticipating, creating, and implementing cutting-edge technologies and practices. Through this strategy and our collaborative partnerships with local and international experts, we aim to ensure sustainable change and provide healthcare professionals with practical knowledge and solutions.  <\/p><p>The following <strong>2 areas<\/strong> of work have been implemented in collaboration with our local partners (research centers, hospitals, universities):<\/p>\t\t\t\t\t\t\t\t<\/div>\n\t\t\t\t<\/div>\n\t\t\t\t\t<\/div>\n\t\t\t\t<\/div>\n\t\t<div class=\"elementor-element elementor-element-1f4ca1b e-flex e-con-boxed e-con e-parent\" data-id=\"1f4ca1b\" data-element_type=\"container\" data-e-type=\"container\">\n\t\t\t\t\t<div class=\"e-con-inner\">\n\t\t\t\t<div class=\"elementor-element elementor-element-3009e8d elementor-widget elementor-widget-side-by-side-colored\" data-id=\"3009e8d\" data-element_type=\"widget\" data-e-type=\"widget\" data-widget_type=\"side-by-side-colored.default\">\n\t\t\t\t<div class=\"elementor-widget-container\">\n\t\t\t\t\t\n        <section class=\"side-by-side-colored-section\">\n                        <div class=\"section-column image-left d-flex\">\n                <div class=\"col-12 col-md-6\">\n                    <img decoding=\"async\" src=\"https:\/\/www.santearmenie.org\/wp-content\/uploads\/2025\/04\/27-Labo-scaled-e1745769443422.jpg\" alt=\"\">\n                <\/div>\n                <div class=\"col-12 col-md-6 text-content\" style=\"background-color: #E30613 \">\n                    <div class=\"paragraph\"><p><strong>Research and Developement<br><\/strong>Create and develop the 1st translational immuno-oncology research laboratory in Armenia to accelerate scientific discoveries and their medical application for patients. This project aims to create a regional center of reference and excellence in the field of immuno-oncology in Armenia. The main objectives include <strong>creating, promoting, and strengthening a highly competitive immuno-oncology ecosystem<\/strong> by mobilizing cutting-edge biomedical research in immunotherapy and immunoprevention. To this end, we have established a multidisciplinary team of clinicians and researchers who collaborate closely to develop new approaches to cancer immunotherapy.   <\/p><\/div>\n                <\/div>\n            <\/div>\n        <\/section>\n        \t\t\t\t<\/div>\n\t\t\t\t<\/div>\n\t\t\t\t<div class=\"elementor-element elementor-element-a11cc89 elementor-widget elementor-widget-side-by-side-colored\" data-id=\"a11cc89\" data-element_type=\"widget\" data-e-type=\"widget\" data-widget_type=\"side-by-side-colored.default\">\n\t\t\t\t<div class=\"elementor-widget-container\">\n\t\t\t\t\t\n        <section class=\"side-by-side-colored-section\">\n                        <div class=\"section-column image-right d-flex\">\n                <div class=\"col-12 col-md-6\">\n                    <img decoding=\"async\" src=\"https:\/\/www.santearmenie.org\/wp-content\/uploads\/2025\/04\/1-scaled-e1746037043644.jpg\" alt=\"\">\n                <\/div>\n                <div class=\"col-12 col-md-6 text-content\" style=\"background-color: #E30613 \">\n                    <div class=\"paragraph\"><p><strong>Capacity Building :<\/strong><br>Training healthcare professionals, as well as medical and science students, through the organization of lectures, workshops, academic exchange programs and conferences. In this context, an international Masterclass in immunology was organized in Yerevan in January 2024, bringing together international experts from centers of excellence. This event allowed Armenian researchers and health professionals to benefit from comprehensive training in immunology, a developing discipline in Armenia. On the other hand, this Masterclass presented a unique opportunity for speakers and participants to meet and exchange their experiences and expertise, as well as to explore new solutions to meet the current challenges of immunology research. The results of this high-level scientific meeting include the establishment of new collaborations between French and Armenian researchers, as well as the willingness to initiate a master\u2019s degree and a chair in immunology in order to promote and strengthen this essential biomedical discipline. In October 2025, for the first time in Armenia's history, an international immuno-oncology summit will be held in Yerevan (October 16-18). This event will bring together international leaders in academic, translational, and clinical research. The summit will provide Armenian experts with a cutting-edge platform to interact and establish effective collaborations and strong partnerships on a global scale.       <\/p><\/div>\n                <\/div>\n            <\/div>\n        <\/section>\n        \t\t\t\t<\/div>\n\t\t\t\t<\/div>\n\t\t\t\t\t<\/div>\n\t\t\t\t<\/div>\n\t\t\t\t<\/div>\n\t\t","protected":false},"excerpt":{"rendered":"<p>Scientific department Heads : Dr Anna Martirosyan, Pr Ars\u00e8ne Mekinian Global Strategy: The scientific department of Sant\u00e9 Arm\u00e9nie plays a vital role in advancing our mission by promoting research and innovation. To address the many challenges facing Armenia, we have established a process of anticipating, creating, and implementing cutting-edge technologies and practices. Through this strategy [&hellip;]<\/p>\n","protected":false},"author":5,"featured_media":0,"parent":4607,"menu_order":0,"comment_status":"closed","ping_status":"closed","template":"","meta":{"footnotes":""},"class_list":["post-5212","page","type-page","status-publish","hentry"],"yoast_head":"<!-- This site is optimized with the Yoast SEO plugin v27.3 - https:\/\/yoast.com\/product\/yoast-seo-wordpress\/ -->\n<title>Scientific department - Sante Armenie<\/title>\n<meta name=\"robots\" content=\"index, follow, max-snippet:-1, max-image-preview:large, max-video-preview:-1\" \/>\n<link rel=\"canonical\" href=\"https:\/\/www.santearmenie.org\/en\/what-we-do\/scientific-department\/\" \/>\n<meta property=\"og:locale\" content=\"en_US\" \/>\n<meta property=\"og:type\" content=\"article\" \/>\n<meta property=\"og:title\" content=\"Scientific department - Sante Armenie\" \/>\n<meta property=\"og:description\" content=\"Scientific department Heads : Dr Anna Martirosyan, Pr Ars\u00e8ne Mekinian Global Strategy: The scientific department of Sant\u00e9 Arm\u00e9nie plays a vital role in advancing our mission by promoting research and innovation. To address the many challenges facing Armenia, we have established a process of anticipating, creating, and implementing cutting-edge technologies and practices. Through this strategy [&hellip;]\" \/>\n<meta property=\"og:url\" content=\"https:\/\/www.santearmenie.org\/en\/what-we-do\/scientific-department\/\" \/>\n<meta property=\"og:site_name\" content=\"Sante Armenie\" \/>\n<meta property=\"article:modified_time\" content=\"2025-04-30T18:20:24+00:00\" \/>\n<meta property=\"og:image\" content=\"https:\/\/www.santearmenie.org\/wp-content\/uploads\/2025\/04\/IMG_1896-scaled.jpg\" \/>\n<meta name=\"twitter:card\" content=\"summary_large_image\" \/>\n<meta name=\"twitter:label1\" content=\"Est. reading time\" \/>\n\t<meta name=\"twitter:data1\" content=\"2 minutes\" \/>\n<script type=\"application\/ld+json\" class=\"yoast-schema-graph\">{\"@context\":\"https:\\\/\\\/schema.org\",\"@graph\":[{\"@type\":\"WebPage\",\"@id\":\"https:\\\/\\\/www.santearmenie.org\\\/en\\\/what-we-do\\\/scientific-department\\\/\",\"url\":\"https:\\\/\\\/www.santearmenie.org\\\/en\\\/what-we-do\\\/scientific-department\\\/\",\"name\":\"Scientific department - Sante Armenie\",\"isPartOf\":{\"@id\":\"https:\\\/\\\/www.santearmenie.org\\\/en\\\/#website\"},\"primaryImageOfPage\":{\"@id\":\"https:\\\/\\\/www.santearmenie.org\\\/en\\\/what-we-do\\\/scientific-department\\\/#primaryimage\"},\"image\":{\"@id\":\"https:\\\/\\\/www.santearmenie.org\\\/en\\\/what-we-do\\\/scientific-department\\\/#primaryimage\"},\"thumbnailUrl\":\"https:\\\/\\\/www.santearmenie.org\\\/wp-content\\\/uploads\\\/2025\\\/04\\\/IMG_1896-scaled.jpg\",\"datePublished\":\"2025-04-27T15:58:31+00:00\",\"dateModified\":\"2025-04-30T18:20:24+00:00\",\"breadcrumb\":{\"@id\":\"https:\\\/\\\/www.santearmenie.org\\\/en\\\/what-we-do\\\/scientific-department\\\/#breadcrumb\"},\"inLanguage\":\"en-US\",\"potentialAction\":[{\"@type\":\"ReadAction\",\"target\":[\"https:\\\/\\\/www.santearmenie.org\\\/en\\\/what-we-do\\\/scientific-department\\\/\"]}]},{\"@type\":\"ImageObject\",\"inLanguage\":\"en-US\",\"@id\":\"https:\\\/\\\/www.santearmenie.org\\\/en\\\/what-we-do\\\/scientific-department\\\/#primaryimage\",\"url\":\"https:\\\/\\\/www.santearmenie.org\\\/wp-content\\\/uploads\\\/2025\\\/04\\\/IMG_1896-scaled.jpg\",\"contentUrl\":\"https:\\\/\\\/www.santearmenie.org\\\/wp-content\\\/uploads\\\/2025\\\/04\\\/IMG_1896-scaled.jpg\"},{\"@type\":\"BreadcrumbList\",\"@id\":\"https:\\\/\\\/www.santearmenie.org\\\/en\\\/what-we-do\\\/scientific-department\\\/#breadcrumb\",\"itemListElement\":[{\"@type\":\"ListItem\",\"position\":1,\"name\":\"Home\",\"item\":\"https:\\\/\\\/www.santearmenie.org\\\/en\\\/\"},{\"@type\":\"ListItem\",\"position\":2,\"name\":\"Scientific department\"}]},{\"@type\":\"WebSite\",\"@id\":\"https:\\\/\\\/www.santearmenie.org\\\/en\\\/#website\",\"url\":\"https:\\\/\\\/www.santearmenie.org\\\/en\\\/\",\"name\":\"Sante Armenie\",\"description\":\"Sant\u00e9 Arm\u00e9nie est une association loi 1901 r\u00e9unissant des professionnels de sant\u00e9 et autres volontaires europ\u00e9ens qui se sont donn\u00e9s pour objectif de participer au d\u00e9veloppement sur le long terme du syst\u00e8me de sant\u00e9 arm\u00e9nien. Sant\u00e9 Arm\u00e9nie a \u00e9t\u00e9 cr\u00e9\u00e9e \u00e0 la suite de la guerre de 2020 en Artsakh et entreprend depuis lors de nombreux projets touchant diff\u00e9rents aspects du secteur de sant\u00e9 arm\u00e9nien.\",\"publisher\":{\"@id\":\"https:\\\/\\\/www.santearmenie.org\\\/en\\\/#organization\"},\"potentialAction\":[{\"@type\":\"SearchAction\",\"target\":{\"@type\":\"EntryPoint\",\"urlTemplate\":\"https:\\\/\\\/www.santearmenie.org\\\/en\\\/?s={search_term_string}\"},\"query-input\":{\"@type\":\"PropertyValueSpecification\",\"valueRequired\":true,\"valueName\":\"search_term_string\"}}],\"inLanguage\":\"en-US\"},{\"@type\":\"Organization\",\"@id\":\"https:\\\/\\\/www.santearmenie.org\\\/en\\\/#organization\",\"name\":\"Sante Armenie\",\"url\":\"https:\\\/\\\/www.santearmenie.org\\\/en\\\/\",\"logo\":{\"@type\":\"ImageObject\",\"inLanguage\":\"en-US\",\"@id\":\"https:\\\/\\\/www.santearmenie.org\\\/en\\\/#\\\/schema\\\/logo\\\/image\\\/\",\"url\":\"https:\\\/\\\/www.santearmenie.org\\\/wp-content\\\/uploads\\\/2025\\\/08\\\/cropped-Logo-Sante-Armenie-blanc-BD.png\",\"contentUrl\":\"https:\\\/\\\/www.santearmenie.org\\\/wp-content\\\/uploads\\\/2025\\\/08\\\/cropped-Logo-Sante-Armenie-blanc-BD.png\",\"width\":784,\"height\":528,\"caption\":\"Sante Armenie\"},\"image\":{\"@id\":\"https:\\\/\\\/www.santearmenie.org\\\/en\\\/#\\\/schema\\\/logo\\\/image\\\/\"}}]}<\/script>\n<!-- \/ Yoast SEO plugin. -->","yoast_head_json":{"title":"Scientific department - Sante Armenie","robots":{"index":"index","follow":"follow","max-snippet":"max-snippet:-1","max-image-preview":"max-image-preview:large","max-video-preview":"max-video-preview:-1"},"canonical":"https:\/\/www.santearmenie.org\/en\/what-we-do\/scientific-department\/","og_locale":"en_US","og_type":"article","og_title":"Scientific department - Sante Armenie","og_description":"Scientific department Heads : Dr Anna Martirosyan, Pr Ars\u00e8ne Mekinian Global Strategy: The scientific department of Sant\u00e9 Arm\u00e9nie plays a vital role in advancing our mission by promoting research and innovation. To address the many challenges facing Armenia, we have established a process of anticipating, creating, and implementing cutting-edge technologies and practices. Through this strategy [&hellip;]","og_url":"https:\/\/www.santearmenie.org\/en\/what-we-do\/scientific-department\/","og_site_name":"Sante Armenie","article_modified_time":"2025-04-30T18:20:24+00:00","og_image":[{"url":"https:\/\/www.santearmenie.org\/wp-content\/uploads\/2025\/04\/IMG_1896-scaled.jpg","type":"","width":"","height":""}],"twitter_card":"summary_large_image","twitter_misc":{"Est. reading time":"2 minutes"},"schema":{"@context":"https:\/\/schema.org","@graph":[{"@type":"WebPage","@id":"https:\/\/www.santearmenie.org\/en\/what-we-do\/scientific-department\/","url":"https:\/\/www.santearmenie.org\/en\/what-we-do\/scientific-department\/","name":"Scientific department - Sante Armenie","isPartOf":{"@id":"https:\/\/www.santearmenie.org\/en\/#website"},"primaryImageOfPage":{"@id":"https:\/\/www.santearmenie.org\/en\/what-we-do\/scientific-department\/#primaryimage"},"image":{"@id":"https:\/\/www.santearmenie.org\/en\/what-we-do\/scientific-department\/#primaryimage"},"thumbnailUrl":"https:\/\/www.santearmenie.org\/wp-content\/uploads\/2025\/04\/IMG_1896-scaled.jpg","datePublished":"2025-04-27T15:58:31+00:00","dateModified":"2025-04-30T18:20:24+00:00","breadcrumb":{"@id":"https:\/\/www.santearmenie.org\/en\/what-we-do\/scientific-department\/#breadcrumb"},"inLanguage":"en-US","potentialAction":[{"@type":"ReadAction","target":["https:\/\/www.santearmenie.org\/en\/what-we-do\/scientific-department\/"]}]},{"@type":"ImageObject","inLanguage":"en-US","@id":"https:\/\/www.santearmenie.org\/en\/what-we-do\/scientific-department\/#primaryimage","url":"https:\/\/www.santearmenie.org\/wp-content\/uploads\/2025\/04\/IMG_1896-scaled.jpg","contentUrl":"https:\/\/www.santearmenie.org\/wp-content\/uploads\/2025\/04\/IMG_1896-scaled.jpg"},{"@type":"BreadcrumbList","@id":"https:\/\/www.santearmenie.org\/en\/what-we-do\/scientific-department\/#breadcrumb","itemListElement":[{"@type":"ListItem","position":1,"name":"Home","item":"https:\/\/www.santearmenie.org\/en\/"},{"@type":"ListItem","position":2,"name":"Scientific department"}]},{"@type":"WebSite","@id":"https:\/\/www.santearmenie.org\/en\/#website","url":"https:\/\/www.santearmenie.org\/en\/","name":"Sante Armenie","description":"Sant\u00e9 Arm\u00e9nie est une association loi 1901 r\u00e9unissant des professionnels de sant\u00e9 et autres volontaires europ\u00e9ens qui se sont donn\u00e9s pour objectif de participer au d\u00e9veloppement sur le long terme du syst\u00e8me de sant\u00e9 arm\u00e9nien. Sant\u00e9 Arm\u00e9nie a \u00e9t\u00e9 cr\u00e9\u00e9e \u00e0 la suite de la guerre de 2020 en Artsakh et entreprend depuis lors de nombreux projets touchant diff\u00e9rents aspects du secteur de sant\u00e9 arm\u00e9nien.","publisher":{"@id":"https:\/\/www.santearmenie.org\/en\/#organization"},"potentialAction":[{"@type":"SearchAction","target":{"@type":"EntryPoint","urlTemplate":"https:\/\/www.santearmenie.org\/en\/?s={search_term_string}"},"query-input":{"@type":"PropertyValueSpecification","valueRequired":true,"valueName":"search_term_string"}}],"inLanguage":"en-US"},{"@type":"Organization","@id":"https:\/\/www.santearmenie.org\/en\/#organization","name":"Sante Armenie","url":"https:\/\/www.santearmenie.org\/en\/","logo":{"@type":"ImageObject","inLanguage":"en-US","@id":"https:\/\/www.santearmenie.org\/en\/#\/schema\/logo\/image\/","url":"https:\/\/www.santearmenie.org\/wp-content\/uploads\/2025\/08\/cropped-Logo-Sante-Armenie-blanc-BD.png","contentUrl":"https:\/\/www.santearmenie.org\/wp-content\/uploads\/2025\/08\/cropped-Logo-Sante-Armenie-blanc-BD.png","width":784,"height":528,"caption":"Sante Armenie"},"image":{"@id":"https:\/\/www.santearmenie.org\/en\/#\/schema\/logo\/image\/"}}]}},"_links":{"self":[{"href":"https:\/\/www.santearmenie.org\/en\/wp-json\/wp\/v2\/pages\/5212","targetHints":{"allow":["GET"]}}],"collection":[{"href":"https:\/\/www.santearmenie.org\/en\/wp-json\/wp\/v2\/pages"}],"about":[{"href":"https:\/\/www.santearmenie.org\/en\/wp-json\/wp\/v2\/types\/page"}],"author":[{"embeddable":true,"href":"https:\/\/www.santearmenie.org\/en\/wp-json\/wp\/v2\/users\/5"}],"replies":[{"embeddable":true,"href":"https:\/\/www.santearmenie.org\/en\/wp-json\/wp\/v2\/comments?post=5212"}],"version-history":[{"count":1,"href":"https:\/\/www.santearmenie.org\/en\/wp-json\/wp\/v2\/pages\/5212\/revisions"}],"predecessor-version":[{"id":5213,"href":"https:\/\/www.santearmenie.org\/en\/wp-json\/wp\/v2\/pages\/5212\/revisions\/5213"}],"up":[{"embeddable":true,"href":"https:\/\/www.santearmenie.org\/en\/wp-json\/wp\/v2\/pages\/4607"}],"wp:attachment":[{"href":"https:\/\/www.santearmenie.org\/en\/wp-json\/wp\/v2\/media?parent=5212"}],"curies":[{"name":"wp","href":"https:\/\/api.w.org\/{rel}","templated":true}]}}