{"id":4643,"date":"2024-02-13T16:39:09","date_gmt":"2024-02-13T15:39:09","guid":{"rendered":"https:\/\/sante-armenie.flywheelstaging.com\/privacy-policy\/"},"modified":"2024-06-24T18:26:23","modified_gmt":"2024-06-24T16:26:23","slug":"privacy-policy","status":"publish","type":"page","link":"https:\/\/www.santearmenie.org\/en\/sante-armenie-en\/privacy-policy\/","title":{"rendered":"Privacy policy"},"content":{"rendered":"\t\t<div data-elementor-type=\"wp-page\" data-elementor-id=\"4643\" class=\"elementor elementor-4643 elementor-1108\" data-elementor-post-type=\"page\">\n\t\t\t\t<div class=\"elementor-element elementor-element-e4fbb95 e-flex e-con-boxed e-con e-parent\" data-id=\"e4fbb95\" data-element_type=\"container\" data-e-type=\"container\">\n\t\t\t\t\t<div class=\"e-con-inner\">\n\t\t\t\t<div class=\"elementor-element elementor-element-5055a2d elementor-widget elementor-widget-text-editor\" data-id=\"5055a2d\" data-element_type=\"widget\" data-e-type=\"widget\" data-widget_type=\"text-editor.default\">\n\t\t\t\t<div class=\"elementor-widget-container\">\n\t\t\t\t\t\t\t\t\t<p><strong>I \u2013 PURPOSE AND SCOPE<br \/><\/strong><br \/>Sant\u00e9 Arm\u00e9nie is committed to protecting the privacy of Internet users and to ensuring the highest level of protection of the personal data entrusted to us.<\/p>\n<p>The purpose of this policy is to inform you of the way in which we process the personal data you provide during your use of the Sant\u00e9 Arm\u00e9nie website. Our policy complies with current regulations applicable to data protection, in particular the General Data Protection Regulation of April 27, 2016, and the amended French Data Protection Act of January 6, 1978.<\/p>\n<p>For the purposes of this policy, the term &#8220;personal data&#8221; refers to any information relating to an identified or identifiable natural person. An identifiable person is one who can be directly or indirectly identified by reference to an identifier, such as a name, an identification number, location data, an online identifier or to one or more factors specific to his or her physical, physiological, genetic, mental, economic, cultural or social identity.<\/p>\n\t\t\t\t\t\t\t\t<\/div>\n\t\t\t\t<\/div>\n\t\t\t\t<div class=\"elementor-element elementor-element-b5d4fcd elementor-widget elementor-widget-text-editor\" data-id=\"b5d4fcd\" data-element_type=\"widget\" data-e-type=\"widget\" data-widget_type=\"text-editor.default\">\n\t\t\t\t<div class=\"elementor-widget-container\">\n\t\t\t\t\t\t\t\t\t<p><strong>II \u2013 COLLECTION OF PERSONAL DATA<br \/><\/strong><br \/><strong>1 \u2013 Collection<\/strong><\/p>\n<p>When you use our website, we may collect personal data about you such as your name, e-mail address, postal address, etc. We collect this information only if you provide it voluntarily by, for example, filling out a contact form or making an online donation.<\/p>\n<p><strong>2 \u2013 Purpose of data collection<br \/><\/strong><\/p>\n<p>The personal data we collect is used for our associative activities, in particular to respond to your requests, process your donations, inform you about our activities and improve the user experience on our website.<\/p>\n<p><strong>II \u2013 PROTECTING PERSONAL DATA<br \/><\/strong><br \/><strong>1 \u2013 Data security<br \/><\/strong><br \/>Sant\u00e9 Arm\u00e9nie is committed to ensuring the security, confidentiality and integrity of your personal data.<br \/>To that end, we take appropriate security measures to protect your personal data against all unauthorized access and all disclosure, alteration and destruction. This includes encryption protocols for online transactions and restricted access to sensitive data.<\/p>\n<p><strong>2 \u2013 Sharing personal data<br \/><\/strong><br \/>Sant\u00e9 Arm\u00e9nie will not share your personal data with third parties without your consent, except when needed to respond to your requests, process your donations, or when required by law.<\/p>\n\t\t\t\t\t\t\t\t<\/div>\n\t\t\t\t<\/div>\n\t\t\t\t<div class=\"elementor-element elementor-element-90003d5 elementor-widget elementor-widget-text-editor\" data-id=\"90003d5\" data-element_type=\"widget\" data-e-type=\"widget\" data-widget_type=\"text-editor.default\">\n\t\t\t\t<div class=\"elementor-widget-container\">\n\t\t\t\t\t\t\t\t\t<p><strong>III \u2013 DATA RETENTION PERIOD<br \/><\/strong><br \/>The personal data we collect is kept for a limited period of time in accordance with the purposes for which it was collected, unless a longer retention period is required by law or as a result of our legal obligations.<br \/>At the end of the retention period, personal data will be securely deleted or rendered anonymous, unless a legal obligation requires us to keep the data longer.<\/p>\n\t\t\t\t\t\t\t\t<\/div>\n\t\t\t\t<\/div>\n\t\t\t\t<div class=\"elementor-element elementor-element-81f8916 elementor-widget elementor-widget-text-editor\" data-id=\"81f8916\" data-element_type=\"widget\" data-e-type=\"widget\" data-widget_type=\"text-editor.default\">\n\t\t\t\t<div class=\"elementor-widget-container\">\n\t\t\t\t\t\t\t\t\t<p><strong>IV &#8211; COOKIES<br \/><\/strong><br \/>Our website uses cookies to enhance your online experience. You can adjust your browser settings to refuse cookies, but this may affect certain features on the website.<\/p>\n\t\t\t\t\t\t\t\t<\/div>\n\t\t\t\t<\/div>\n\t\t\t\t<div class=\"elementor-element elementor-element-df48ad1 elementor-widget elementor-widget-text-editor\" data-id=\"df48ad1\" data-element_type=\"widget\" data-e-type=\"widget\" data-widget_type=\"text-editor.default\">\n\t\t\t\t<div class=\"elementor-widget-container\">\n\t\t\t\t\t\t\t\t\t<strong>V \u2013 USERS\u2019 RIGHTS\n<\/strong>\nIn accordance with applicable data protection regulations, you have the right to access and rectify your data. In certain cases, you also have the right to have your data deleted, the right to restrict its processing, and the right to have it transferred to another IT environment. You also have the right to object to your personal data being processed and the right to object to your data being used for prospecting purposes.\nTo exercise these rights, please contact us at <a style=\"color: #e30613;\" href=\"mailto:contact@santearmenie.org\" target=\"_blank\" rel=\"noopener\">contact@santearmenie.org<\/a>. We will reply to your request as quickly as possible.\t\t\t\t\t\t\t\t<\/div>\n\t\t\t\t<\/div>\n\t\t\t\t<div class=\"elementor-element elementor-element-3bd4e53 elementor-widget elementor-widget-text-editor\" data-id=\"3bd4e53\" data-element_type=\"widget\" data-e-type=\"widget\" data-widget_type=\"text-editor.default\">\n\t\t\t\t<div class=\"elementor-widget-container\">\n\t\t\t\t\t\t\t\t\t<p><strong>VI &#8211; MODIFICATION OF THE PERSONAL DATA POLICY<br \/><\/strong><br \/>We reserve the right to update this privacy policy at any time. All changes will be posted on our website. By continuing to use our website after these changes are made, you consent to the new policy.<\/p>\n\t\t\t\t\t\t\t\t<\/div>\n\t\t\t\t<\/div>\n\t\t\t\t<div class=\"elementor-element elementor-element-ad99ea2 elementor-widget elementor-widget-text-editor\" data-id=\"ad99ea2\" data-element_type=\"widget\" data-e-type=\"widget\" data-widget_type=\"text-editor.default\">\n\t\t\t\t<div class=\"elementor-widget-container\">\n\t\t\t\t\t\t\t\t\t<p><strong>VII &#8211; CONTACT<br \/><\/strong><br \/>If you have any questions about our privacy policy, please contact us<br \/>at <a style=\"color: #e30613;\" href=\"mailto:contact@santearmenie.org\" target=\"_blank\" rel=\"noopener\">contact@santearmenie.org<\/a><\/p>\n\t\t\t\t\t\t\t\t<\/div>\n\t\t\t\t<\/div>\n\t\t\t\t\t<\/div>\n\t\t\t\t<\/div>\n\t\t\t\t<\/div>\n\t\t","protected":false},"excerpt":{"rendered":"<p>I \u2013 PURPOSE AND SCOPESant\u00e9 Arm\u00e9nie is committed to protecting the privacy of Internet users and to ensuring the highest level of protection of the personal data entrusted to us. The purpose of this policy is to inform you of the way in which we process the personal data you provide during your use of [&hellip;]<\/p>\n","protected":false},"author":5,"featured_media":0,"parent":4507,"menu_order":0,"comment_status":"closed","ping_status":"closed","template":"","meta":{"footnotes":""},"class_list":["post-4643","page","type-page","status-publish","hentry"],"yoast_head":"<!-- This site is optimized with the Yoast SEO plugin v27.3 - https:\/\/yoast.com\/product\/yoast-seo-wordpress\/ -->\n<title>Privacy policy | Sant\u00e9 Arm\u00e9nie<\/title>\n<meta name=\"robots\" content=\"index, follow, max-snippet:-1, max-image-preview:large, max-video-preview:-1\" \/>\n<link rel=\"canonical\" href=\"https:\/\/www.santearmenie.org\/en\/sante-armenie-en\/privacy-policy\/\" \/>\n<meta property=\"og:locale\" content=\"en_US\" \/>\n<meta property=\"og:type\" content=\"article\" \/>\n<meta property=\"og:title\" content=\"Privacy policy | Sant\u00e9 Arm\u00e9nie\" \/>\n<meta property=\"og:description\" content=\"I \u2013 PURPOSE AND SCOPESant\u00e9 Arm\u00e9nie is committed to protecting the privacy of Internet users and to ensuring the highest level of protection of the personal data entrusted to us. The purpose of this policy is to inform you of the way in which we process the personal data you provide during your use of [&hellip;]\" \/>\n<meta property=\"og:url\" content=\"https:\/\/www.santearmenie.org\/en\/sante-armenie-en\/privacy-policy\/\" \/>\n<meta property=\"og:site_name\" content=\"Sante Armenie\" \/>\n<meta property=\"article:modified_time\" content=\"2024-06-24T16:26:23+00:00\" \/>\n<meta name=\"twitter:card\" content=\"summary_large_image\" \/>\n<meta name=\"twitter:label1\" content=\"Est. reading time\" \/>\n\t<meta name=\"twitter:data1\" content=\"3 minutes\" \/>\n<script type=\"application\/ld+json\" class=\"yoast-schema-graph\">{\"@context\":\"https:\\\/\\\/schema.org\",\"@graph\":[{\"@type\":\"WebPage\",\"@id\":\"https:\\\/\\\/www.santearmenie.org\\\/en\\\/sante-armenie-en\\\/privacy-policy\\\/\",\"url\":\"https:\\\/\\\/www.santearmenie.org\\\/en\\\/sante-armenie-en\\\/privacy-policy\\\/\",\"name\":\"Privacy policy | Sant\u00e9 Arm\u00e9nie\",\"isPartOf\":{\"@id\":\"https:\\\/\\\/www.santearmenie.org\\\/en\\\/#website\"},\"datePublished\":\"2024-02-13T15:39:09+00:00\",\"dateModified\":\"2024-06-24T16:26:23+00:00\",\"breadcrumb\":{\"@id\":\"https:\\\/\\\/www.santearmenie.org\\\/en\\\/sante-armenie-en\\\/privacy-policy\\\/#breadcrumb\"},\"inLanguage\":\"en-US\",\"potentialAction\":[{\"@type\":\"ReadAction\",\"target\":[\"https:\\\/\\\/www.santearmenie.org\\\/en\\\/sante-armenie-en\\\/privacy-policy\\\/\"]}]},{\"@type\":\"BreadcrumbList\",\"@id\":\"https:\\\/\\\/www.santearmenie.org\\\/en\\\/sante-armenie-en\\\/privacy-policy\\\/#breadcrumb\",\"itemListElement\":[{\"@type\":\"ListItem\",\"position\":1,\"name\":\"Home\",\"item\":\"https:\\\/\\\/www.santearmenie.org\\\/en\\\/\"},{\"@type\":\"ListItem\",\"position\":2,\"name\":\"Privacy policy\"}]},{\"@type\":\"WebSite\",\"@id\":\"https:\\\/\\\/www.santearmenie.org\\\/en\\\/#website\",\"url\":\"https:\\\/\\\/www.santearmenie.org\\\/en\\\/\",\"name\":\"Sante Armenie\",\"description\":\"Sant\u00e9 Arm\u00e9nie est une association loi 1901 r\u00e9unissant des professionnels de sant\u00e9 et autres volontaires europ\u00e9ens qui se sont donn\u00e9s pour objectif de participer au d\u00e9veloppement sur le long terme du syst\u00e8me de sant\u00e9 arm\u00e9nien. Sant\u00e9 Arm\u00e9nie a \u00e9t\u00e9 cr\u00e9\u00e9e \u00e0 la suite de la guerre de 2020 en Artsakh et entreprend depuis lors de nombreux projets touchant diff\u00e9rents aspects du secteur de sant\u00e9 arm\u00e9nien.\",\"publisher\":{\"@id\":\"https:\\\/\\\/www.santearmenie.org\\\/en\\\/#organization\"},\"potentialAction\":[{\"@type\":\"SearchAction\",\"target\":{\"@type\":\"EntryPoint\",\"urlTemplate\":\"https:\\\/\\\/www.santearmenie.org\\\/en\\\/?s={search_term_string}\"},\"query-input\":{\"@type\":\"PropertyValueSpecification\",\"valueRequired\":true,\"valueName\":\"search_term_string\"}}],\"inLanguage\":\"en-US\"},{\"@type\":\"Organization\",\"@id\":\"https:\\\/\\\/www.santearmenie.org\\\/en\\\/#organization\",\"name\":\"Sante Armenie\",\"url\":\"https:\\\/\\\/www.santearmenie.org\\\/en\\\/\",\"logo\":{\"@type\":\"ImageObject\",\"inLanguage\":\"en-US\",\"@id\":\"https:\\\/\\\/www.santearmenie.org\\\/en\\\/#\\\/schema\\\/logo\\\/image\\\/\",\"url\":\"https:\\\/\\\/www.santearmenie.org\\\/wp-content\\\/uploads\\\/2025\\\/08\\\/cropped-Logo-Sante-Armenie-blanc-BD.png\",\"contentUrl\":\"https:\\\/\\\/www.santearmenie.org\\\/wp-content\\\/uploads\\\/2025\\\/08\\\/cropped-Logo-Sante-Armenie-blanc-BD.png\",\"width\":784,\"height\":528,\"caption\":\"Sante Armenie\"},\"image\":{\"@id\":\"https:\\\/\\\/www.santearmenie.org\\\/en\\\/#\\\/schema\\\/logo\\\/image\\\/\"}}]}<\/script>\n<!-- \/ Yoast SEO plugin. -->","yoast_head_json":{"title":"Privacy policy | Sant\u00e9 Arm\u00e9nie","robots":{"index":"index","follow":"follow","max-snippet":"max-snippet:-1","max-image-preview":"max-image-preview:large","max-video-preview":"max-video-preview:-1"},"canonical":"https:\/\/www.santearmenie.org\/en\/sante-armenie-en\/privacy-policy\/","og_locale":"en_US","og_type":"article","og_title":"Privacy policy | Sant\u00e9 Arm\u00e9nie","og_description":"I \u2013 PURPOSE AND SCOPESant\u00e9 Arm\u00e9nie is committed to protecting the privacy of Internet users and to ensuring the highest level of protection of the personal data entrusted to us. The purpose of this policy is to inform you of the way in which we process the personal data you provide during your use of [&hellip;]","og_url":"https:\/\/www.santearmenie.org\/en\/sante-armenie-en\/privacy-policy\/","og_site_name":"Sante Armenie","article_modified_time":"2024-06-24T16:26:23+00:00","twitter_card":"summary_large_image","twitter_misc":{"Est. reading time":"3 minutes"},"schema":{"@context":"https:\/\/schema.org","@graph":[{"@type":"WebPage","@id":"https:\/\/www.santearmenie.org\/en\/sante-armenie-en\/privacy-policy\/","url":"https:\/\/www.santearmenie.org\/en\/sante-armenie-en\/privacy-policy\/","name":"Privacy policy | Sant\u00e9 Arm\u00e9nie","isPartOf":{"@id":"https:\/\/www.santearmenie.org\/en\/#website"},"datePublished":"2024-02-13T15:39:09+00:00","dateModified":"2024-06-24T16:26:23+00:00","breadcrumb":{"@id":"https:\/\/www.santearmenie.org\/en\/sante-armenie-en\/privacy-policy\/#breadcrumb"},"inLanguage":"en-US","potentialAction":[{"@type":"ReadAction","target":["https:\/\/www.santearmenie.org\/en\/sante-armenie-en\/privacy-policy\/"]}]},{"@type":"BreadcrumbList","@id":"https:\/\/www.santearmenie.org\/en\/sante-armenie-en\/privacy-policy\/#breadcrumb","itemListElement":[{"@type":"ListItem","position":1,"name":"Home","item":"https:\/\/www.santearmenie.org\/en\/"},{"@type":"ListItem","position":2,"name":"Privacy policy"}]},{"@type":"WebSite","@id":"https:\/\/www.santearmenie.org\/en\/#website","url":"https:\/\/www.santearmenie.org\/en\/","name":"Sante Armenie","description":"Sant\u00e9 Arm\u00e9nie est une association loi 1901 r\u00e9unissant des professionnels de sant\u00e9 et autres volontaires europ\u00e9ens qui se sont donn\u00e9s pour objectif de participer au d\u00e9veloppement sur le long terme du syst\u00e8me de sant\u00e9 arm\u00e9nien. Sant\u00e9 Arm\u00e9nie a \u00e9t\u00e9 cr\u00e9\u00e9e \u00e0 la suite de la guerre de 2020 en Artsakh et entreprend depuis lors de nombreux projets touchant diff\u00e9rents aspects du secteur de sant\u00e9 arm\u00e9nien.","publisher":{"@id":"https:\/\/www.santearmenie.org\/en\/#organization"},"potentialAction":[{"@type":"SearchAction","target":{"@type":"EntryPoint","urlTemplate":"https:\/\/www.santearmenie.org\/en\/?s={search_term_string}"},"query-input":{"@type":"PropertyValueSpecification","valueRequired":true,"valueName":"search_term_string"}}],"inLanguage":"en-US"},{"@type":"Organization","@id":"https:\/\/www.santearmenie.org\/en\/#organization","name":"Sante Armenie","url":"https:\/\/www.santearmenie.org\/en\/","logo":{"@type":"ImageObject","inLanguage":"en-US","@id":"https:\/\/www.santearmenie.org\/en\/#\/schema\/logo\/image\/","url":"https:\/\/www.santearmenie.org\/wp-content\/uploads\/2025\/08\/cropped-Logo-Sante-Armenie-blanc-BD.png","contentUrl":"https:\/\/www.santearmenie.org\/wp-content\/uploads\/2025\/08\/cropped-Logo-Sante-Armenie-blanc-BD.png","width":784,"height":528,"caption":"Sante Armenie"},"image":{"@id":"https:\/\/www.santearmenie.org\/en\/#\/schema\/logo\/image\/"}}]}},"_links":{"self":[{"href":"https:\/\/www.santearmenie.org\/en\/wp-json\/wp\/v2\/pages\/4643","targetHints":{"allow":["GET"]}}],"collection":[{"href":"https:\/\/www.santearmenie.org\/en\/wp-json\/wp\/v2\/pages"}],"about":[{"href":"https:\/\/www.santearmenie.org\/en\/wp-json\/wp\/v2\/types\/page"}],"author":[{"embeddable":true,"href":"https:\/\/www.santearmenie.org\/en\/wp-json\/wp\/v2\/users\/5"}],"replies":[{"embeddable":true,"href":"https:\/\/www.santearmenie.org\/en\/wp-json\/wp\/v2\/comments?post=4643"}],"version-history":[{"count":1,"href":"https:\/\/www.santearmenie.org\/en\/wp-json\/wp\/v2\/pages\/4643\/revisions"}],"predecessor-version":[{"id":4644,"href":"https:\/\/www.santearmenie.org\/en\/wp-json\/wp\/v2\/pages\/4643\/revisions\/4644"}],"up":[{"embeddable":true,"href":"https:\/\/www.santearmenie.org\/en\/wp-json\/wp\/v2\/pages\/4507"}],"wp:attachment":[{"href":"https:\/\/www.santearmenie.org\/en\/wp-json\/wp\/v2\/media?parent=4643"}],"curies":[{"name":"wp","href":"https:\/\/api.w.org\/{rel}","templated":true}]}}