{"id":4620,"date":"2024-02-01T04:46:24","date_gmt":"2024-02-01T02:46:24","guid":{"rendered":"https:\/\/sante-armenie.flywheelstaging.com\/activity-report\/"},"modified":"2024-06-21T15:28:44","modified_gmt":"2024-06-21T13:28:44","slug":"activity-report","status":"publish","type":"page","link":"https:\/\/www.santearmenie.org\/en\/who-we-are\/activity-report\/","title":{"rendered":"Activity report"},"content":{"rendered":"\t\t<div data-elementor-type=\"wp-page\" data-elementor-id=\"4620\" class=\"elementor elementor-4620 elementor-869\" data-elementor-post-type=\"page\">\n\t\t\t\t<div class=\"elementor-element elementor-element-d58015c e-con-full e-flex e-con e-parent\" data-id=\"d58015c\" data-element_type=\"container\" data-e-type=\"container\">\n\t\t\t\t<div class=\"elementor-element elementor-element-d5d1f2f elementor-widget elementor-widget-background-hero\" data-id=\"d5d1f2f\" data-element_type=\"widget\" data-e-type=\"widget\" data-widget_type=\"background-hero.default\">\n\t\t\t\t<div class=\"elementor-widget-container\">\n\t\t\t\t\t\n        <section class=\"background-hero-section\">\n            <img decoding=\"async\" src=\"https:\/\/www.santearmenie.org\/wp-content\/uploads\/2024\/03\/Capture-decran-2024-03-11-a-21.22.04-e1710188616803.png\" alt=\"\"\/>\n            <h1 style=\"color: #000\"><\/h1>\n        <\/section>\n        \t\t\t\t<\/div>\n\t\t\t\t<\/div>\n\t\t\t\t<\/div>\n\t\t<div class=\"elementor-element elementor-element-9ed7398 e-flex e-con-boxed e-con e-parent\" data-id=\"9ed7398\" data-element_type=\"container\" data-e-type=\"container\">\n\t\t\t\t\t<div class=\"e-con-inner\">\n\t\t\t\t<div class=\"elementor-element elementor-element-773a7b5 elementor-widget elementor-widget-heading\" data-id=\"773a7b5\" data-element_type=\"widget\" data-e-type=\"widget\" data-widget_type=\"heading.default\">\n\t\t\t\t<div class=\"elementor-widget-container\">\n\t\t\t\t\t<h1 class=\"elementor-heading-title elementor-size-default\">Sant\u00e9 Arm\u00e9nie Annual Reports <\/h1>\t\t\t\t<\/div>\n\t\t\t\t<\/div>\n\t\t\t\t\t<\/div>\n\t\t\t\t<\/div>\n\t\t<div class=\"elementor-element elementor-element-5a68861 e-flex e-con-boxed e-con e-parent\" data-id=\"5a68861\" data-element_type=\"container\" data-e-type=\"container\">\n\t\t\t\t\t<div class=\"e-con-inner\">\n\t\t\t\t<div class=\"elementor-element elementor-element-fd78dfa elementor-widget elementor-widget-text-editor\" data-id=\"fd78dfa\" data-element_type=\"widget\" data-e-type=\"widget\" data-widget_type=\"text-editor.default\">\n\t\t\t\t<div class=\"elementor-widget-container\">\n\t\t\t\t\t\t\t\t\t<p>Discover and download our latest reports on our missions and projects.<\/p>\n\t\t\t\t\t\t\t\t<\/div>\n\t\t\t\t<\/div>\n\t\t\t\t\t<\/div>\n\t\t\t\t<\/div>\n\t\t\t\t<\/div>\n\t\t","protected":false},"excerpt":{"rendered":"<p>Sant\u00e9 Arm\u00e9nie Annual Reports Discover and download our latest reports on our missions and projects.<\/p>\n","protected":false},"author":5,"featured_media":0,"parent":4624,"menu_order":0,"comment_status":"closed","ping_status":"closed","template":"","meta":{"footnotes":""},"class_list":["post-4620","page","type-page","status-publish","hentry"],"yoast_head":"<!-- This site is optimized with the Yoast SEO plugin v27.3 - https:\/\/yoast.com\/product\/yoast-seo-wordpress\/ -->\n<title>Sant\u00e9 Arm\u00e9nie Annual Reports<\/title>\n<meta name=\"description\" content=\"Discover in detail Sant\u00e9 Arm\u00e9nie\u2019s activities. Consult our annual reports.\" \/>\n<meta name=\"robots\" content=\"index, follow, max-snippet:-1, max-image-preview:large, max-video-preview:-1\" \/>\n<link rel=\"canonical\" href=\"https:\/\/www.santearmenie.org\/en\/who-we-are\/activity-report\/\" \/>\n<meta property=\"og:locale\" content=\"en_US\" \/>\n<meta property=\"og:type\" content=\"article\" \/>\n<meta property=\"og:title\" content=\"Sant\u00e9 Arm\u00e9nie Annual Reports\" \/>\n<meta property=\"og:description\" content=\"Discover in detail Sant\u00e9 Arm\u00e9nie\u2019s activities. Consult our annual reports.\" \/>\n<meta property=\"og:url\" content=\"https:\/\/www.santearmenie.org\/en\/who-we-are\/activity-report\/\" \/>\n<meta property=\"og:site_name\" content=\"Sante Armenie\" \/>\n<meta property=\"article:modified_time\" content=\"2024-06-21T13:28:44+00:00\" \/>\n<meta property=\"og:image\" content=\"https:\/\/www.santearmenie.org\/wp-content\/uploads\/2024\/03\/Capture-decran-2024-03-11-a-21.22.04-e1710188616803.png\" \/>\n<meta name=\"twitter:card\" content=\"summary_large_image\" \/>\n<script type=\"application\/ld+json\" class=\"yoast-schema-graph\">{\"@context\":\"https:\\\/\\\/schema.org\",\"@graph\":[{\"@type\":\"WebPage\",\"@id\":\"https:\\\/\\\/www.santearmenie.org\\\/en\\\/who-we-are\\\/activity-report\\\/\",\"url\":\"https:\\\/\\\/www.santearmenie.org\\\/en\\\/who-we-are\\\/activity-report\\\/\",\"name\":\"Sant\u00e9 Arm\u00e9nie Annual Reports\",\"isPartOf\":{\"@id\":\"https:\\\/\\\/www.santearmenie.org\\\/en\\\/#website\"},\"primaryImageOfPage\":{\"@id\":\"https:\\\/\\\/www.santearmenie.org\\\/en\\\/who-we-are\\\/activity-report\\\/#primaryimage\"},\"image\":{\"@id\":\"https:\\\/\\\/www.santearmenie.org\\\/en\\\/who-we-are\\\/activity-report\\\/#primaryimage\"},\"thumbnailUrl\":\"https:\\\/\\\/www.santearmenie.org\\\/wp-content\\\/uploads\\\/2024\\\/03\\\/Capture-decran-2024-03-11-a-21.22.04-e1710188616803.png\",\"datePublished\":\"2024-02-01T02:46:24+00:00\",\"dateModified\":\"2024-06-21T13:28:44+00:00\",\"description\":\"Discover in detail Sant\u00e9 Arm\u00e9nie\u2019s activities. Consult our annual reports.\",\"breadcrumb\":{\"@id\":\"https:\\\/\\\/www.santearmenie.org\\\/en\\\/who-we-are\\\/activity-report\\\/#breadcrumb\"},\"inLanguage\":\"en-US\",\"potentialAction\":[{\"@type\":\"ReadAction\",\"target\":[\"https:\\\/\\\/www.santearmenie.org\\\/en\\\/who-we-are\\\/activity-report\\\/\"]}]},{\"@type\":\"ImageObject\",\"inLanguage\":\"en-US\",\"@id\":\"https:\\\/\\\/www.santearmenie.org\\\/en\\\/who-we-are\\\/activity-report\\\/#primaryimage\",\"url\":\"https:\\\/\\\/www.santearmenie.org\\\/wp-content\\\/uploads\\\/2024\\\/03\\\/Capture-decran-2024-03-11-a-21.22.04-e1710188616803.png\",\"contentUrl\":\"https:\\\/\\\/www.santearmenie.org\\\/wp-content\\\/uploads\\\/2024\\\/03\\\/Capture-decran-2024-03-11-a-21.22.04-e1710188616803.png\"},{\"@type\":\"BreadcrumbList\",\"@id\":\"https:\\\/\\\/www.santearmenie.org\\\/en\\\/who-we-are\\\/activity-report\\\/#breadcrumb\",\"itemListElement\":[{\"@type\":\"ListItem\",\"position\":1,\"name\":\"Home\",\"item\":\"https:\\\/\\\/www.santearmenie.org\\\/en\\\/\"},{\"@type\":\"ListItem\",\"position\":2,\"name\":\"Activity report\"}]},{\"@type\":\"WebSite\",\"@id\":\"https:\\\/\\\/www.santearmenie.org\\\/en\\\/#website\",\"url\":\"https:\\\/\\\/www.santearmenie.org\\\/en\\\/\",\"name\":\"Sante Armenie\",\"description\":\"Sant\u00e9 Arm\u00e9nie est une association loi 1901 r\u00e9unissant des professionnels de sant\u00e9 et autres volontaires europ\u00e9ens qui se sont donn\u00e9s pour objectif de participer au d\u00e9veloppement sur le long terme du syst\u00e8me de sant\u00e9 arm\u00e9nien. Sant\u00e9 Arm\u00e9nie a \u00e9t\u00e9 cr\u00e9\u00e9e \u00e0 la suite de la guerre de 2020 en Artsakh et entreprend depuis lors de nombreux projets touchant diff\u00e9rents aspects du secteur de sant\u00e9 arm\u00e9nien.\",\"publisher\":{\"@id\":\"https:\\\/\\\/www.santearmenie.org\\\/en\\\/#organization\"},\"potentialAction\":[{\"@type\":\"SearchAction\",\"target\":{\"@type\":\"EntryPoint\",\"urlTemplate\":\"https:\\\/\\\/www.santearmenie.org\\\/en\\\/?s={search_term_string}\"},\"query-input\":{\"@type\":\"PropertyValueSpecification\",\"valueRequired\":true,\"valueName\":\"search_term_string\"}}],\"inLanguage\":\"en-US\"},{\"@type\":\"Organization\",\"@id\":\"https:\\\/\\\/www.santearmenie.org\\\/en\\\/#organization\",\"name\":\"Sante Armenie\",\"url\":\"https:\\\/\\\/www.santearmenie.org\\\/en\\\/\",\"logo\":{\"@type\":\"ImageObject\",\"inLanguage\":\"en-US\",\"@id\":\"https:\\\/\\\/www.santearmenie.org\\\/en\\\/#\\\/schema\\\/logo\\\/image\\\/\",\"url\":\"https:\\\/\\\/www.santearmenie.org\\\/wp-content\\\/uploads\\\/2025\\\/08\\\/cropped-Logo-Sante-Armenie-blanc-BD.png\",\"contentUrl\":\"https:\\\/\\\/www.santearmenie.org\\\/wp-content\\\/uploads\\\/2025\\\/08\\\/cropped-Logo-Sante-Armenie-blanc-BD.png\",\"width\":784,\"height\":528,\"caption\":\"Sante Armenie\"},\"image\":{\"@id\":\"https:\\\/\\\/www.santearmenie.org\\\/en\\\/#\\\/schema\\\/logo\\\/image\\\/\"}}]}<\/script>\n<!-- \/ Yoast SEO plugin. -->","yoast_head_json":{"title":"Sant\u00e9 Arm\u00e9nie Annual Reports","description":"Discover in detail Sant\u00e9 Arm\u00e9nie\u2019s activities. Consult our annual reports.","robots":{"index":"index","follow":"follow","max-snippet":"max-snippet:-1","max-image-preview":"max-image-preview:large","max-video-preview":"max-video-preview:-1"},"canonical":"https:\/\/www.santearmenie.org\/en\/who-we-are\/activity-report\/","og_locale":"en_US","og_type":"article","og_title":"Sant\u00e9 Arm\u00e9nie Annual Reports","og_description":"Discover in detail Sant\u00e9 Arm\u00e9nie\u2019s activities. Consult our annual reports.","og_url":"https:\/\/www.santearmenie.org\/en\/who-we-are\/activity-report\/","og_site_name":"Sante Armenie","article_modified_time":"2024-06-21T13:28:44+00:00","og_image":[{"url":"https:\/\/www.santearmenie.org\/wp-content\/uploads\/2024\/03\/Capture-decran-2024-03-11-a-21.22.04-e1710188616803.png","type":"","width":"","height":""}],"twitter_card":"summary_large_image","schema":{"@context":"https:\/\/schema.org","@graph":[{"@type":"WebPage","@id":"https:\/\/www.santearmenie.org\/en\/who-we-are\/activity-report\/","url":"https:\/\/www.santearmenie.org\/en\/who-we-are\/activity-report\/","name":"Sant\u00e9 Arm\u00e9nie Annual Reports","isPartOf":{"@id":"https:\/\/www.santearmenie.org\/en\/#website"},"primaryImageOfPage":{"@id":"https:\/\/www.santearmenie.org\/en\/who-we-are\/activity-report\/#primaryimage"},"image":{"@id":"https:\/\/www.santearmenie.org\/en\/who-we-are\/activity-report\/#primaryimage"},"thumbnailUrl":"https:\/\/www.santearmenie.org\/wp-content\/uploads\/2024\/03\/Capture-decran-2024-03-11-a-21.22.04-e1710188616803.png","datePublished":"2024-02-01T02:46:24+00:00","dateModified":"2024-06-21T13:28:44+00:00","description":"Discover in detail Sant\u00e9 Arm\u00e9nie\u2019s activities. Consult our annual reports.","breadcrumb":{"@id":"https:\/\/www.santearmenie.org\/en\/who-we-are\/activity-report\/#breadcrumb"},"inLanguage":"en-US","potentialAction":[{"@type":"ReadAction","target":["https:\/\/www.santearmenie.org\/en\/who-we-are\/activity-report\/"]}]},{"@type":"ImageObject","inLanguage":"en-US","@id":"https:\/\/www.santearmenie.org\/en\/who-we-are\/activity-report\/#primaryimage","url":"https:\/\/www.santearmenie.org\/wp-content\/uploads\/2024\/03\/Capture-decran-2024-03-11-a-21.22.04-e1710188616803.png","contentUrl":"https:\/\/www.santearmenie.org\/wp-content\/uploads\/2024\/03\/Capture-decran-2024-03-11-a-21.22.04-e1710188616803.png"},{"@type":"BreadcrumbList","@id":"https:\/\/www.santearmenie.org\/en\/who-we-are\/activity-report\/#breadcrumb","itemListElement":[{"@type":"ListItem","position":1,"name":"Home","item":"https:\/\/www.santearmenie.org\/en\/"},{"@type":"ListItem","position":2,"name":"Activity report"}]},{"@type":"WebSite","@id":"https:\/\/www.santearmenie.org\/en\/#website","url":"https:\/\/www.santearmenie.org\/en\/","name":"Sante Armenie","description":"Sant\u00e9 Arm\u00e9nie est une association loi 1901 r\u00e9unissant des professionnels de sant\u00e9 et autres volontaires europ\u00e9ens qui se sont donn\u00e9s pour objectif de participer au d\u00e9veloppement sur le long terme du syst\u00e8me de sant\u00e9 arm\u00e9nien. Sant\u00e9 Arm\u00e9nie a \u00e9t\u00e9 cr\u00e9\u00e9e \u00e0 la suite de la guerre de 2020 en Artsakh et entreprend depuis lors de nombreux projets touchant diff\u00e9rents aspects du secteur de sant\u00e9 arm\u00e9nien.","publisher":{"@id":"https:\/\/www.santearmenie.org\/en\/#organization"},"potentialAction":[{"@type":"SearchAction","target":{"@type":"EntryPoint","urlTemplate":"https:\/\/www.santearmenie.org\/en\/?s={search_term_string}"},"query-input":{"@type":"PropertyValueSpecification","valueRequired":true,"valueName":"search_term_string"}}],"inLanguage":"en-US"},{"@type":"Organization","@id":"https:\/\/www.santearmenie.org\/en\/#organization","name":"Sante Armenie","url":"https:\/\/www.santearmenie.org\/en\/","logo":{"@type":"ImageObject","inLanguage":"en-US","@id":"https:\/\/www.santearmenie.org\/en\/#\/schema\/logo\/image\/","url":"https:\/\/www.santearmenie.org\/wp-content\/uploads\/2025\/08\/cropped-Logo-Sante-Armenie-blanc-BD.png","contentUrl":"https:\/\/www.santearmenie.org\/wp-content\/uploads\/2025\/08\/cropped-Logo-Sante-Armenie-blanc-BD.png","width":784,"height":528,"caption":"Sante Armenie"},"image":{"@id":"https:\/\/www.santearmenie.org\/en\/#\/schema\/logo\/image\/"}}]}},"_links":{"self":[{"href":"https:\/\/www.santearmenie.org\/en\/wp-json\/wp\/v2\/pages\/4620","targetHints":{"allow":["GET"]}}],"collection":[{"href":"https:\/\/www.santearmenie.org\/en\/wp-json\/wp\/v2\/pages"}],"about":[{"href":"https:\/\/www.santearmenie.org\/en\/wp-json\/wp\/v2\/types\/page"}],"author":[{"embeddable":true,"href":"https:\/\/www.santearmenie.org\/en\/wp-json\/wp\/v2\/users\/5"}],"replies":[{"embeddable":true,"href":"https:\/\/www.santearmenie.org\/en\/wp-json\/wp\/v2\/comments?post=4620"}],"version-history":[{"count":1,"href":"https:\/\/www.santearmenie.org\/en\/wp-json\/wp\/v2\/pages\/4620\/revisions"}],"predecessor-version":[{"id":4623,"href":"https:\/\/www.santearmenie.org\/en\/wp-json\/wp\/v2\/pages\/4620\/revisions\/4623"}],"up":[{"embeddable":true,"href":"https:\/\/www.santearmenie.org\/en\/wp-json\/wp\/v2\/pages\/4624"}],"wp:attachment":[{"href":"https:\/\/www.santearmenie.org\/en\/wp-json\/wp\/v2\/media?parent=4620"}],"curies":[{"name":"wp","href":"https:\/\/api.w.org\/{rel}","templated":true}]}}