{"id":4614,"date":"2024-02-13T17:24:43","date_gmt":"2024-02-13T16:24:43","guid":{"rendered":"https:\/\/sante-armenie.flywheelstaging.com\/terms-of-use\/"},"modified":"2025-11-09T21:34:02","modified_gmt":"2025-11-09T19:34:02","slug":"terms-of-use","status":"publish","type":"page","link":"https:\/\/www.santearmenie.org\/en\/sante-armenie-en\/terms-of-use\/","title":{"rendered":"Terms of use"},"content":{"rendered":"\t\t<div data-elementor-type=\"wp-page\" data-elementor-id=\"4614\" class=\"elementor elementor-4614 elementor-1137\" data-elementor-post-type=\"page\">\n\t\t\t\t<div class=\"elementor-element elementor-element-8040e62 e-flex e-con-boxed e-con e-parent\" data-id=\"8040e62\" data-element_type=\"container\" data-e-type=\"container\">\n\t\t\t\t\t<div class=\"e-con-inner\">\n\t\t\t\t<div class=\"elementor-element elementor-element-f58cd75 elementor-widget elementor-widget-heading\" data-id=\"f58cd75\" data-element_type=\"widget\" data-e-type=\"widget\" data-widget_type=\"heading.default\">\n\t\t\t\t<div class=\"elementor-widget-container\">\n\t\t\t\t\t<h2 class=\"elementor-heading-title elementor-size-default\">Terms of use<\/h2>\t\t\t\t<\/div>\n\t\t\t\t<\/div>\n\t\t\t\t\t<\/div>\n\t\t\t\t<\/div>\n\t\t<div class=\"elementor-element elementor-element-1089b1b e-flex e-con-boxed e-con e-parent\" data-id=\"1089b1b\" data-element_type=\"container\" data-e-type=\"container\">\n\t\t\t\t\t<div class=\"e-con-inner\">\n\t\t\t\t<div class=\"elementor-element elementor-element-292ffd6 elementor-widget elementor-widget-text-editor\" data-id=\"292ffd6\" data-element_type=\"widget\" data-e-type=\"widget\" data-widget_type=\"text-editor.default\">\n\t\t\t\t<div class=\"elementor-widget-container\">\n\t\t\t\t\t\t\t\t\t<p><span style=\"font-weight: 400;\">The santearmenie.org website is published by<\/span><span style=\"font-weight: 400;\">Association Sant\u00e9 Arm\u00e9nie, registered at<\/span><\/p>\n\t\t\t\t\t\t\t\t<\/div>\n\t\t\t\t<\/div>\n\t\t\t\t\t<\/div>\n\t\t\t\t<\/div>\n\t\t<div class=\"elementor-element elementor-element-bdebf30 e-flex e-con-boxed e-con e-parent\" data-id=\"bdebf30\" data-element_type=\"container\" data-e-type=\"container\">\n\t\t\t\t\t<div class=\"e-con-inner\">\n\t\t\t\t<div class=\"elementor-element elementor-element-0ee62e1 elementor-widget__width-inherit elementor-icon-list--layout-traditional elementor-list-item-link-full_width elementor-widget elementor-widget-icon-list\" data-id=\"0ee62e1\" data-element_type=\"widget\" data-e-type=\"widget\" data-widget_type=\"icon-list.default\">\n\t\t\t\t<div class=\"elementor-widget-container\">\n\t\t\t\t\t\t\t<ul class=\"elementor-icon-list-items\">\n\t\t\t\t\t\t\t<li class=\"elementor-icon-list-item\">\n\t\t\t\t\t\t\t\t\t\t\t<span class=\"elementor-icon-list-icon\">\n\t\t\t\t\t\t\t<svg aria-hidden=\"true\" class=\"e-font-icon-svg e-fas-address-card\" viewBox=\"0 0 576 512\" xmlns=\"http:\/\/www.w3.org\/2000\/svg\"><path d=\"M528 32H48C21.5 32 0 53.5 0 80v352c0 26.5 21.5 48 48 48h480c26.5 0 48-21.5 48-48V80c0-26.5-21.5-48-48-48zm-352 96c35.3 0 64 28.7 64 64s-28.7 64-64 64-64-28.7-64-64 28.7-64 64-64zm112 236.8c0 10.6-10 19.2-22.4 19.2H86.4C74 384 64 375.4 64 364.8v-19.2c0-31.8 30.1-57.6 67.2-57.6h5c12.3 5.1 25.7 8 39.8 8s27.6-2.9 39.8-8h5c37.1 0 67.2 25.8 67.2 57.6v19.2zM512 312c0 4.4-3.6 8-8 8H360c-4.4 0-8-3.6-8-8v-16c0-4.4 3.6-8 8-8h144c4.4 0 8 3.6 8 8v16zm0-64c0 4.4-3.6 8-8 8H360c-4.4 0-8-3.6-8-8v-16c0-4.4 3.6-8 8-8h144c4.4 0 8 3.6 8 8v16zm0-64c0 4.4-3.6 8-8 8H360c-4.4 0-8-3.6-8-8v-16c0-4.4 3.6-8 8-8h144c4.4 0 8 3.6 8 8v16z\"><\/path><\/svg>\t\t\t\t\t\t<\/span>\n\t\t\t\t\t\t\t\t\t\t<span class=\"elementor-icon-list-text\">11, Square Alboni, 75016 Paris, France<\/span>\n\t\t\t\t\t\t\t\t\t<\/li>\n\t\t\t\t\t\t\t\t<li class=\"elementor-icon-list-item\">\n\t\t\t\t\t\t\t\t\t\t\t<a href=\"\">\n\n\t\t\t\t\t\t\t\t\t\t\t\t<span class=\"elementor-icon-list-icon\">\n\t\t\t\t\t\t\t<svg aria-hidden=\"true\" class=\"e-font-icon-svg e-fas-phone\" viewBox=\"0 0 512 512\" xmlns=\"http:\/\/www.w3.org\/2000\/svg\"><path d=\"M493.4 24.6l-104-24c-11.3-2.6-22.9 3.3-27.5 13.9l-48 112c-4.2 9.8-1.4 21.3 6.9 28l60.6 49.6c-36 76.7-98.9 140.5-177.2 177.2l-49.6-60.6c-6.8-8.3-18.2-11.1-28-6.9l-112 48C3.9 366.5-2 378.1.6 389.4l24 104C27.1 504.2 36.7 512 48 512c256.1 0 464-207.5 464-464 0-11.2-7.7-20.9-18.6-23.4z\"><\/path><\/svg>\t\t\t\t\t\t<\/span>\n\t\t\t\t\t\t\t\t\t\t<span class=\"elementor-icon-list-text\">+33 (0)1 45 24 72 79  <\/span>\n\t\t\t\t\t\t\t\t\t\t\t<\/a>\n\t\t\t\t\t\t\t\t\t<\/li>\n\t\t\t\t\t\t<\/ul>\n\t\t\t\t\t\t<\/div>\n\t\t\t\t<\/div>\n\t\t\t\t\t<\/div>\n\t\t\t\t<\/div>\n\t\t<div class=\"elementor-element elementor-element-4e174b6 e-flex e-con-boxed e-con e-parent\" data-id=\"4e174b6\" data-element_type=\"container\" data-e-type=\"container\">\n\t\t\t\t\t<div class=\"e-con-inner\">\n\t\t\t\t<div class=\"elementor-element elementor-element-af3ff52 elementor-hidden-desktop elementor-hidden-tablet elementor-hidden-mobile elementor-widget elementor-widget-heading\" data-id=\"af3ff52\" data-element_type=\"widget\" data-e-type=\"widget\" data-widget_type=\"heading.default\">\n\t\t\t\t<div class=\"elementor-widget-container\">\n\t\t\t\t\t<h2 class=\"elementor-heading-title elementor-size-default\">Hosting<\/h2>\t\t\t\t<\/div>\n\t\t\t\t<\/div>\n\t\t\t\t<div class=\"elementor-element elementor-element-4dc8a2a elementor-widget elementor-widget-text-editor\" data-id=\"4dc8a2a\" data-element_type=\"widget\" data-e-type=\"widget\" data-widget_type=\"text-editor.default\">\n\t\t\t\t<div class=\"elementor-widget-container\">\n\t\t\t\t\t\t\t\t\t<p style=\"color: rgb(0, 0, 0); caret-color: rgb(0, 0, 0);\">santearmenie.org is hosted by the company OVH (www.ovh.com)\u0589<\/p><p><span style=\"color: unset; letter-spacing: 0.41px; font-size: 1rem;\">By accessing and\/or using this website at https:\/\/www.santearmenie.org, all users tacitly and unreservedly accept the present terms and conditions of use of the website.<\/span><\/p>\t\t\t\t\t\t\t\t<\/div>\n\t\t\t\t<\/div>\n\t\t\t\t\t<\/div>\n\t\t\t\t<\/div>\n\t\t<div class=\"elementor-element elementor-element-46517a6 e-flex e-con-boxed e-con e-parent\" data-id=\"46517a6\" data-element_type=\"container\" data-e-type=\"container\">\n\t\t\t\t\t<div class=\"e-con-inner\">\n\t\t\t\t<div class=\"elementor-element elementor-element-130bcb2 elementor-widget elementor-widget-text-editor\" data-id=\"130bcb2\" data-element_type=\"widget\" data-e-type=\"widget\" data-widget_type=\"text-editor.default\">\n\t\t\t\t<div class=\"elementor-widget-container\">\n\t\t\t\t\t\t\t\t\t<ol><li><strong> INTELLECTUAL PROPERTY<\/strong><\/li><\/ol><p style=\"padding-left: 40px;\"><span style=\"font-weight: 400;\">1.1. The website and each of its components, particularly texts, articles, newsletters, brochures, maps, tag clouds, images, illustrations, photographs, databases, software, trademarks, logos, files available for download, video or sound clips, and the general structure of the website, hereinafter referred to as the &#8220;intellectual property elements,&#8221; are protected by French intellectual property law. The brands and logos reproduced on the website are registered and protected as trademarks.<\/span><\/p><p style=\"padding-left: 40px;\"><span style=\"font-weight: 400;\">1.2. All reproduction rights are reserved for all intellectual property elements on this website. Total or partial reproduction of intellectual property elements is prohibited.<\/span><\/p><p style=\"padding-left: 40px;\"><span style=\"font-weight: 400;\">1.3. The user is only authorized to display the website&#8217;s pages on his or her screen and is authorized to reproduce the website&#8217;s intellectual property elements only on a temporary basis for the sole purpose of consulting the website.<\/span><\/p><p style=\"padding-left: 40px;\"><span style=\"font-weight: 400;\">1.4. The user is authorized to download and reproduce for long-term use on any medium only the publications of Sant\u00e9 Arm\u00e9nie, and in particular the association&#8217;s newsletters. Any and all use of such content is authorized strictly for personal or private purposes. Commercial use of such content is prohibited. The user also agrees not to communicate or distribute reproduced content to third parties by way of e-mail or by making content available on a website or server.<\/span><\/p><p style=\"padding-left: 40px;\"><span style=\"font-weight: 400;\">1.5. The user is authorized to quote from the Sant\u00e9 Arm\u00e9nie website, provided the following is clearly stated: the origin of the document (i.e., &#8220;extract from the Sant\u00e9 Arm\u00e9nie website&#8221;), the title of the document or page quoted, the name of the author and the date of the document if this information is known.<\/span><\/p>\t\t\t\t\t\t\t\t<\/div>\n\t\t\t\t<\/div>\n\t\t\t\t<div class=\"elementor-element elementor-element-f6e12a0 elementor-widget elementor-widget-text-editor\" data-id=\"f6e12a0\" data-element_type=\"widget\" data-e-type=\"widget\" data-widget_type=\"text-editor.default\">\n\t\t\t\t<div class=\"elementor-widget-container\">\n\t\t\t\t\t\t\t\t\t<ol start=\"2\">\n<li><strong> USING THE WEBSITE<\/strong><\/li>\n<\/ol>\n<p style=\"padding-left: 40px;\"><span style=\"font-weight: 400;\">2.1 General provisions<\/span><\/p>\n<p style=\"padding-left: 40px;\"><span style=\"font-weight: 400;\">2.1.1. All accessible data, information and publications represented or downloadable from the website are incomplete and are provided for informational purposes only.<\/span><\/p>\n<p style=\"padding-left: 40px;\"><span style=\"font-weight: 400;\">2.1.2. Under no circumstances can Sant\u00e9 Arm\u00e9nie be held liable for any direct or indirect damage resulting from the use of data, information or publications accessible or downloadable from the website.<\/span><\/p>\n<p style=\"padding-left: 40px;\"><span style=\"font-weight: 400;\">2.1.3. Under no circumstances can Sant\u00e9 Arm\u00e9nie be held responsible for the content accessible via hypertext links published on the website or for files downloaded from the website or from other websites accessible via hypertext links published on the website.<\/span><\/p>\n<p style=\"padding-left: 40px;\"><span style=\"font-weight: 400;\">2.1.4. The creation and publication of a hypertext link to one of the pages of the website is authorized and subject to the prior and express agreement of Sant\u00e9 Arm\u00e9nie. The publication must mention the source with the hypertext link to the site content. Any use for commercial purposes is prohibited.<\/span><\/p>\n\t\t\t\t\t\t\t\t<\/div>\n\t\t\t\t<\/div>\n\t\t\t\t<div class=\"elementor-element elementor-element-437a25b elementor-widget elementor-widget-text-editor\" data-id=\"437a25b\" data-element_type=\"widget\" data-e-type=\"widget\" data-widget_type=\"text-editor.default\">\n\t\t\t\t<div class=\"elementor-widget-container\">\n\t\t\t\t\t\t\t\t\t<p><span style=\"font-weight: 400;\"><strong>SANTE ARMENIE<\/strong> cannot guarantee the availability and permanent accessibility of the website, in particular for technical maintenance reasons.<\/span><\/p>\n<p><span style=\"font-weight: 400;\">While the list below is incomplete, Sant\u00e9 Arm\u00e9nie cannot be held liable for any of the following malfunctions:<\/span><\/p>\n<ul>\n<li style=\"font-weight: 400;\" aria-level=\"1\"><span style=\"font-weight: 400;\">Poor transmission and\/or reception of any data and\/or information on the Internet<\/span><\/li>\n<li style=\"font-weight: 400;\" aria-level=\"1\"><span style=\"font-weight: 400;\">External intrusion or the presence of computer viruses<\/span><\/li>\n<li style=\"font-weight: 400;\" aria-level=\"1\"><span style=\"font-weight: 400;\">Failure of any receiving equipment or communication lines<\/span><\/li>\n<li style=\"font-weight: 400;\" aria-level=\"1\"><span style=\"font-weight: 400;\">Any other malfunction of the Internet network preventing the proper functioning of the website<\/span><\/li>\n<\/ul>\n\t\t\t\t\t\t\t\t<\/div>\n\t\t\t\t<\/div>\n\t\t\t\t\t<\/div>\n\t\t\t\t<\/div>\n\t\t\t\t<\/div>\n\t\t","protected":false},"excerpt":{"rendered":"<p>Terms of use The santearmenie.org website is published byAssociation Sant\u00e9 Arm\u00e9nie, registered at 11, Square Alboni, 75016 Paris, France +33 (0)1 45 24 72 79 Hosting santearmenie.org is hosted by the company OVH (www.ovh.com)\u0589 By accessing and\/or using this website at https:\/\/www.santearmenie.org, all users tacitly and unreservedly accept the present terms and conditions of use [&hellip;]<\/p>\n","protected":false},"author":5,"featured_media":0,"parent":4507,"menu_order":0,"comment_status":"closed","ping_status":"closed","template":"","meta":{"footnotes":""},"class_list":["post-4614","page","type-page","status-publish","hentry"],"yoast_head":"<!-- This site is optimized with the Yoast SEO plugin v27.3 - https:\/\/yoast.com\/product\/yoast-seo-wordpress\/ -->\n<title>Terms of use | Sant\u00e9 Arm\u00e9nie<\/title>\n<meta name=\"robots\" content=\"index, follow, max-snippet:-1, max-image-preview:large, max-video-preview:-1\" \/>\n<link rel=\"canonical\" href=\"https:\/\/www.santearmenie.org\/en\/sante-armenie-en\/terms-of-use\/\" \/>\n<meta property=\"og:locale\" content=\"en_US\" \/>\n<meta property=\"og:type\" content=\"article\" \/>\n<meta property=\"og:title\" content=\"Terms of use | Sant\u00e9 Arm\u00e9nie\" \/>\n<meta property=\"og:description\" content=\"Terms of use The santearmenie.org website is published byAssociation Sant\u00e9 Arm\u00e9nie, registered at 11, Square Alboni, 75016 Paris, France +33 (0)1 45 24 72 79 Hosting santearmenie.org is hosted by the company OVH (www.ovh.com)\u0589 By accessing and\/or using this website at https:\/\/www.santearmenie.org, all users tacitly and unreservedly accept the present terms and conditions of use [&hellip;]\" \/>\n<meta property=\"og:url\" content=\"https:\/\/www.santearmenie.org\/en\/sante-armenie-en\/terms-of-use\/\" \/>\n<meta property=\"og:site_name\" content=\"Sante Armenie\" \/>\n<meta property=\"article:modified_time\" content=\"2025-11-09T19:34:02+00:00\" \/>\n<meta name=\"twitter:card\" content=\"summary_large_image\" \/>\n<meta name=\"twitter:label1\" content=\"Est. reading time\" \/>\n\t<meta name=\"twitter:data1\" content=\"3 minutes\" \/>\n<script type=\"application\/ld+json\" class=\"yoast-schema-graph\">{\"@context\":\"https:\\\/\\\/schema.org\",\"@graph\":[{\"@type\":\"WebPage\",\"@id\":\"https:\\\/\\\/www.santearmenie.org\\\/en\\\/sante-armenie-en\\\/terms-of-use\\\/\",\"url\":\"https:\\\/\\\/www.santearmenie.org\\\/en\\\/sante-armenie-en\\\/terms-of-use\\\/\",\"name\":\"Terms of use | Sant\u00e9 Arm\u00e9nie\",\"isPartOf\":{\"@id\":\"https:\\\/\\\/www.santearmenie.org\\\/en\\\/#website\"},\"datePublished\":\"2024-02-13T16:24:43+00:00\",\"dateModified\":\"2025-11-09T19:34:02+00:00\",\"breadcrumb\":{\"@id\":\"https:\\\/\\\/www.santearmenie.org\\\/en\\\/sante-armenie-en\\\/terms-of-use\\\/#breadcrumb\"},\"inLanguage\":\"en-US\",\"potentialAction\":[{\"@type\":\"ReadAction\",\"target\":[\"https:\\\/\\\/www.santearmenie.org\\\/en\\\/sante-armenie-en\\\/terms-of-use\\\/\"]}]},{\"@type\":\"BreadcrumbList\",\"@id\":\"https:\\\/\\\/www.santearmenie.org\\\/en\\\/sante-armenie-en\\\/terms-of-use\\\/#breadcrumb\",\"itemListElement\":[{\"@type\":\"ListItem\",\"position\":1,\"name\":\"Home\",\"item\":\"https:\\\/\\\/www.santearmenie.org\\\/en\\\/\"},{\"@type\":\"ListItem\",\"position\":2,\"name\":\"Terms of use\"}]},{\"@type\":\"WebSite\",\"@id\":\"https:\\\/\\\/www.santearmenie.org\\\/en\\\/#website\",\"url\":\"https:\\\/\\\/www.santearmenie.org\\\/en\\\/\",\"name\":\"Sante Armenie\",\"description\":\"Sant\u00e9 Arm\u00e9nie est une association loi 1901 r\u00e9unissant des professionnels de sant\u00e9 et autres volontaires europ\u00e9ens qui se sont donn\u00e9s pour objectif de participer au d\u00e9veloppement sur le long terme du syst\u00e8me de sant\u00e9 arm\u00e9nien. Sant\u00e9 Arm\u00e9nie a \u00e9t\u00e9 cr\u00e9\u00e9e \u00e0 la suite de la guerre de 2020 en Artsakh et entreprend depuis lors de nombreux projets touchant diff\u00e9rents aspects du secteur de sant\u00e9 arm\u00e9nien.\",\"publisher\":{\"@id\":\"https:\\\/\\\/www.santearmenie.org\\\/en\\\/#organization\"},\"potentialAction\":[{\"@type\":\"SearchAction\",\"target\":{\"@type\":\"EntryPoint\",\"urlTemplate\":\"https:\\\/\\\/www.santearmenie.org\\\/en\\\/?s={search_term_string}\"},\"query-input\":{\"@type\":\"PropertyValueSpecification\",\"valueRequired\":true,\"valueName\":\"search_term_string\"}}],\"inLanguage\":\"en-US\"},{\"@type\":\"Organization\",\"@id\":\"https:\\\/\\\/www.santearmenie.org\\\/en\\\/#organization\",\"name\":\"Sante Armenie\",\"url\":\"https:\\\/\\\/www.santearmenie.org\\\/en\\\/\",\"logo\":{\"@type\":\"ImageObject\",\"inLanguage\":\"en-US\",\"@id\":\"https:\\\/\\\/www.santearmenie.org\\\/en\\\/#\\\/schema\\\/logo\\\/image\\\/\",\"url\":\"https:\\\/\\\/www.santearmenie.org\\\/wp-content\\\/uploads\\\/2025\\\/08\\\/cropped-Logo-Sante-Armenie-blanc-BD.png\",\"contentUrl\":\"https:\\\/\\\/www.santearmenie.org\\\/wp-content\\\/uploads\\\/2025\\\/08\\\/cropped-Logo-Sante-Armenie-blanc-BD.png\",\"width\":784,\"height\":528,\"caption\":\"Sante Armenie\"},\"image\":{\"@id\":\"https:\\\/\\\/www.santearmenie.org\\\/en\\\/#\\\/schema\\\/logo\\\/image\\\/\"}}]}<\/script>\n<!-- \/ Yoast SEO plugin. -->","yoast_head_json":{"title":"Terms of use | Sant\u00e9 Arm\u00e9nie","robots":{"index":"index","follow":"follow","max-snippet":"max-snippet:-1","max-image-preview":"max-image-preview:large","max-video-preview":"max-video-preview:-1"},"canonical":"https:\/\/www.santearmenie.org\/en\/sante-armenie-en\/terms-of-use\/","og_locale":"en_US","og_type":"article","og_title":"Terms of use | Sant\u00e9 Arm\u00e9nie","og_description":"Terms of use The santearmenie.org website is published byAssociation Sant\u00e9 Arm\u00e9nie, registered at 11, Square Alboni, 75016 Paris, France +33 (0)1 45 24 72 79 Hosting santearmenie.org is hosted by the company OVH (www.ovh.com)\u0589 By accessing and\/or using this website at https:\/\/www.santearmenie.org, all users tacitly and unreservedly accept the present terms and conditions of use [&hellip;]","og_url":"https:\/\/www.santearmenie.org\/en\/sante-armenie-en\/terms-of-use\/","og_site_name":"Sante Armenie","article_modified_time":"2025-11-09T19:34:02+00:00","twitter_card":"summary_large_image","twitter_misc":{"Est. reading time":"3 minutes"},"schema":{"@context":"https:\/\/schema.org","@graph":[{"@type":"WebPage","@id":"https:\/\/www.santearmenie.org\/en\/sante-armenie-en\/terms-of-use\/","url":"https:\/\/www.santearmenie.org\/en\/sante-armenie-en\/terms-of-use\/","name":"Terms of use | Sant\u00e9 Arm\u00e9nie","isPartOf":{"@id":"https:\/\/www.santearmenie.org\/en\/#website"},"datePublished":"2024-02-13T16:24:43+00:00","dateModified":"2025-11-09T19:34:02+00:00","breadcrumb":{"@id":"https:\/\/www.santearmenie.org\/en\/sante-armenie-en\/terms-of-use\/#breadcrumb"},"inLanguage":"en-US","potentialAction":[{"@type":"ReadAction","target":["https:\/\/www.santearmenie.org\/en\/sante-armenie-en\/terms-of-use\/"]}]},{"@type":"BreadcrumbList","@id":"https:\/\/www.santearmenie.org\/en\/sante-armenie-en\/terms-of-use\/#breadcrumb","itemListElement":[{"@type":"ListItem","position":1,"name":"Home","item":"https:\/\/www.santearmenie.org\/en\/"},{"@type":"ListItem","position":2,"name":"Terms of use"}]},{"@type":"WebSite","@id":"https:\/\/www.santearmenie.org\/en\/#website","url":"https:\/\/www.santearmenie.org\/en\/","name":"Sante Armenie","description":"Sant\u00e9 Arm\u00e9nie est une association loi 1901 r\u00e9unissant des professionnels de sant\u00e9 et autres volontaires europ\u00e9ens qui se sont donn\u00e9s pour objectif de participer au d\u00e9veloppement sur le long terme du syst\u00e8me de sant\u00e9 arm\u00e9nien. Sant\u00e9 Arm\u00e9nie a \u00e9t\u00e9 cr\u00e9\u00e9e \u00e0 la suite de la guerre de 2020 en Artsakh et entreprend depuis lors de nombreux projets touchant diff\u00e9rents aspects du secteur de sant\u00e9 arm\u00e9nien.","publisher":{"@id":"https:\/\/www.santearmenie.org\/en\/#organization"},"potentialAction":[{"@type":"SearchAction","target":{"@type":"EntryPoint","urlTemplate":"https:\/\/www.santearmenie.org\/en\/?s={search_term_string}"},"query-input":{"@type":"PropertyValueSpecification","valueRequired":true,"valueName":"search_term_string"}}],"inLanguage":"en-US"},{"@type":"Organization","@id":"https:\/\/www.santearmenie.org\/en\/#organization","name":"Sante Armenie","url":"https:\/\/www.santearmenie.org\/en\/","logo":{"@type":"ImageObject","inLanguage":"en-US","@id":"https:\/\/www.santearmenie.org\/en\/#\/schema\/logo\/image\/","url":"https:\/\/www.santearmenie.org\/wp-content\/uploads\/2025\/08\/cropped-Logo-Sante-Armenie-blanc-BD.png","contentUrl":"https:\/\/www.santearmenie.org\/wp-content\/uploads\/2025\/08\/cropped-Logo-Sante-Armenie-blanc-BD.png","width":784,"height":528,"caption":"Sante Armenie"},"image":{"@id":"https:\/\/www.santearmenie.org\/en\/#\/schema\/logo\/image\/"}}]}},"_links":{"self":[{"href":"https:\/\/www.santearmenie.org\/en\/wp-json\/wp\/v2\/pages\/4614","targetHints":{"allow":["GET"]}}],"collection":[{"href":"https:\/\/www.santearmenie.org\/en\/wp-json\/wp\/v2\/pages"}],"about":[{"href":"https:\/\/www.santearmenie.org\/en\/wp-json\/wp\/v2\/types\/page"}],"author":[{"embeddable":true,"href":"https:\/\/www.santearmenie.org\/en\/wp-json\/wp\/v2\/users\/5"}],"replies":[{"embeddable":true,"href":"https:\/\/www.santearmenie.org\/en\/wp-json\/wp\/v2\/comments?post=4614"}],"version-history":[{"count":5,"href":"https:\/\/www.santearmenie.org\/en\/wp-json\/wp\/v2\/pages\/4614\/revisions"}],"predecessor-version":[{"id":5296,"href":"https:\/\/www.santearmenie.org\/en\/wp-json\/wp\/v2\/pages\/4614\/revisions\/5296"}],"up":[{"embeddable":true,"href":"https:\/\/www.santearmenie.org\/en\/wp-json\/wp\/v2\/pages\/4507"}],"wp:attachment":[{"href":"https:\/\/www.santearmenie.org\/en\/wp-json\/wp\/v2\/media?parent=4614"}],"curies":[{"name":"wp","href":"https:\/\/api.w.org\/{rel}","templated":true}]}}