{"id":4604,"date":"2024-02-01T05:18:05","date_gmt":"2024-02-01T03:18:05","guid":{"rendered":"https:\/\/sante-armenie.flywheelstaging.com\/treating-psychological-trauma\/"},"modified":"2024-07-15T19:34:50","modified_gmt":"2024-07-15T17:34:50","slug":"treating-psychological-trauma","status":"publish","type":"page","link":"https:\/\/www.santearmenie.org\/en\/what-we-do\/treating-psychological-trauma\/","title":{"rendered":"Treating psychological trauma"},"content":{"rendered":"\t\t<div data-elementor-type=\"wp-page\" data-elementor-id=\"4604\" class=\"elementor elementor-4604 elementor-917\" data-elementor-post-type=\"page\">\n\t\t\t\t<div class=\"elementor-element elementor-element-451f153 e-con-full e-flex e-con e-parent\" data-id=\"451f153\" data-element_type=\"container\" data-e-type=\"container\">\n\t\t\t\t<div class=\"elementor-element elementor-element-096a8b1 elementor-widget elementor-widget-background-hero\" data-id=\"096a8b1\" data-element_type=\"widget\" data-e-type=\"widget\" data-widget_type=\"background-hero.default\">\n\t\t\t\t<div class=\"elementor-widget-container\">\n\t\t\t\t\t\n        <section class=\"background-hero-section\">\n            <img decoding=\"async\" src=\"https:\/\/www.santearmenie.org\/wp-content\/uploads\/2024\/03\/35-Empatia-Anahit-scaled.jpg\" alt=\"\"\/>\n            <h1 style=\"color: #000\"><\/h1>\n        <\/section>\n        \t\t\t\t<\/div>\n\t\t\t\t<\/div>\n\t\t\t\t<\/div>\n\t\t<div class=\"elementor-element elementor-element-2fb9fe1 e-flex e-con-boxed e-con e-parent\" data-id=\"2fb9fe1\" data-element_type=\"container\" data-e-type=\"container\">\n\t\t\t\t\t<div class=\"e-con-inner\">\n\t\t<div class=\"elementor-element elementor-element-6065701 e-flex e-con-boxed e-con e-child\" data-id=\"6065701\" data-element_type=\"container\" data-e-type=\"container\">\n\t\t\t\t\t<div class=\"e-con-inner\">\n\t\t\t\t<div class=\"elementor-element elementor-element-c698d5c elementor-widget elementor-widget-heading\" data-id=\"c698d5c\" data-element_type=\"widget\" data-e-type=\"widget\" data-widget_type=\"heading.default\">\n\t\t\t\t<div class=\"elementor-widget-container\">\n\t\t\t\t\t<h1 class=\"elementor-heading-title elementor-size-default\">Treating psychological trauma\n<\/h1>\t\t\t\t<\/div>\n\t\t\t\t<\/div>\n\t\t\t\t\t<\/div>\n\t\t\t\t<\/div>\n\t\t\t\t\t<\/div>\n\t\t\t\t<\/div>\n\t\t<div class=\"elementor-element elementor-element-da76ae2 e-flex e-con-boxed e-con e-parent\" data-id=\"da76ae2\" data-element_type=\"container\" data-e-type=\"container\">\n\t\t\t\t\t<div class=\"e-con-inner\">\n\t\t\t\t<div class=\"elementor-element elementor-element-fe6f872 elementor-widget elementor-widget-text-editor\" data-id=\"fe6f872\" data-element_type=\"widget\" data-e-type=\"widget\" data-widget_type=\"text-editor.default\">\n\t\t\t\t<div class=\"elementor-widget-container\">\n\t\t\t\t\t\t\t\t\t<h4><strong>Directors: Dr. Patrick Alecian, Anahit Dasseux-Ter Mesropian, Dr. Sevan Minassian, Dr. Ir\u00e8ne Nigolian<br \/><\/strong><\/h4>\n<p><span style=\"font-weight: 400;\"><br \/>The Covid-19 pandemic, the Artsakh war of 2020, Azerbaijan&#8217;s constant attacks on the Syunik region and the blockade of the Latchin corridor, which culminated in the exodus of most of the Armenian population of Artsakh in September 2023, have made the issue of psychosocial support vital. For decades, the populations of the Syunik and Artsakh regions have endured heavy psychological trauma that must be addressed.<\/span><\/p>\n<p><span style=\"font-weight: 400;\">In Armenia, professionals in this field are few and far between and the very idea of seeking psychological and psychiatric care is often taboo. <\/span><\/p>\n<p><span style=\"font-weight: 400;\">Since the beginning of its activity, Sant\u00e9 Arm\u00e9nie has identified, trained and supported psychologists and psychiatrists in Armenia and Artsakh, thus offering the civilian and military populations psychological support in line with international standards. <\/span><\/p>\n<p><span style=\"font-weight: 400;\">Against a backdrop of constant threat of renewed armed conflict, a months-long blockade and the forced exodus from Artsakh, Sant\u00e9 Arm\u00e9nie employs psychologists and psychiatrists who are trained and supervised by their European volunteer peers to offer individual or group consultations to the population.<\/span><\/p>\n<p><span style=\"font-weight: 400;\">In 2023, Sant\u00e9 Arm\u00e9nie&#8217;s treatment for psychological trauma was deployed in three areas in the Syunik region and in Artsakh:<\/span><\/p>\n<ul>\n<li><span style=\"font-weight: 400;\">\u25aa In Goris, at the outpatient physical therapy and neuro-orthopedic rehabilitation facility created by Sant\u00e9 Arm\u00e9nie and in direct collaboration with the facility\u2019s other activities, a psychologist sees patients on a daily basis.<\/span><\/li>\n<li><span style=\"font-weight: 400;\">\u25aa Two other psychologists employed by Sant\u00e9 Arm\u00e9nie offer individual consultations in Goris and also work with groups of teenagers at a school in the town of Sisian. When needed, a psychiatrist employed part-time by Sant\u00e9 Arm\u00e9nie offers care to patients<\/span><\/li>\n<li style=\"font-weight: 400;\" aria-level=\"1\"><span style=\"font-weight: 400;\"><span style=\"font-weight: 400;\">In Artsakh, two mobile teams operated in Martakert and Martuni until September 2023. These mobile teams, composed of two psychologists from the Empathia Consultation Center in Stepanakert, <i><\/i><\/span><\/span><i><\/i><span style=\"font-weight: 400;\">went to border villages to care for families affected by grief and trauma resulting from the war. When needed, a psychiatrist intervened. With the exodus of the population from Artsakh in September 2023, these mobile teams did not stop working. In fact, their activities intensified and they continue to work with Artsakh refugees in the Ararat region of Armenia. <\/span><\/li>\n<\/ul>\n<p><span style=\"font-weight: 400;\">As part of an interuniversity agreement signed in June 2021 between Paris-Est Cr\u00e9teil University and Yerevan State Medical University, at the initiative of Professor Jean-Marc Baleyte, a child psychiatrist, university professor and hospital practitioner at the Intercommunal Hospital of Cr\u00e9teil, Sant\u00e9 Arm\u00e9nie is working on the creation of a chair of child psychiatry in Yerevan in order to develop a training program for young Armenian graduates and psychiatrists. The aim is to fill the gap in child psychiatry training in Armenia.<br \/><\/span><span style=\"font-weight: 400;\">Armenian professors of psychiatry from the Yerevan State Medical University, as well as young Armenian psychologists and psychiatrists, currently benefit from accelerated training in child psychiatry and internships at Paris-Est Cr\u00e9teil University. <\/span><\/p>\n<p><span style=\"font-weight: 400;\">Sant\u00e9 Arm\u00e9nie also participated in the post-doctoral teaching program in psychology at Mesrop Mashtots University in Artsakh. As part of this program, several Sant\u00e9 Arm\u00e9nie members were teaching both theoretical and practical courses in clinical psychopathology affecting children, adolescents and adults.<\/span><\/p>\n\t\t\t\t\t\t\t\t<\/div>\n\t\t\t\t<\/div>\n\t\t\t\t\t<\/div>\n\t\t\t\t<\/div>\n\t\t\t\t<\/div>\n\t\t","protected":false},"excerpt":{"rendered":"<p>Treating psychological trauma Directors: Dr. Patrick Alecian, Anahit Dasseux-Ter Mesropian, Dr. Sevan Minassian, Dr. Ir\u00e8ne Nigolian The Covid-19 pandemic, the Artsakh war of 2020, Azerbaijan&#8217;s constant attacks on the Syunik region and the blockade of the Latchin corridor, which culminated in the exodus of most of the Armenian population of Artsakh in September 2023, have [&hellip;]<\/p>\n","protected":false},"author":5,"featured_media":0,"parent":4607,"menu_order":0,"comment_status":"closed","ping_status":"closed","template":"","meta":{"footnotes":""},"class_list":["post-4604","page","type-page","status-publish","hentry"],"yoast_head":"<!-- This site is optimized with the Yoast SEO plugin v27.3 - https:\/\/yoast.com\/product\/yoast-seo-wordpress\/ -->\n<title>Treating psychological trauma - Sante Armenie<\/title>\n<meta name=\"robots\" content=\"index, follow, max-snippet:-1, max-image-preview:large, max-video-preview:-1\" \/>\n<link rel=\"canonical\" href=\"https:\/\/www.santearmenie.org\/en\/what-we-do\/treating-psychological-trauma\/\" \/>\n<meta property=\"og:locale\" content=\"en_US\" \/>\n<meta property=\"og:type\" content=\"article\" \/>\n<meta property=\"og:title\" content=\"Treating psychological trauma - Sante Armenie\" \/>\n<meta property=\"og:description\" content=\"Treating psychological trauma Directors: Dr. Patrick Alecian, Anahit Dasseux-Ter Mesropian, Dr. Sevan Minassian, Dr. Ir\u00e8ne Nigolian The Covid-19 pandemic, the Artsakh war of 2020, Azerbaijan&#8217;s constant attacks on the Syunik region and the blockade of the Latchin corridor, which culminated in the exodus of most of the Armenian population of Artsakh in September 2023, have [&hellip;]\" \/>\n<meta property=\"og:url\" content=\"https:\/\/www.santearmenie.org\/en\/what-we-do\/treating-psychological-trauma\/\" \/>\n<meta property=\"og:site_name\" content=\"Sante Armenie\" \/>\n<meta property=\"article:modified_time\" content=\"2024-07-15T17:34:50+00:00\" \/>\n<meta property=\"og:image\" content=\"https:\/\/www.santearmenie.org\/wp-content\/uploads\/2024\/03\/35-Empatia-Anahit-scaled.jpg\" \/>\n<meta name=\"twitter:card\" content=\"summary_large_image\" \/>\n<meta name=\"twitter:label1\" content=\"Est. reading time\" \/>\n\t<meta name=\"twitter:data1\" content=\"3 minutes\" \/>\n<script type=\"application\/ld+json\" class=\"yoast-schema-graph\">{\"@context\":\"https:\\\/\\\/schema.org\",\"@graph\":[{\"@type\":\"WebPage\",\"@id\":\"https:\\\/\\\/www.santearmenie.org\\\/en\\\/what-we-do\\\/treating-psychological-trauma\\\/\",\"url\":\"https:\\\/\\\/www.santearmenie.org\\\/en\\\/what-we-do\\\/treating-psychological-trauma\\\/\",\"name\":\"Treating psychological trauma - Sante Armenie\",\"isPartOf\":{\"@id\":\"https:\\\/\\\/www.santearmenie.org\\\/en\\\/#website\"},\"primaryImageOfPage\":{\"@id\":\"https:\\\/\\\/www.santearmenie.org\\\/en\\\/what-we-do\\\/treating-psychological-trauma\\\/#primaryimage\"},\"image\":{\"@id\":\"https:\\\/\\\/www.santearmenie.org\\\/en\\\/what-we-do\\\/treating-psychological-trauma\\\/#primaryimage\"},\"thumbnailUrl\":\"https:\\\/\\\/www.santearmenie.org\\\/wp-content\\\/uploads\\\/2024\\\/03\\\/35-Empatia-Anahit-scaled.jpg\",\"datePublished\":\"2024-02-01T03:18:05+00:00\",\"dateModified\":\"2024-07-15T17:34:50+00:00\",\"breadcrumb\":{\"@id\":\"https:\\\/\\\/www.santearmenie.org\\\/en\\\/what-we-do\\\/treating-psychological-trauma\\\/#breadcrumb\"},\"inLanguage\":\"en-US\",\"potentialAction\":[{\"@type\":\"ReadAction\",\"target\":[\"https:\\\/\\\/www.santearmenie.org\\\/en\\\/what-we-do\\\/treating-psychological-trauma\\\/\"]}]},{\"@type\":\"ImageObject\",\"inLanguage\":\"en-US\",\"@id\":\"https:\\\/\\\/www.santearmenie.org\\\/en\\\/what-we-do\\\/treating-psychological-trauma\\\/#primaryimage\",\"url\":\"https:\\\/\\\/www.santearmenie.org\\\/wp-content\\\/uploads\\\/2024\\\/03\\\/35-Empatia-Anahit-scaled.jpg\",\"contentUrl\":\"https:\\\/\\\/www.santearmenie.org\\\/wp-content\\\/uploads\\\/2024\\\/03\\\/35-Empatia-Anahit-scaled.jpg\"},{\"@type\":\"BreadcrumbList\",\"@id\":\"https:\\\/\\\/www.santearmenie.org\\\/en\\\/what-we-do\\\/treating-psychological-trauma\\\/#breadcrumb\",\"itemListElement\":[{\"@type\":\"ListItem\",\"position\":1,\"name\":\"Home\",\"item\":\"https:\\\/\\\/www.santearmenie.org\\\/en\\\/\"},{\"@type\":\"ListItem\",\"position\":2,\"name\":\"Treating psychological trauma\"}]},{\"@type\":\"WebSite\",\"@id\":\"https:\\\/\\\/www.santearmenie.org\\\/en\\\/#website\",\"url\":\"https:\\\/\\\/www.santearmenie.org\\\/en\\\/\",\"name\":\"Sante Armenie\",\"description\":\"Sant\u00e9 Arm\u00e9nie est une association loi 1901 r\u00e9unissant des professionnels de sant\u00e9 et autres volontaires europ\u00e9ens qui se sont donn\u00e9s pour objectif de participer au d\u00e9veloppement sur le long terme du syst\u00e8me de sant\u00e9 arm\u00e9nien. Sant\u00e9 Arm\u00e9nie a \u00e9t\u00e9 cr\u00e9\u00e9e \u00e0 la suite de la guerre de 2020 en Artsakh et entreprend depuis lors de nombreux projets touchant diff\u00e9rents aspects du secteur de sant\u00e9 arm\u00e9nien.\",\"publisher\":{\"@id\":\"https:\\\/\\\/www.santearmenie.org\\\/en\\\/#organization\"},\"potentialAction\":[{\"@type\":\"SearchAction\",\"target\":{\"@type\":\"EntryPoint\",\"urlTemplate\":\"https:\\\/\\\/www.santearmenie.org\\\/en\\\/?s={search_term_string}\"},\"query-input\":{\"@type\":\"PropertyValueSpecification\",\"valueRequired\":true,\"valueName\":\"search_term_string\"}}],\"inLanguage\":\"en-US\"},{\"@type\":\"Organization\",\"@id\":\"https:\\\/\\\/www.santearmenie.org\\\/en\\\/#organization\",\"name\":\"Sante Armenie\",\"url\":\"https:\\\/\\\/www.santearmenie.org\\\/en\\\/\",\"logo\":{\"@type\":\"ImageObject\",\"inLanguage\":\"en-US\",\"@id\":\"https:\\\/\\\/www.santearmenie.org\\\/en\\\/#\\\/schema\\\/logo\\\/image\\\/\",\"url\":\"https:\\\/\\\/www.santearmenie.org\\\/wp-content\\\/uploads\\\/2025\\\/08\\\/cropped-Logo-Sante-Armenie-blanc-BD.png\",\"contentUrl\":\"https:\\\/\\\/www.santearmenie.org\\\/wp-content\\\/uploads\\\/2025\\\/08\\\/cropped-Logo-Sante-Armenie-blanc-BD.png\",\"width\":784,\"height\":528,\"caption\":\"Sante Armenie\"},\"image\":{\"@id\":\"https:\\\/\\\/www.santearmenie.org\\\/en\\\/#\\\/schema\\\/logo\\\/image\\\/\"}}]}<\/script>\n<!-- \/ Yoast SEO plugin. -->","yoast_head_json":{"title":"Treating psychological trauma - Sante Armenie","robots":{"index":"index","follow":"follow","max-snippet":"max-snippet:-1","max-image-preview":"max-image-preview:large","max-video-preview":"max-video-preview:-1"},"canonical":"https:\/\/www.santearmenie.org\/en\/what-we-do\/treating-psychological-trauma\/","og_locale":"en_US","og_type":"article","og_title":"Treating psychological trauma - Sante Armenie","og_description":"Treating psychological trauma Directors: Dr. Patrick Alecian, Anahit Dasseux-Ter Mesropian, Dr. Sevan Minassian, Dr. Ir\u00e8ne Nigolian The Covid-19 pandemic, the Artsakh war of 2020, Azerbaijan&#8217;s constant attacks on the Syunik region and the blockade of the Latchin corridor, which culminated in the exodus of most of the Armenian population of Artsakh in September 2023, have [&hellip;]","og_url":"https:\/\/www.santearmenie.org\/en\/what-we-do\/treating-psychological-trauma\/","og_site_name":"Sante Armenie","article_modified_time":"2024-07-15T17:34:50+00:00","og_image":[{"url":"https:\/\/www.santearmenie.org\/wp-content\/uploads\/2024\/03\/35-Empatia-Anahit-scaled.jpg","type":"","width":"","height":""}],"twitter_card":"summary_large_image","twitter_misc":{"Est. reading time":"3 minutes"},"schema":{"@context":"https:\/\/schema.org","@graph":[{"@type":"WebPage","@id":"https:\/\/www.santearmenie.org\/en\/what-we-do\/treating-psychological-trauma\/","url":"https:\/\/www.santearmenie.org\/en\/what-we-do\/treating-psychological-trauma\/","name":"Treating psychological trauma - Sante Armenie","isPartOf":{"@id":"https:\/\/www.santearmenie.org\/en\/#website"},"primaryImageOfPage":{"@id":"https:\/\/www.santearmenie.org\/en\/what-we-do\/treating-psychological-trauma\/#primaryimage"},"image":{"@id":"https:\/\/www.santearmenie.org\/en\/what-we-do\/treating-psychological-trauma\/#primaryimage"},"thumbnailUrl":"https:\/\/www.santearmenie.org\/wp-content\/uploads\/2024\/03\/35-Empatia-Anahit-scaled.jpg","datePublished":"2024-02-01T03:18:05+00:00","dateModified":"2024-07-15T17:34:50+00:00","breadcrumb":{"@id":"https:\/\/www.santearmenie.org\/en\/what-we-do\/treating-psychological-trauma\/#breadcrumb"},"inLanguage":"en-US","potentialAction":[{"@type":"ReadAction","target":["https:\/\/www.santearmenie.org\/en\/what-we-do\/treating-psychological-trauma\/"]}]},{"@type":"ImageObject","inLanguage":"en-US","@id":"https:\/\/www.santearmenie.org\/en\/what-we-do\/treating-psychological-trauma\/#primaryimage","url":"https:\/\/www.santearmenie.org\/wp-content\/uploads\/2024\/03\/35-Empatia-Anahit-scaled.jpg","contentUrl":"https:\/\/www.santearmenie.org\/wp-content\/uploads\/2024\/03\/35-Empatia-Anahit-scaled.jpg"},{"@type":"BreadcrumbList","@id":"https:\/\/www.santearmenie.org\/en\/what-we-do\/treating-psychological-trauma\/#breadcrumb","itemListElement":[{"@type":"ListItem","position":1,"name":"Home","item":"https:\/\/www.santearmenie.org\/en\/"},{"@type":"ListItem","position":2,"name":"Treating psychological trauma"}]},{"@type":"WebSite","@id":"https:\/\/www.santearmenie.org\/en\/#website","url":"https:\/\/www.santearmenie.org\/en\/","name":"Sante Armenie","description":"Sant\u00e9 Arm\u00e9nie est une association loi 1901 r\u00e9unissant des professionnels de sant\u00e9 et autres volontaires europ\u00e9ens qui se sont donn\u00e9s pour objectif de participer au d\u00e9veloppement sur le long terme du syst\u00e8me de sant\u00e9 arm\u00e9nien. Sant\u00e9 Arm\u00e9nie a \u00e9t\u00e9 cr\u00e9\u00e9e \u00e0 la suite de la guerre de 2020 en Artsakh et entreprend depuis lors de nombreux projets touchant diff\u00e9rents aspects du secteur de sant\u00e9 arm\u00e9nien.","publisher":{"@id":"https:\/\/www.santearmenie.org\/en\/#organization"},"potentialAction":[{"@type":"SearchAction","target":{"@type":"EntryPoint","urlTemplate":"https:\/\/www.santearmenie.org\/en\/?s={search_term_string}"},"query-input":{"@type":"PropertyValueSpecification","valueRequired":true,"valueName":"search_term_string"}}],"inLanguage":"en-US"},{"@type":"Organization","@id":"https:\/\/www.santearmenie.org\/en\/#organization","name":"Sante Armenie","url":"https:\/\/www.santearmenie.org\/en\/","logo":{"@type":"ImageObject","inLanguage":"en-US","@id":"https:\/\/www.santearmenie.org\/en\/#\/schema\/logo\/image\/","url":"https:\/\/www.santearmenie.org\/wp-content\/uploads\/2025\/08\/cropped-Logo-Sante-Armenie-blanc-BD.png","contentUrl":"https:\/\/www.santearmenie.org\/wp-content\/uploads\/2025\/08\/cropped-Logo-Sante-Armenie-blanc-BD.png","width":784,"height":528,"caption":"Sante Armenie"},"image":{"@id":"https:\/\/www.santearmenie.org\/en\/#\/schema\/logo\/image\/"}}]}},"_links":{"self":[{"href":"https:\/\/www.santearmenie.org\/en\/wp-json\/wp\/v2\/pages\/4604","targetHints":{"allow":["GET"]}}],"collection":[{"href":"https:\/\/www.santearmenie.org\/en\/wp-json\/wp\/v2\/pages"}],"about":[{"href":"https:\/\/www.santearmenie.org\/en\/wp-json\/wp\/v2\/types\/page"}],"author":[{"embeddable":true,"href":"https:\/\/www.santearmenie.org\/en\/wp-json\/wp\/v2\/users\/5"}],"replies":[{"embeddable":true,"href":"https:\/\/www.santearmenie.org\/en\/wp-json\/wp\/v2\/comments?post=4604"}],"version-history":[{"count":3,"href":"https:\/\/www.santearmenie.org\/en\/wp-json\/wp\/v2\/pages\/4604\/revisions"}],"predecessor-version":[{"id":4863,"href":"https:\/\/www.santearmenie.org\/en\/wp-json\/wp\/v2\/pages\/4604\/revisions\/4863"}],"up":[{"embeddable":true,"href":"https:\/\/www.santearmenie.org\/en\/wp-json\/wp\/v2\/pages\/4607"}],"wp:attachment":[{"href":"https:\/\/www.santearmenie.org\/en\/wp-json\/wp\/v2\/media?parent=4604"}],"curies":[{"name":"wp","href":"https:\/\/api.w.org\/{rel}","templated":true}]}}