{"id":4590,"date":"2023-11-21T09:55:22","date_gmt":"2023-11-21T07:55:22","guid":{"rendered":"https:\/\/sante-armenie.flywheelstaging.com\/news\/"},"modified":"2025-11-11T20:16:42","modified_gmt":"2025-11-11T18:16:42","slug":"news","status":"publish","type":"page","link":"https:\/\/www.santearmenie.org\/en\/who-we-are\/news\/","title":{"rendered":"News"},"content":{"rendered":"\t\t<div data-elementor-type=\"wp-page\" data-elementor-id=\"4590\" class=\"elementor elementor-4590 elementor-520\" data-elementor-post-type=\"page\">\n\t\t\t\t<div class=\"elementor-element elementor-element-92e9317 e-con-full e-flex e-con e-parent\" data-id=\"92e9317\" data-element_type=\"container\" data-e-type=\"container\">\n\t\t\t\t<div class=\"elementor-element elementor-element-3e77b5d elementor-widget__width-inherit elementor-widget elementor-widget-background-hero\" data-id=\"3e77b5d\" data-element_type=\"widget\" data-e-type=\"widget\" data-widget_type=\"background-hero.default\">\n\t\t\t\t<div class=\"elementor-widget-container\">\n\t\t\t\t\t\n        <section class=\"background-hero-section\">\n            <img decoding=\"async\" src=\"https:\/\/www.santearmenie.org\/wp-content\/uploads\/2024\/03\/taras-shypka-iFSvn82XfGo-unsplash.jpg\" alt=\"\"\/>\n            <h1 style=\"color: #000\"><\/h1>\n        <\/section>\n        \t\t\t\t<\/div>\n\t\t\t\t<\/div>\n\t\t\t\t<\/div>\n\t\t<div class=\"elementor-element elementor-element-cfe1933 e-flex e-con-boxed e-con e-parent\" data-id=\"cfe1933\" data-element_type=\"container\" data-e-type=\"container\">\n\t\t\t\t\t<div class=\"e-con-inner\">\n\t\t\t\t<div class=\"elementor-element elementor-element-4a4f8c9 elementor-widget elementor-widget-heading\" data-id=\"4a4f8c9\" data-element_type=\"widget\" data-e-type=\"widget\" data-widget_type=\"heading.default\">\n\t\t\t\t<div class=\"elementor-widget-container\">\n\t\t\t\t\t<h2 class=\"elementor-heading-title elementor-size-default\"> News from Sant\u00e9 Arm\u00e9nie<\/h2>\t\t\t\t<\/div>\n\t\t\t\t<\/div>\n\t\t\t\t\t<\/div>\n\t\t\t\t<\/div>\n\t\t\t\t<\/div>\n\t\t","protected":false},"excerpt":{"rendered":"<p>News from Sant\u00e9 Arm\u00e9nie<\/p>\n","protected":false},"author":5,"featured_media":0,"parent":4624,"menu_order":0,"comment_status":"closed","ping_status":"closed","template":"","meta":{"footnotes":""},"class_list":["post-4590","page","type-page","status-publish","hentry"],"yoast_head":"<!-- This site is optimized with the Yoast SEO plugin v27.3 - https:\/\/yoast.com\/product\/yoast-seo-wordpress\/ -->\n<title>News | Sant\u00e9 Arm\u00e9nie<\/title>\n<meta name=\"description\" content=\"Discover the latest news from Sant\u00e9 Arm\u00e9nie\" \/>\n<meta name=\"robots\" content=\"index, follow, max-snippet:-1, max-image-preview:large, max-video-preview:-1\" \/>\n<link rel=\"canonical\" href=\"https:\/\/www.santearmenie.org\/en\/who-we-are\/news\/\" \/>\n<meta property=\"og:locale\" content=\"en_US\" \/>\n<meta property=\"og:type\" content=\"article\" \/>\n<meta property=\"og:title\" content=\"News | Sant\u00e9 Arm\u00e9nie\" \/>\n<meta property=\"og:description\" content=\"Discover the latest news from Sant\u00e9 Arm\u00e9nie\" \/>\n<meta property=\"og:url\" content=\"https:\/\/www.santearmenie.org\/en\/who-we-are\/news\/\" \/>\n<meta property=\"og:site_name\" content=\"Sante Armenie\" \/>\n<meta property=\"article:modified_time\" content=\"2025-11-11T18:16:42+00:00\" \/>\n<meta property=\"og:image\" content=\"https:\/\/www.santearmenie.org\/wp-content\/uploads\/2024\/03\/taras-shypka-iFSvn82XfGo-unsplash.jpg\" \/>\n<meta name=\"twitter:card\" content=\"summary_large_image\" \/>\n<meta name=\"twitter:label1\" content=\"Est. reading time\" \/>\n\t<meta name=\"twitter:data1\" content=\"1 minute\" \/>\n<script type=\"application\/ld+json\" class=\"yoast-schema-graph\">{\"@context\":\"https:\\\/\\\/schema.org\",\"@graph\":[{\"@type\":\"WebPage\",\"@id\":\"https:\\\/\\\/www.santearmenie.org\\\/en\\\/who-we-are\\\/news\\\/\",\"url\":\"https:\\\/\\\/www.santearmenie.org\\\/en\\\/who-we-are\\\/news\\\/\",\"name\":\"News | Sant\u00e9 Arm\u00e9nie\",\"isPartOf\":{\"@id\":\"https:\\\/\\\/www.santearmenie.org\\\/en\\\/#website\"},\"primaryImageOfPage\":{\"@id\":\"https:\\\/\\\/www.santearmenie.org\\\/en\\\/who-we-are\\\/news\\\/#primaryimage\"},\"image\":{\"@id\":\"https:\\\/\\\/www.santearmenie.org\\\/en\\\/who-we-are\\\/news\\\/#primaryimage\"},\"thumbnailUrl\":\"https:\\\/\\\/www.santearmenie.org\\\/wp-content\\\/uploads\\\/2024\\\/03\\\/taras-shypka-iFSvn82XfGo-unsplash.jpg\",\"datePublished\":\"2023-11-21T07:55:22+00:00\",\"dateModified\":\"2025-11-11T18:16:42+00:00\",\"description\":\"Discover the latest news from Sant\u00e9 Arm\u00e9nie\",\"breadcrumb\":{\"@id\":\"https:\\\/\\\/www.santearmenie.org\\\/en\\\/who-we-are\\\/news\\\/#breadcrumb\"},\"inLanguage\":\"en-US\",\"potentialAction\":[{\"@type\":\"ReadAction\",\"target\":[\"https:\\\/\\\/www.santearmenie.org\\\/en\\\/who-we-are\\\/news\\\/\"]}]},{\"@type\":\"ImageObject\",\"inLanguage\":\"en-US\",\"@id\":\"https:\\\/\\\/www.santearmenie.org\\\/en\\\/who-we-are\\\/news\\\/#primaryimage\",\"url\":\"https:\\\/\\\/www.santearmenie.org\\\/wp-content\\\/uploads\\\/2024\\\/03\\\/taras-shypka-iFSvn82XfGo-unsplash.jpg\",\"contentUrl\":\"https:\\\/\\\/www.santearmenie.org\\\/wp-content\\\/uploads\\\/2024\\\/03\\\/taras-shypka-iFSvn82XfGo-unsplash.jpg\"},{\"@type\":\"BreadcrumbList\",\"@id\":\"https:\\\/\\\/www.santearmenie.org\\\/en\\\/who-we-are\\\/news\\\/#breadcrumb\",\"itemListElement\":[{\"@type\":\"ListItem\",\"position\":1,\"name\":\"Home\",\"item\":\"https:\\\/\\\/www.santearmenie.org\\\/en\\\/\"},{\"@type\":\"ListItem\",\"position\":2,\"name\":\"Who we are\",\"item\":\"https:\\\/\\\/www.santearmenie.org\\\/en\\\/who-we-are\\\/\"},{\"@type\":\"ListItem\",\"position\":3,\"name\":\"News\"}]},{\"@type\":\"WebSite\",\"@id\":\"https:\\\/\\\/www.santearmenie.org\\\/en\\\/#website\",\"url\":\"https:\\\/\\\/www.santearmenie.org\\\/en\\\/\",\"name\":\"Sante Armenie\",\"description\":\"Sant\u00e9 Arm\u00e9nie est une association loi 1901 r\u00e9unissant des professionnels de sant\u00e9 et autres volontaires europ\u00e9ens qui se sont donn\u00e9s pour objectif de participer au d\u00e9veloppement sur le long terme du syst\u00e8me de sant\u00e9 arm\u00e9nien. Sant\u00e9 Arm\u00e9nie a \u00e9t\u00e9 cr\u00e9\u00e9e \u00e0 la suite de la guerre de 2020 en Artsakh et entreprend depuis lors de nombreux projets touchant diff\u00e9rents aspects du secteur de sant\u00e9 arm\u00e9nien.\",\"publisher\":{\"@id\":\"https:\\\/\\\/www.santearmenie.org\\\/en\\\/#organization\"},\"potentialAction\":[{\"@type\":\"SearchAction\",\"target\":{\"@type\":\"EntryPoint\",\"urlTemplate\":\"https:\\\/\\\/www.santearmenie.org\\\/en\\\/?s={search_term_string}\"},\"query-input\":{\"@type\":\"PropertyValueSpecification\",\"valueRequired\":true,\"valueName\":\"search_term_string\"}}],\"inLanguage\":\"en-US\"},{\"@type\":\"Organization\",\"@id\":\"https:\\\/\\\/www.santearmenie.org\\\/en\\\/#organization\",\"name\":\"Sante Armenie\",\"url\":\"https:\\\/\\\/www.santearmenie.org\\\/en\\\/\",\"logo\":{\"@type\":\"ImageObject\",\"inLanguage\":\"en-US\",\"@id\":\"https:\\\/\\\/www.santearmenie.org\\\/en\\\/#\\\/schema\\\/logo\\\/image\\\/\",\"url\":\"https:\\\/\\\/www.santearmenie.org\\\/wp-content\\\/uploads\\\/2025\\\/08\\\/cropped-Logo-Sante-Armenie-blanc-BD.png\",\"contentUrl\":\"https:\\\/\\\/www.santearmenie.org\\\/wp-content\\\/uploads\\\/2025\\\/08\\\/cropped-Logo-Sante-Armenie-blanc-BD.png\",\"width\":784,\"height\":528,\"caption\":\"Sante Armenie\"},\"image\":{\"@id\":\"https:\\\/\\\/www.santearmenie.org\\\/en\\\/#\\\/schema\\\/logo\\\/image\\\/\"}}]}<\/script>\n<!-- \/ Yoast SEO plugin. -->","yoast_head_json":{"title":"News | Sant\u00e9 Arm\u00e9nie","description":"Discover the latest news from Sant\u00e9 Arm\u00e9nie","robots":{"index":"index","follow":"follow","max-snippet":"max-snippet:-1","max-image-preview":"max-image-preview:large","max-video-preview":"max-video-preview:-1"},"canonical":"https:\/\/www.santearmenie.org\/en\/who-we-are\/news\/","og_locale":"en_US","og_type":"article","og_title":"News | Sant\u00e9 Arm\u00e9nie","og_description":"Discover the latest news from Sant\u00e9 Arm\u00e9nie","og_url":"https:\/\/www.santearmenie.org\/en\/who-we-are\/news\/","og_site_name":"Sante Armenie","article_modified_time":"2025-11-11T18:16:42+00:00","og_image":[{"url":"https:\/\/www.santearmenie.org\/wp-content\/uploads\/2024\/03\/taras-shypka-iFSvn82XfGo-unsplash.jpg","type":"","width":"","height":""}],"twitter_card":"summary_large_image","twitter_misc":{"Est. reading time":"1 minute"},"schema":{"@context":"https:\/\/schema.org","@graph":[{"@type":"WebPage","@id":"https:\/\/www.santearmenie.org\/en\/who-we-are\/news\/","url":"https:\/\/www.santearmenie.org\/en\/who-we-are\/news\/","name":"News | Sant\u00e9 Arm\u00e9nie","isPartOf":{"@id":"https:\/\/www.santearmenie.org\/en\/#website"},"primaryImageOfPage":{"@id":"https:\/\/www.santearmenie.org\/en\/who-we-are\/news\/#primaryimage"},"image":{"@id":"https:\/\/www.santearmenie.org\/en\/who-we-are\/news\/#primaryimage"},"thumbnailUrl":"https:\/\/www.santearmenie.org\/wp-content\/uploads\/2024\/03\/taras-shypka-iFSvn82XfGo-unsplash.jpg","datePublished":"2023-11-21T07:55:22+00:00","dateModified":"2025-11-11T18:16:42+00:00","description":"Discover the latest news from Sant\u00e9 Arm\u00e9nie","breadcrumb":{"@id":"https:\/\/www.santearmenie.org\/en\/who-we-are\/news\/#breadcrumb"},"inLanguage":"en-US","potentialAction":[{"@type":"ReadAction","target":["https:\/\/www.santearmenie.org\/en\/who-we-are\/news\/"]}]},{"@type":"ImageObject","inLanguage":"en-US","@id":"https:\/\/www.santearmenie.org\/en\/who-we-are\/news\/#primaryimage","url":"https:\/\/www.santearmenie.org\/wp-content\/uploads\/2024\/03\/taras-shypka-iFSvn82XfGo-unsplash.jpg","contentUrl":"https:\/\/www.santearmenie.org\/wp-content\/uploads\/2024\/03\/taras-shypka-iFSvn82XfGo-unsplash.jpg"},{"@type":"BreadcrumbList","@id":"https:\/\/www.santearmenie.org\/en\/who-we-are\/news\/#breadcrumb","itemListElement":[{"@type":"ListItem","position":1,"name":"Home","item":"https:\/\/www.santearmenie.org\/en\/"},{"@type":"ListItem","position":2,"name":"Who we are","item":"https:\/\/www.santearmenie.org\/en\/who-we-are\/"},{"@type":"ListItem","position":3,"name":"News"}]},{"@type":"WebSite","@id":"https:\/\/www.santearmenie.org\/en\/#website","url":"https:\/\/www.santearmenie.org\/en\/","name":"Sante Armenie","description":"Sant\u00e9 Arm\u00e9nie est une association loi 1901 r\u00e9unissant des professionnels de sant\u00e9 et autres volontaires europ\u00e9ens qui se sont donn\u00e9s pour objectif de participer au d\u00e9veloppement sur le long terme du syst\u00e8me de sant\u00e9 arm\u00e9nien. Sant\u00e9 Arm\u00e9nie a \u00e9t\u00e9 cr\u00e9\u00e9e \u00e0 la suite de la guerre de 2020 en Artsakh et entreprend depuis lors de nombreux projets touchant diff\u00e9rents aspects du secteur de sant\u00e9 arm\u00e9nien.","publisher":{"@id":"https:\/\/www.santearmenie.org\/en\/#organization"},"potentialAction":[{"@type":"SearchAction","target":{"@type":"EntryPoint","urlTemplate":"https:\/\/www.santearmenie.org\/en\/?s={search_term_string}"},"query-input":{"@type":"PropertyValueSpecification","valueRequired":true,"valueName":"search_term_string"}}],"inLanguage":"en-US"},{"@type":"Organization","@id":"https:\/\/www.santearmenie.org\/en\/#organization","name":"Sante Armenie","url":"https:\/\/www.santearmenie.org\/en\/","logo":{"@type":"ImageObject","inLanguage":"en-US","@id":"https:\/\/www.santearmenie.org\/en\/#\/schema\/logo\/image\/","url":"https:\/\/www.santearmenie.org\/wp-content\/uploads\/2025\/08\/cropped-Logo-Sante-Armenie-blanc-BD.png","contentUrl":"https:\/\/www.santearmenie.org\/wp-content\/uploads\/2025\/08\/cropped-Logo-Sante-Armenie-blanc-BD.png","width":784,"height":528,"caption":"Sante Armenie"},"image":{"@id":"https:\/\/www.santearmenie.org\/en\/#\/schema\/logo\/image\/"}}]}},"_links":{"self":[{"href":"https:\/\/www.santearmenie.org\/en\/wp-json\/wp\/v2\/pages\/4590","targetHints":{"allow":["GET"]}}],"collection":[{"href":"https:\/\/www.santearmenie.org\/en\/wp-json\/wp\/v2\/pages"}],"about":[{"href":"https:\/\/www.santearmenie.org\/en\/wp-json\/wp\/v2\/types\/page"}],"author":[{"embeddable":true,"href":"https:\/\/www.santearmenie.org\/en\/wp-json\/wp\/v2\/users\/5"}],"replies":[{"embeddable":true,"href":"https:\/\/www.santearmenie.org\/en\/wp-json\/wp\/v2\/comments?post=4590"}],"version-history":[{"count":8,"href":"https:\/\/www.santearmenie.org\/en\/wp-json\/wp\/v2\/pages\/4590\/revisions"}],"predecessor-version":[{"id":4955,"href":"https:\/\/www.santearmenie.org\/en\/wp-json\/wp\/v2\/pages\/4590\/revisions\/4955"}],"up":[{"embeddable":true,"href":"https:\/\/www.santearmenie.org\/en\/wp-json\/wp\/v2\/pages\/4624"}],"wp:attachment":[{"href":"https:\/\/www.santearmenie.org\/en\/wp-json\/wp\/v2\/media?parent=4590"}],"curies":[{"name":"wp","href":"https:\/\/api.w.org\/{rel}","templated":true}]}}