{"id":4522,"date":"2024-02-01T05:22:18","date_gmt":"2024-02-01T03:22:18","guid":{"rendered":"https:\/\/sante-armenie.flywheelstaging.com\/french-armenian-academic-research-organization-and-biological-resource-center\/"},"modified":"2024-06-21T15:24:26","modified_gmt":"2024-06-21T13:24:26","slug":"academic-research-center","status":"publish","type":"page","link":"https:\/\/www.santearmenie.org\/en\/what-we-do\/academic-research-center\/","title":{"rendered":"Academic Research Center"},"content":{"rendered":"\t\t<div data-elementor-type=\"wp-page\" data-elementor-id=\"4522\" class=\"elementor elementor-4522 elementor-925\" data-elementor-post-type=\"page\">\n\t\t\t\t<div class=\"elementor-element elementor-element-f590054 e-con-full e-flex e-con e-parent\" data-id=\"f590054\" data-element_type=\"container\" data-e-type=\"container\">\n\t\t\t\t<div class=\"elementor-element elementor-element-4341e1c elementor-widget elementor-widget-background-hero\" data-id=\"4341e1c\" data-element_type=\"widget\" data-e-type=\"widget\" data-widget_type=\"background-hero.default\">\n\t\t\t\t<div class=\"elementor-widget-container\">\n\t\t\t\t\t\n        <section class=\"background-hero-section\">\n            <img decoding=\"async\" src=\"https:\/\/www.santearmenie.org\/wp-content\/uploads\/2024\/02\/2-Research-center-scaled.jpeg\" alt=\"\"\/>\n            <h1 style=\"color: #000\"><\/h1>\n        <\/section>\n        \t\t\t\t<\/div>\n\t\t\t\t<\/div>\n\t\t\t\t<\/div>\n\t\t<div class=\"elementor-element elementor-element-d139b25 e-flex e-con-boxed e-con e-parent\" data-id=\"d139b25\" data-element_type=\"container\" data-e-type=\"container\">\n\t\t\t\t\t<div class=\"e-con-inner\">\n\t\t\t\t<div class=\"elementor-element elementor-element-0442e4c elementor-widget elementor-widget-heading\" data-id=\"0442e4c\" data-element_type=\"widget\" data-e-type=\"widget\" data-widget_type=\"heading.default\">\n\t\t\t\t<div class=\"elementor-widget-container\">\n\t\t\t\t\t<h1 class=\"elementor-heading-title elementor-size-default\">French-Armenian Academic Research Organization and Biological Resource Center\n\n<\/h1>\t\t\t\t<\/div>\n\t\t\t\t<\/div>\n\t\t\t\t\t<\/div>\n\t\t\t\t<\/div>\n\t\t<div class=\"elementor-element elementor-element-936cb10 e-flex e-con-boxed e-con e-parent\" data-id=\"936cb10\" data-element_type=\"container\" data-e-type=\"container\">\n\t\t\t\t\t<div class=\"e-con-inner\">\n\t\t\t\t<div class=\"elementor-element elementor-element-8313d8a elementor-widget elementor-widget-text-editor\" data-id=\"8313d8a\" data-element_type=\"widget\" data-e-type=\"widget\" data-widget_type=\"text-editor.default\">\n\t\t\t\t<div class=\"elementor-widget-container\">\n\t\t\t\t\t\t\t\t\t<h4><strong>Directors: Dr. Merry Mazmanian, Professor Ars\u00e8ne Mekinian, Gohar Mkrtchyan<br \/><\/strong><\/h4>\n<p><span style=\"font-weight: 400;\">Scientific medical research in Armenia is still in its infancy. Developing such research will help provide a better understanding of the country&#8217;s public health issues and enable Armenia to be present on the international scientific stage. <br \/><\/span><span style=\"font-weight: 400;\">Driving scientific medical research and finding partnerships for clinical trials can raise Armenia&#8217;s international profile and increase local expertise and access to new and often expensive treatments.<\/span><\/p>\n\t\t\t\t\t\t\t\t<\/div>\n\t\t\t\t<\/div>\n\t\t\t\t\t<\/div>\n\t\t\t\t<\/div>\n\t\t<div class=\"elementor-element elementor-element-8919f9e e-flex e-con-boxed e-con e-parent\" data-id=\"8919f9e\" data-element_type=\"container\" data-e-type=\"container\">\n\t\t\t\t\t<div class=\"e-con-inner\">\n\t\t\t\t<div class=\"elementor-element elementor-element-0640393 elementor-widget elementor-widget-side-by-side-colored\" data-id=\"0640393\" data-element_type=\"widget\" data-e-type=\"widget\" data-widget_type=\"side-by-side-colored.default\">\n\t\t\t\t<div class=\"elementor-widget-container\">\n\t\t\t\t\t\n        <section class=\"side-by-side-colored-section\">\n                        <div class=\"section-column image-left d-flex\">\n                <div class=\"col-12 col-md-6\">\n                    <img decoding=\"async\" src=\"https:\/\/www.santearmenie.org\/wp-content\/uploads\/2024\/02\/10-Research.png\" alt=\"\">\n                <\/div>\n                <div class=\"col-12 col-md-6 text-content\" style=\"background-color: #E30613 \">\n                    <div class=\"paragraph\"><p><span style=\"font-weight: 400;\">Sant\u00e9 Arm\u00e9nie created the French-Armenian Academic Research Organization in Yerevan, which was awarded a bronze Academic Research Center label by the Greater Paris University Hospitals in 2022. The aim of this center is to contribute to the development of scientific medical research in Armenia. Doing so will provide a better understanding of public health in Armenia and encourage Armenian doctors to participate in international registries and clinical research by making the most of French know-how in this field.<\/span><\/p><p><span style=\"font-weight: 400;\">In 2023, Sant\u00e9 Arm\u00e9nie also set up a Biological Resource Center, which centralizes local biocollections and collaborates directly with the Research Center and a consortium of laboratories in Armenia. Collecting and conserving biological resources is an essential prerequisite for scientific research. <\/span><\/p><\/div>\n                <\/div>\n            <\/div>\n        <\/section>\n        \t\t\t\t<\/div>\n\t\t\t\t<\/div>\n\t\t\t\t\t<\/div>\n\t\t\t\t<\/div>\n\t\t\t\t<\/div>\n\t\t","protected":false},"excerpt":{"rendered":"<p>French-Armenian Academic Research Organization and Biological Resource Center Directors: Dr. Merry Mazmanian, Professor Ars\u00e8ne Mekinian, Gohar Mkrtchyan Scientific medical research in Armenia is still in its infancy. Developing such research will help provide a better understanding of the country&#8217;s public health issues and enable Armenia to be present on the international scientific stage. Driving scientific [&hellip;]<\/p>\n","protected":false},"author":5,"featured_media":0,"parent":4607,"menu_order":0,"comment_status":"closed","ping_status":"closed","template":"","meta":{"footnotes":""},"class_list":["post-4522","page","type-page","status-publish","hentry"],"yoast_head":"<!-- This site is optimized with the Yoast SEO plugin v27.3 - https:\/\/yoast.com\/product\/yoast-seo-wordpress\/ -->\n<title>Academic Research Center - Sante Armenie<\/title>\n<meta name=\"robots\" content=\"index, follow, max-snippet:-1, max-image-preview:large, max-video-preview:-1\" \/>\n<link rel=\"canonical\" href=\"https:\/\/www.santearmenie.org\/en\/what-we-do\/academic-research-center\/\" \/>\n<meta property=\"og:locale\" content=\"en_US\" \/>\n<meta property=\"og:type\" content=\"article\" \/>\n<meta property=\"og:title\" content=\"Academic Research Center - Sante Armenie\" \/>\n<meta property=\"og:description\" content=\"French-Armenian Academic Research Organization and Biological Resource Center Directors: Dr. Merry Mazmanian, Professor Ars\u00e8ne Mekinian, Gohar Mkrtchyan Scientific medical research in Armenia is still in its infancy. Developing such research will help provide a better understanding of the country&#8217;s public health issues and enable Armenia to be present on the international scientific stage. Driving scientific [&hellip;]\" \/>\n<meta property=\"og:url\" content=\"https:\/\/www.santearmenie.org\/en\/what-we-do\/academic-research-center\/\" \/>\n<meta property=\"og:site_name\" content=\"Sante Armenie\" \/>\n<meta property=\"article:modified_time\" content=\"2024-06-21T13:24:26+00:00\" \/>\n<meta property=\"og:image\" content=\"https:\/\/www.santearmenie.org\/wp-content\/uploads\/2024\/02\/2-Research-center-scaled.jpeg\" \/>\n<meta name=\"twitter:card\" content=\"summary_large_image\" \/>\n<meta name=\"twitter:label1\" content=\"Est. reading time\" \/>\n\t<meta name=\"twitter:data1\" content=\"1 minute\" \/>\n<script type=\"application\/ld+json\" class=\"yoast-schema-graph\">{\"@context\":\"https:\\\/\\\/schema.org\",\"@graph\":[{\"@type\":\"WebPage\",\"@id\":\"https:\\\/\\\/www.santearmenie.org\\\/en\\\/what-we-do\\\/academic-research-center\\\/\",\"url\":\"https:\\\/\\\/www.santearmenie.org\\\/en\\\/what-we-do\\\/academic-research-center\\\/\",\"name\":\"Academic Research Center - Sante Armenie\",\"isPartOf\":{\"@id\":\"https:\\\/\\\/www.santearmenie.org\\\/en\\\/#website\"},\"primaryImageOfPage\":{\"@id\":\"https:\\\/\\\/www.santearmenie.org\\\/en\\\/what-we-do\\\/academic-research-center\\\/#primaryimage\"},\"image\":{\"@id\":\"https:\\\/\\\/www.santearmenie.org\\\/en\\\/what-we-do\\\/academic-research-center\\\/#primaryimage\"},\"thumbnailUrl\":\"https:\\\/\\\/www.santearmenie.org\\\/wp-content\\\/uploads\\\/2024\\\/02\\\/2-Research-center-scaled.jpeg\",\"datePublished\":\"2024-02-01T03:22:18+00:00\",\"dateModified\":\"2024-06-21T13:24:26+00:00\",\"breadcrumb\":{\"@id\":\"https:\\\/\\\/www.santearmenie.org\\\/en\\\/what-we-do\\\/academic-research-center\\\/#breadcrumb\"},\"inLanguage\":\"en-US\",\"potentialAction\":[{\"@type\":\"ReadAction\",\"target\":[\"https:\\\/\\\/www.santearmenie.org\\\/en\\\/what-we-do\\\/academic-research-center\\\/\"]}]},{\"@type\":\"ImageObject\",\"inLanguage\":\"en-US\",\"@id\":\"https:\\\/\\\/www.santearmenie.org\\\/en\\\/what-we-do\\\/academic-research-center\\\/#primaryimage\",\"url\":\"https:\\\/\\\/www.santearmenie.org\\\/wp-content\\\/uploads\\\/2024\\\/02\\\/2-Research-center-scaled.jpeg\",\"contentUrl\":\"https:\\\/\\\/www.santearmenie.org\\\/wp-content\\\/uploads\\\/2024\\\/02\\\/2-Research-center-scaled.jpeg\"},{\"@type\":\"BreadcrumbList\",\"@id\":\"https:\\\/\\\/www.santearmenie.org\\\/en\\\/what-we-do\\\/academic-research-center\\\/#breadcrumb\",\"itemListElement\":[{\"@type\":\"ListItem\",\"position\":1,\"name\":\"Home\",\"item\":\"https:\\\/\\\/www.santearmenie.org\\\/en\\\/\"},{\"@type\":\"ListItem\",\"position\":2,\"name\":\"Academic Research Center\"}]},{\"@type\":\"WebSite\",\"@id\":\"https:\\\/\\\/www.santearmenie.org\\\/en\\\/#website\",\"url\":\"https:\\\/\\\/www.santearmenie.org\\\/en\\\/\",\"name\":\"Sante Armenie\",\"description\":\"Sant\u00e9 Arm\u00e9nie est une association loi 1901 r\u00e9unissant des professionnels de sant\u00e9 et autres volontaires europ\u00e9ens qui se sont donn\u00e9s pour objectif de participer au d\u00e9veloppement sur le long terme du syst\u00e8me de sant\u00e9 arm\u00e9nien. Sant\u00e9 Arm\u00e9nie a \u00e9t\u00e9 cr\u00e9\u00e9e \u00e0 la suite de la guerre de 2020 en Artsakh et entreprend depuis lors de nombreux projets touchant diff\u00e9rents aspects du secteur de sant\u00e9 arm\u00e9nien.\",\"publisher\":{\"@id\":\"https:\\\/\\\/www.santearmenie.org\\\/en\\\/#organization\"},\"potentialAction\":[{\"@type\":\"SearchAction\",\"target\":{\"@type\":\"EntryPoint\",\"urlTemplate\":\"https:\\\/\\\/www.santearmenie.org\\\/en\\\/?s={search_term_string}\"},\"query-input\":{\"@type\":\"PropertyValueSpecification\",\"valueRequired\":true,\"valueName\":\"search_term_string\"}}],\"inLanguage\":\"en-US\"},{\"@type\":\"Organization\",\"@id\":\"https:\\\/\\\/www.santearmenie.org\\\/en\\\/#organization\",\"name\":\"Sante Armenie\",\"url\":\"https:\\\/\\\/www.santearmenie.org\\\/en\\\/\",\"logo\":{\"@type\":\"ImageObject\",\"inLanguage\":\"en-US\",\"@id\":\"https:\\\/\\\/www.santearmenie.org\\\/en\\\/#\\\/schema\\\/logo\\\/image\\\/\",\"url\":\"https:\\\/\\\/www.santearmenie.org\\\/wp-content\\\/uploads\\\/2025\\\/08\\\/cropped-Logo-Sante-Armenie-blanc-BD.png\",\"contentUrl\":\"https:\\\/\\\/www.santearmenie.org\\\/wp-content\\\/uploads\\\/2025\\\/08\\\/cropped-Logo-Sante-Armenie-blanc-BD.png\",\"width\":784,\"height\":528,\"caption\":\"Sante Armenie\"},\"image\":{\"@id\":\"https:\\\/\\\/www.santearmenie.org\\\/en\\\/#\\\/schema\\\/logo\\\/image\\\/\"}}]}<\/script>\n<!-- \/ Yoast SEO plugin. -->","yoast_head_json":{"title":"Academic Research Center - Sante Armenie","robots":{"index":"index","follow":"follow","max-snippet":"max-snippet:-1","max-image-preview":"max-image-preview:large","max-video-preview":"max-video-preview:-1"},"canonical":"https:\/\/www.santearmenie.org\/en\/what-we-do\/academic-research-center\/","og_locale":"en_US","og_type":"article","og_title":"Academic Research Center - Sante Armenie","og_description":"French-Armenian Academic Research Organization and Biological Resource Center Directors: Dr. Merry Mazmanian, Professor Ars\u00e8ne Mekinian, Gohar Mkrtchyan Scientific medical research in Armenia is still in its infancy. Developing such research will help provide a better understanding of the country&#8217;s public health issues and enable Armenia to be present on the international scientific stage. Driving scientific [&hellip;]","og_url":"https:\/\/www.santearmenie.org\/en\/what-we-do\/academic-research-center\/","og_site_name":"Sante Armenie","article_modified_time":"2024-06-21T13:24:26+00:00","og_image":[{"url":"https:\/\/www.santearmenie.org\/wp-content\/uploads\/2024\/02\/2-Research-center-scaled.jpeg","type":"","width":"","height":""}],"twitter_card":"summary_large_image","twitter_misc":{"Est. reading time":"1 minute"},"schema":{"@context":"https:\/\/schema.org","@graph":[{"@type":"WebPage","@id":"https:\/\/www.santearmenie.org\/en\/what-we-do\/academic-research-center\/","url":"https:\/\/www.santearmenie.org\/en\/what-we-do\/academic-research-center\/","name":"Academic Research Center - Sante Armenie","isPartOf":{"@id":"https:\/\/www.santearmenie.org\/en\/#website"},"primaryImageOfPage":{"@id":"https:\/\/www.santearmenie.org\/en\/what-we-do\/academic-research-center\/#primaryimage"},"image":{"@id":"https:\/\/www.santearmenie.org\/en\/what-we-do\/academic-research-center\/#primaryimage"},"thumbnailUrl":"https:\/\/www.santearmenie.org\/wp-content\/uploads\/2024\/02\/2-Research-center-scaled.jpeg","datePublished":"2024-02-01T03:22:18+00:00","dateModified":"2024-06-21T13:24:26+00:00","breadcrumb":{"@id":"https:\/\/www.santearmenie.org\/en\/what-we-do\/academic-research-center\/#breadcrumb"},"inLanguage":"en-US","potentialAction":[{"@type":"ReadAction","target":["https:\/\/www.santearmenie.org\/en\/what-we-do\/academic-research-center\/"]}]},{"@type":"ImageObject","inLanguage":"en-US","@id":"https:\/\/www.santearmenie.org\/en\/what-we-do\/academic-research-center\/#primaryimage","url":"https:\/\/www.santearmenie.org\/wp-content\/uploads\/2024\/02\/2-Research-center-scaled.jpeg","contentUrl":"https:\/\/www.santearmenie.org\/wp-content\/uploads\/2024\/02\/2-Research-center-scaled.jpeg"},{"@type":"BreadcrumbList","@id":"https:\/\/www.santearmenie.org\/en\/what-we-do\/academic-research-center\/#breadcrumb","itemListElement":[{"@type":"ListItem","position":1,"name":"Home","item":"https:\/\/www.santearmenie.org\/en\/"},{"@type":"ListItem","position":2,"name":"Academic Research Center"}]},{"@type":"WebSite","@id":"https:\/\/www.santearmenie.org\/en\/#website","url":"https:\/\/www.santearmenie.org\/en\/","name":"Sante Armenie","description":"Sant\u00e9 Arm\u00e9nie est une association loi 1901 r\u00e9unissant des professionnels de sant\u00e9 et autres volontaires europ\u00e9ens qui se sont donn\u00e9s pour objectif de participer au d\u00e9veloppement sur le long terme du syst\u00e8me de sant\u00e9 arm\u00e9nien. Sant\u00e9 Arm\u00e9nie a \u00e9t\u00e9 cr\u00e9\u00e9e \u00e0 la suite de la guerre de 2020 en Artsakh et entreprend depuis lors de nombreux projets touchant diff\u00e9rents aspects du secteur de sant\u00e9 arm\u00e9nien.","publisher":{"@id":"https:\/\/www.santearmenie.org\/en\/#organization"},"potentialAction":[{"@type":"SearchAction","target":{"@type":"EntryPoint","urlTemplate":"https:\/\/www.santearmenie.org\/en\/?s={search_term_string}"},"query-input":{"@type":"PropertyValueSpecification","valueRequired":true,"valueName":"search_term_string"}}],"inLanguage":"en-US"},{"@type":"Organization","@id":"https:\/\/www.santearmenie.org\/en\/#organization","name":"Sante Armenie","url":"https:\/\/www.santearmenie.org\/en\/","logo":{"@type":"ImageObject","inLanguage":"en-US","@id":"https:\/\/www.santearmenie.org\/en\/#\/schema\/logo\/image\/","url":"https:\/\/www.santearmenie.org\/wp-content\/uploads\/2025\/08\/cropped-Logo-Sante-Armenie-blanc-BD.png","contentUrl":"https:\/\/www.santearmenie.org\/wp-content\/uploads\/2025\/08\/cropped-Logo-Sante-Armenie-blanc-BD.png","width":784,"height":528,"caption":"Sante Armenie"},"image":{"@id":"https:\/\/www.santearmenie.org\/en\/#\/schema\/logo\/image\/"}}]}},"_links":{"self":[{"href":"https:\/\/www.santearmenie.org\/en\/wp-json\/wp\/v2\/pages\/4522","targetHints":{"allow":["GET"]}}],"collection":[{"href":"https:\/\/www.santearmenie.org\/en\/wp-json\/wp\/v2\/pages"}],"about":[{"href":"https:\/\/www.santearmenie.org\/en\/wp-json\/wp\/v2\/types\/page"}],"author":[{"embeddable":true,"href":"https:\/\/www.santearmenie.org\/en\/wp-json\/wp\/v2\/users\/5"}],"replies":[{"embeddable":true,"href":"https:\/\/www.santearmenie.org\/en\/wp-json\/wp\/v2\/comments?post=4522"}],"version-history":[{"count":4,"href":"https:\/\/www.santearmenie.org\/en\/wp-json\/wp\/v2\/pages\/4522\/revisions"}],"predecessor-version":[{"id":4602,"href":"https:\/\/www.santearmenie.org\/en\/wp-json\/wp\/v2\/pages\/4522\/revisions\/4602"}],"up":[{"embeddable":true,"href":"https:\/\/www.santearmenie.org\/en\/wp-json\/wp\/v2\/pages\/4607"}],"wp:attachment":[{"href":"https:\/\/www.santearmenie.org\/en\/wp-json\/wp\/v2\/media?parent=4522"}],"curies":[{"name":"wp","href":"https:\/\/api.w.org\/{rel}","templated":true}]}}