{"id":4520,"date":"2024-02-19T12:56:50","date_gmt":"2024-02-19T11:56:50","guid":{"rendered":"https:\/\/sante-armenie.flywheelstaging.com\/join-sante-armenie\/"},"modified":"2026-03-24T15:44:54","modified_gmt":"2026-03-24T14:44:54","slug":"join-sante-armenie","status":"publish","type":"page","link":"https:\/\/www.santearmenie.org\/en\/get-involved\/join-sante-armenie\/","title":{"rendered":"Join Sant\u00e9 Arm\u00e9nie"},"content":{"rendered":"\t\t<div data-elementor-type=\"wp-page\" data-elementor-id=\"4520\" class=\"elementor elementor-4520 elementor-1586\" data-elementor-post-type=\"page\">\n\t\t\t\t<div class=\"elementor-element elementor-element-e24a2f2 e-con-full e-flex e-con e-parent\" data-id=\"e24a2f2\" data-element_type=\"container\" data-e-type=\"container\">\n\t\t\t\t<div class=\"elementor-element elementor-element-f614f29 elementor-widget elementor-widget-background-hero\" data-id=\"f614f29\" data-element_type=\"widget\" data-e-type=\"widget\" data-widget_type=\"background-hero.default\">\n\t\t\t\t<div class=\"elementor-widget-container\">\n\t\t\t\t\t\n        <section class=\"background-hero-section\">\n            <img decoding=\"async\" src=\"https:\/\/www.santearmenie.org\/wp-content\/uploads\/2024\/03\/30-teamwork-resize.jpg\" alt=\"\"\/>\n            <h1 style=\"color: #000\"><\/h1>\n        <\/section>\n        \t\t\t\t<\/div>\n\t\t\t\t<\/div>\n\t\t\t\t<\/div>\n\t\t<div class=\"elementor-element elementor-element-061c4c9 e-flex e-con-boxed e-con e-parent\" data-id=\"061c4c9\" data-element_type=\"container\" data-e-type=\"container\">\n\t\t\t\t\t<div class=\"e-con-inner\">\n\t\t\t\t<div class=\"elementor-element elementor-element-694dfb7 elementor-widget elementor-widget-heading\" data-id=\"694dfb7\" data-element_type=\"widget\" data-e-type=\"widget\" data-widget_type=\"heading.default\">\n\t\t\t\t<div class=\"elementor-widget-container\">\n\t\t\t\t\t<h1 class=\"elementor-heading-title elementor-size-default\">Join Sant\u00e9 Arm\u00e9nie<\/h1>\t\t\t\t<\/div>\n\t\t\t\t<\/div>\n\t\t\t\t\t<\/div>\n\t\t\t\t<\/div>\n\t\t<div class=\"elementor-element elementor-element-ea783f3 e-flex e-con-boxed e-con e-parent\" data-id=\"ea783f3\" data-element_type=\"container\" data-e-type=\"container\">\n\t\t\t\t\t<div class=\"e-con-inner\">\n\t\t\t\t<div class=\"elementor-element elementor-element-1ab7816 elementor-widget elementor-widget-text-editor\" data-id=\"1ab7816\" data-element_type=\"widget\" data-e-type=\"widget\" data-widget_type=\"text-editor.default\">\n\t\t\t\t<div class=\"elementor-widget-container\">\n\t\t\t\t\t\t\t\t\t<p><strong>Why join us?<\/strong><\/p>\n<p>Are you a healthcare professional who would like to be directly involved in Sant\u00e9 Arm\u00e9nie&#8217;s activities? Join!<br \/>You&#8217;ll be contributing to the development of the Armenian healthcare system, training your counterparts in Armenia, stimulating medical and paramedical fields that are underdeveloped there, and you&#8217;ll be able to carry out field missions alongside other volunteer members!<\/p>\n\t\t\t\t\t\t\t\t<\/div>\n\t\t\t\t<\/div>\n\t\t\t\t<div class=\"elementor-element elementor-element-6347cb8 elementor-widget elementor-widget-text-editor\" data-id=\"6347cb8\" data-element_type=\"widget\" data-e-type=\"widget\" data-widget_type=\"text-editor.default\">\n\t\t\t\t<div class=\"elementor-widget-container\">\n\t\t\t\t\t\t\t\t\t<p><iframe id=\"haWidget\" style=\"width: 100%; height: 750px; border: none;\" src=\"https:\/\/www.helloasso.com\/associations\/sante-armenie\/adhesions\/adhesion-sante-armenie-annee-2026\/widget\" scrolling=\"auto\"><span data-mce-type=\"bookmark\" style=\"display: inline-block; width: 0px; overflow: hidden; line-height: 0;\" class=\"mce_SELRES_start\">\ufeff<\/span> parseFloat(haWidgetElement.height || 0)) { haWidgetElement.height = dataHeight + &#8216;px&#8217;;}})&#8221;&gt;<\/iframe><\/p>\t\t\t\t\t\t\t\t<\/div>\n\t\t\t\t<\/div>\n\t\t\t\t\t<\/div>\n\t\t\t\t<\/div>\n\t\t\t\t<\/div>\n\t\t","protected":false},"excerpt":{"rendered":"<p>Join Sant\u00e9 Arm\u00e9nie Why join us? Are you a healthcare professional who would like to be directly involved in Sant\u00e9 Arm\u00e9nie&#8217;s activities? Join!You&#8217;ll be contributing to the development of the Armenian healthcare system, training your counterparts in Armenia, stimulating medical and paramedical fields that are underdeveloped there, and you&#8217;ll be able to carry out field [&hellip;]<\/p>\n","protected":false},"author":5,"featured_media":0,"parent":4626,"menu_order":0,"comment_status":"closed","ping_status":"closed","template":"","meta":{"footnotes":""},"class_list":["post-4520","page","type-page","status-publish","hentry"],"yoast_head":"<!-- This site is optimized with the Yoast SEO plugin v27.3 - https:\/\/yoast.com\/product\/yoast-seo-wordpress\/ -->\n<title>Join Sant\u00e9 Arm\u00e9nie - Sante Armenie<\/title>\n<meta name=\"robots\" content=\"index, follow, max-snippet:-1, max-image-preview:large, max-video-preview:-1\" \/>\n<link rel=\"canonical\" href=\"https:\/\/www.santearmenie.org\/en\/get-involved\/join-sante-armenie\/\" \/>\n<meta property=\"og:locale\" content=\"en_US\" \/>\n<meta property=\"og:type\" content=\"article\" \/>\n<meta property=\"og:title\" content=\"Join Sant\u00e9 Arm\u00e9nie - Sante Armenie\" \/>\n<meta property=\"og:description\" content=\"Join Sant\u00e9 Arm\u00e9nie Why join us? Are you a healthcare professional who would like to be directly involved in Sant\u00e9 Arm\u00e9nie&#8217;s activities? Join!You&#8217;ll be contributing to the development of the Armenian healthcare system, training your counterparts in Armenia, stimulating medical and paramedical fields that are underdeveloped there, and you&#8217;ll be able to carry out field [&hellip;]\" \/>\n<meta property=\"og:url\" content=\"https:\/\/www.santearmenie.org\/en\/get-involved\/join-sante-armenie\/\" \/>\n<meta property=\"og:site_name\" content=\"Sante Armenie\" \/>\n<meta property=\"article:modified_time\" content=\"2026-03-24T14:44:54+00:00\" \/>\n<meta property=\"og:image\" content=\"https:\/\/www.santearmenie.org\/wp-content\/uploads\/2024\/03\/30-teamwork-resize.jpg\" \/>\n<meta name=\"twitter:card\" content=\"summary_large_image\" \/>\n<meta name=\"twitter:label1\" content=\"Est. reading time\" \/>\n\t<meta name=\"twitter:data1\" content=\"1 minute\" \/>\n<script type=\"application\/ld+json\" class=\"yoast-schema-graph\">{\"@context\":\"https:\\\/\\\/schema.org\",\"@graph\":[{\"@type\":\"WebPage\",\"@id\":\"https:\\\/\\\/www.santearmenie.org\\\/en\\\/get-involved\\\/join-sante-armenie\\\/\",\"url\":\"https:\\\/\\\/www.santearmenie.org\\\/en\\\/get-involved\\\/join-sante-armenie\\\/\",\"name\":\"Join Sant\u00e9 Arm\u00e9nie - Sante Armenie\",\"isPartOf\":{\"@id\":\"https:\\\/\\\/www.santearmenie.org\\\/en\\\/#website\"},\"primaryImageOfPage\":{\"@id\":\"https:\\\/\\\/www.santearmenie.org\\\/en\\\/get-involved\\\/join-sante-armenie\\\/#primaryimage\"},\"image\":{\"@id\":\"https:\\\/\\\/www.santearmenie.org\\\/en\\\/get-involved\\\/join-sante-armenie\\\/#primaryimage\"},\"thumbnailUrl\":\"https:\\\/\\\/www.santearmenie.org\\\/wp-content\\\/uploads\\\/2024\\\/03\\\/30-teamwork-resize.jpg\",\"datePublished\":\"2024-02-19T11:56:50+00:00\",\"dateModified\":\"2026-03-24T14:44:54+00:00\",\"breadcrumb\":{\"@id\":\"https:\\\/\\\/www.santearmenie.org\\\/en\\\/get-involved\\\/join-sante-armenie\\\/#breadcrumb\"},\"inLanguage\":\"en-US\",\"potentialAction\":[{\"@type\":\"ReadAction\",\"target\":[\"https:\\\/\\\/www.santearmenie.org\\\/en\\\/get-involved\\\/join-sante-armenie\\\/\"]}]},{\"@type\":\"ImageObject\",\"inLanguage\":\"en-US\",\"@id\":\"https:\\\/\\\/www.santearmenie.org\\\/en\\\/get-involved\\\/join-sante-armenie\\\/#primaryimage\",\"url\":\"https:\\\/\\\/www.santearmenie.org\\\/wp-content\\\/uploads\\\/2024\\\/03\\\/30-teamwork-resize.jpg\",\"contentUrl\":\"https:\\\/\\\/www.santearmenie.org\\\/wp-content\\\/uploads\\\/2024\\\/03\\\/30-teamwork-resize.jpg\"},{\"@type\":\"BreadcrumbList\",\"@id\":\"https:\\\/\\\/www.santearmenie.org\\\/en\\\/get-involved\\\/join-sante-armenie\\\/#breadcrumb\",\"itemListElement\":[{\"@type\":\"ListItem\",\"position\":1,\"name\":\"Home\",\"item\":\"https:\\\/\\\/www.santearmenie.org\\\/en\\\/\"},{\"@type\":\"ListItem\",\"position\":2,\"name\":\"Get involved\",\"item\":\"https:\\\/\\\/www.santearmenie.org\\\/en\\\/get-involved\\\/\"},{\"@type\":\"ListItem\",\"position\":3,\"name\":\"Join Sant\u00e9 Arm\u00e9nie\"}]},{\"@type\":\"WebSite\",\"@id\":\"https:\\\/\\\/www.santearmenie.org\\\/en\\\/#website\",\"url\":\"https:\\\/\\\/www.santearmenie.org\\\/en\\\/\",\"name\":\"Sante Armenie\",\"description\":\"Sant\u00e9 Arm\u00e9nie est une association loi 1901 r\u00e9unissant des professionnels de sant\u00e9 et autres volontaires europ\u00e9ens qui se sont donn\u00e9s pour objectif de participer au d\u00e9veloppement sur le long terme du syst\u00e8me de sant\u00e9 arm\u00e9nien. Sant\u00e9 Arm\u00e9nie a \u00e9t\u00e9 cr\u00e9\u00e9e \u00e0 la suite de la guerre de 2020 en Artsakh et entreprend depuis lors de nombreux projets touchant diff\u00e9rents aspects du secteur de sant\u00e9 arm\u00e9nien.\",\"publisher\":{\"@id\":\"https:\\\/\\\/www.santearmenie.org\\\/en\\\/#organization\"},\"potentialAction\":[{\"@type\":\"SearchAction\",\"target\":{\"@type\":\"EntryPoint\",\"urlTemplate\":\"https:\\\/\\\/www.santearmenie.org\\\/en\\\/?s={search_term_string}\"},\"query-input\":{\"@type\":\"PropertyValueSpecification\",\"valueRequired\":true,\"valueName\":\"search_term_string\"}}],\"inLanguage\":\"en-US\"},{\"@type\":\"Organization\",\"@id\":\"https:\\\/\\\/www.santearmenie.org\\\/en\\\/#organization\",\"name\":\"Sante Armenie\",\"url\":\"https:\\\/\\\/www.santearmenie.org\\\/en\\\/\",\"logo\":{\"@type\":\"ImageObject\",\"inLanguage\":\"en-US\",\"@id\":\"https:\\\/\\\/www.santearmenie.org\\\/en\\\/#\\\/schema\\\/logo\\\/image\\\/\",\"url\":\"https:\\\/\\\/www.santearmenie.org\\\/wp-content\\\/uploads\\\/2025\\\/08\\\/cropped-Logo-Sante-Armenie-blanc-BD.png\",\"contentUrl\":\"https:\\\/\\\/www.santearmenie.org\\\/wp-content\\\/uploads\\\/2025\\\/08\\\/cropped-Logo-Sante-Armenie-blanc-BD.png\",\"width\":784,\"height\":528,\"caption\":\"Sante Armenie\"},\"image\":{\"@id\":\"https:\\\/\\\/www.santearmenie.org\\\/en\\\/#\\\/schema\\\/logo\\\/image\\\/\"}}]}<\/script>\n<!-- \/ Yoast SEO plugin. -->","yoast_head_json":{"title":"Join Sant\u00e9 Arm\u00e9nie - Sante Armenie","robots":{"index":"index","follow":"follow","max-snippet":"max-snippet:-1","max-image-preview":"max-image-preview:large","max-video-preview":"max-video-preview:-1"},"canonical":"https:\/\/www.santearmenie.org\/en\/get-involved\/join-sante-armenie\/","og_locale":"en_US","og_type":"article","og_title":"Join Sant\u00e9 Arm\u00e9nie - Sante Armenie","og_description":"Join Sant\u00e9 Arm\u00e9nie Why join us? Are you a healthcare professional who would like to be directly involved in Sant\u00e9 Arm\u00e9nie&#8217;s activities? Join!You&#8217;ll be contributing to the development of the Armenian healthcare system, training your counterparts in Armenia, stimulating medical and paramedical fields that are underdeveloped there, and you&#8217;ll be able to carry out field [&hellip;]","og_url":"https:\/\/www.santearmenie.org\/en\/get-involved\/join-sante-armenie\/","og_site_name":"Sante Armenie","article_modified_time":"2026-03-24T14:44:54+00:00","og_image":[{"url":"https:\/\/www.santearmenie.org\/wp-content\/uploads\/2024\/03\/30-teamwork-resize.jpg","type":"","width":"","height":""}],"twitter_card":"summary_large_image","twitter_misc":{"Est. reading time":"1 minute"},"schema":{"@context":"https:\/\/schema.org","@graph":[{"@type":"WebPage","@id":"https:\/\/www.santearmenie.org\/en\/get-involved\/join-sante-armenie\/","url":"https:\/\/www.santearmenie.org\/en\/get-involved\/join-sante-armenie\/","name":"Join Sant\u00e9 Arm\u00e9nie - Sante Armenie","isPartOf":{"@id":"https:\/\/www.santearmenie.org\/en\/#website"},"primaryImageOfPage":{"@id":"https:\/\/www.santearmenie.org\/en\/get-involved\/join-sante-armenie\/#primaryimage"},"image":{"@id":"https:\/\/www.santearmenie.org\/en\/get-involved\/join-sante-armenie\/#primaryimage"},"thumbnailUrl":"https:\/\/www.santearmenie.org\/wp-content\/uploads\/2024\/03\/30-teamwork-resize.jpg","datePublished":"2024-02-19T11:56:50+00:00","dateModified":"2026-03-24T14:44:54+00:00","breadcrumb":{"@id":"https:\/\/www.santearmenie.org\/en\/get-involved\/join-sante-armenie\/#breadcrumb"},"inLanguage":"en-US","potentialAction":[{"@type":"ReadAction","target":["https:\/\/www.santearmenie.org\/en\/get-involved\/join-sante-armenie\/"]}]},{"@type":"ImageObject","inLanguage":"en-US","@id":"https:\/\/www.santearmenie.org\/en\/get-involved\/join-sante-armenie\/#primaryimage","url":"https:\/\/www.santearmenie.org\/wp-content\/uploads\/2024\/03\/30-teamwork-resize.jpg","contentUrl":"https:\/\/www.santearmenie.org\/wp-content\/uploads\/2024\/03\/30-teamwork-resize.jpg"},{"@type":"BreadcrumbList","@id":"https:\/\/www.santearmenie.org\/en\/get-involved\/join-sante-armenie\/#breadcrumb","itemListElement":[{"@type":"ListItem","position":1,"name":"Home","item":"https:\/\/www.santearmenie.org\/en\/"},{"@type":"ListItem","position":2,"name":"Get involved","item":"https:\/\/www.santearmenie.org\/en\/get-involved\/"},{"@type":"ListItem","position":3,"name":"Join Sant\u00e9 Arm\u00e9nie"}]},{"@type":"WebSite","@id":"https:\/\/www.santearmenie.org\/en\/#website","url":"https:\/\/www.santearmenie.org\/en\/","name":"Sante Armenie","description":"Sant\u00e9 Arm\u00e9nie est une association loi 1901 r\u00e9unissant des professionnels de sant\u00e9 et autres volontaires europ\u00e9ens qui se sont donn\u00e9s pour objectif de participer au d\u00e9veloppement sur le long terme du syst\u00e8me de sant\u00e9 arm\u00e9nien. Sant\u00e9 Arm\u00e9nie a \u00e9t\u00e9 cr\u00e9\u00e9e \u00e0 la suite de la guerre de 2020 en Artsakh et entreprend depuis lors de nombreux projets touchant diff\u00e9rents aspects du secteur de sant\u00e9 arm\u00e9nien.","publisher":{"@id":"https:\/\/www.santearmenie.org\/en\/#organization"},"potentialAction":[{"@type":"SearchAction","target":{"@type":"EntryPoint","urlTemplate":"https:\/\/www.santearmenie.org\/en\/?s={search_term_string}"},"query-input":{"@type":"PropertyValueSpecification","valueRequired":true,"valueName":"search_term_string"}}],"inLanguage":"en-US"},{"@type":"Organization","@id":"https:\/\/www.santearmenie.org\/en\/#organization","name":"Sante Armenie","url":"https:\/\/www.santearmenie.org\/en\/","logo":{"@type":"ImageObject","inLanguage":"en-US","@id":"https:\/\/www.santearmenie.org\/en\/#\/schema\/logo\/image\/","url":"https:\/\/www.santearmenie.org\/wp-content\/uploads\/2025\/08\/cropped-Logo-Sante-Armenie-blanc-BD.png","contentUrl":"https:\/\/www.santearmenie.org\/wp-content\/uploads\/2025\/08\/cropped-Logo-Sante-Armenie-blanc-BD.png","width":784,"height":528,"caption":"Sante Armenie"},"image":{"@id":"https:\/\/www.santearmenie.org\/en\/#\/schema\/logo\/image\/"}}]}},"_links":{"self":[{"href":"https:\/\/www.santearmenie.org\/en\/wp-json\/wp\/v2\/pages\/4520","targetHints":{"allow":["GET"]}}],"collection":[{"href":"https:\/\/www.santearmenie.org\/en\/wp-json\/wp\/v2\/pages"}],"about":[{"href":"https:\/\/www.santearmenie.org\/en\/wp-json\/wp\/v2\/types\/page"}],"author":[{"embeddable":true,"href":"https:\/\/www.santearmenie.org\/en\/wp-json\/wp\/v2\/users\/5"}],"replies":[{"embeddable":true,"href":"https:\/\/www.santearmenie.org\/en\/wp-json\/wp\/v2\/comments?post=4520"}],"version-history":[{"count":16,"href":"https:\/\/www.santearmenie.org\/en\/wp-json\/wp\/v2\/pages\/4520\/revisions"}],"predecessor-version":[{"id":5357,"href":"https:\/\/www.santearmenie.org\/en\/wp-json\/wp\/v2\/pages\/4520\/revisions\/5357"}],"up":[{"embeddable":true,"href":"https:\/\/www.santearmenie.org\/en\/wp-json\/wp\/v2\/pages\/4626"}],"wp:attachment":[{"href":"https:\/\/www.santearmenie.org\/en\/wp-json\/wp\/v2\/media?parent=4520"}],"curies":[{"name":"wp","href":"https:\/\/api.w.org\/{rel}","templated":true}]}}